{"id":70,"date":"2017-02-23T16:26:18","date_gmt":"2017-02-23T16:26:18","guid":{"rendered":"http:\/\/new.ewt.al\/?page_id=70"},"modified":"2025-10-07T10:19:21","modified_gmt":"2025-10-07T10:19:21","slug":"linja-industriale-e-trajtimit-te-ujit","status":"publish","type":"page","link":"https:\/\/ewt.al\/index.php\/linja-industriale-e-trajtimit-te-ujit\/","title":{"rendered":"Linja Industriale E Trajtimit Te Ujit"},"content":{"rendered":"<div class=\"wpb-content-wrapper\"><p>[vc_row type=&#8221;vc_default&#8221; css=&#8221;.vc_custom_1487866155596{background-color: #ffffff !important;}&#8221;][vc_column][vc_row_inner][vc_column_inner width=&#8221;1\/4&#8243;]\n<div tabindex=\"0\" id=\"interactive-banner-1-wrap-4253\" class=\"ult-banner-block ult-adjust-bottom-margin ult-bb-box  banner-style12 \"   style=\"\">\n\t<img decoding=\"async\" src=\"https:\/\/ewt.al\/wp-content\/uploads\/2017\/02\/BEiF3KA2wPtAAAAAElFTkSuQmCC.png\" alt=\"null\">\n\t<div class=\"mask opaque-background\" style=\"background:rgba(255,255,255,0.38);\">\n\t\t<div  data-ultimate-target='#interactive-banner-1-wrap-4253 .bb-description'  data-responsive-json-new='{\"font-size\":\"\",\"line-height\":\"\"}'  class=\"bb-description ult-responsive\" style=\"font-weight:normal;color:#ffffff;\"><\/div>\n\t<\/div><a class=\"bb-link\" href=\"http:\/\/ewt.al\/filtra-me-qese\/\" ><\/a>\n<\/div>[\/vc_column_inner][vc_column_inner width=&#8221;1\/4&#8243;]\n<div tabindex=\"0\" id=\"interactive-banner-1-wrap-2905\" class=\"ult-banner-block ult-adjust-bottom-margin ult-bb-box  banner-style12 \"   style=\"\">\n\t<img decoding=\"async\" src=\"https:\/\/ewt.al\/wp-content\/uploads\/2017\/02\/wh86eqCCrqAAAAABJRU5ErkJggg.png\" alt=\"null\">\n\t<div class=\"mask opaque-background\" style=\"background:rgba(255,255,255,0.38);\">\n\t\t<div  data-ultimate-target='#interactive-banner-1-wrap-2905 .bb-description'  data-responsive-json-new='{\"font-size\":\"\",\"line-height\":\"\"}'  class=\"bb-description ult-responsive\" style=\"font-weight:normal;color:#ffffff;\"><\/div>\n\t<\/div><a class=\"bb-link\" href=\"http:\/\/ewt.al\/filtrat-e-grimcave\/\" ><\/a>\n<\/div>[\/vc_column_inner][vc_column_inner width=&#8221;1\/4&#8243;]\n<div tabindex=\"0\" id=\"interactive-banner-1-wrap-6485\" class=\"ult-banner-block ult-adjust-bottom-margin ult-bb-none  banner-style12 \"   style=\"\">\n\t<img decoding=\"async\" src=\"https:\/\/ewt.al\/wp-content\/uploads\/2017\/02\/0WRz5jCJyrZ2SAwh78xfv88jwfM9EEARBEARBEARBEARBEARBEARBEARBEARBEARBEARBEARBEARBEARBEARBEARBEARBEARBEARBEARBEARBEARBEARBEARBEARBEARBEARBEARBEARBEARBEARBEARBEARBEIS5Xer5r4aCdimgAAAABJRU5ErkJggg.png\" alt=\"null\">\n\t<div class=\"mask opaque-background\" style=\"background:rgba(255,255,255,0.38);\">\n\t\t<div  data-ultimate-target='#interactive-banner-1-wrap-6485 .bb-description'  data-responsive-json-new='{\"font-size\":\"\",\"line-height\":\"\"}'  class=\"bb-description ult-responsive\" style=\"font-weight:normal;color:#ffffff;\"><\/div>\n\t<\/div>\n<\/div>[\/vc_column_inner][vc_column_inner width=&#8221;1\/4&#8243;]\n<div tabindex=\"0\" id=\"interactive-banner-1-wrap-3698\" class=\"ult-banner-block ult-adjust-bottom-margin ult-bb-box  banner-style12 \"   style=\"\">\n\t<img decoding=\"async\" src=\"https:\/\/ewt.al\/wp-content\/uploads\/2017\/02\/onoiuW4QIESJEiBAhQoQIESJEiBAhQoQIESJEiBAhQoQIEf5c8f8B7NO50rLAkAAAAASUVORK5CYII.png\" alt=\"null\">\n\t<div class=\"mask opaque-background\" style=\"background:rgba(255,255,255,0.38);\">\n\t\t<div  data-ultimate-target='#interactive-banner-1-wrap-3698 .bb-description'  data-responsive-json-new='{\"font-size\":\"\",\"line-height\":\"\"}'  class=\"bb-description ult-responsive\" style=\"font-weight:normal;color:#ffffff;\"><\/div>\n\t<\/div><a class=\"bb-link\" href=\"http:\/\/ewt.al\/njesia-sanitizer-per-heqjen-e-hekurit-me-crystal-right\/\" ><\/a>\n<\/div>[\/vc_column_inner][\/vc_row_inner][vc_separator][vc_row_inner][vc_column_inner width=&#8221;1\/4&#8243;]\n<div tabindex=\"0\" id=\"interactive-banner-1-wrap-1749\" class=\"ult-banner-block ult-adjust-bottom-margin ult-bb-box  banner-style12 \"   style=\"\">\n\t<img decoding=\"async\" src=\"https:\/\/ewt.al\/wp-content\/uploads\/2017\/02\/IIJbVftyNQAAAABJRU5ErkJggg.png\" alt=\"null\">\n\t<div class=\"mask opaque-background\" style=\"background:rgba(255,255,255,0.38);\">\n\t\t<div  data-ultimate-target='#interactive-banner-1-wrap-1749 .bb-description'  data-responsive-json-new='{\"font-size\":\"\",\"line-height\":\"\"}'  class=\"bb-description ult-responsive\" style=\"font-weight:normal;color:#ffffff;\"><\/div>\n\t<\/div><a class=\"bb-link\" href=\"http:\/\/ewt.al\/osmoza-inverse\/\" ><\/a>\n<\/div>[\/vc_column_inner][vc_column_inner width=&#8221;1\/4&#8243;]\n<div tabindex=\"0\" id=\"interactive-banner-1-wrap-9870\" class=\"ult-banner-block ult-adjust-bottom-margin ult-bb-box  banner-style12 \"   style=\"\">\n\t<img decoding=\"async\" src=\"https:\/\/ewt.al\/wp-content\/uploads\/2017\/02\/2UCus5XDFTAAAAABJRU5ErkJggg.png\" alt=\"null\">\n\t<div class=\"mask opaque-background\" style=\"background:rgba(255,255,255,0.38);\">\n\t\t<div  data-ultimate-target='#interactive-banner-1-wrap-9870 .bb-description'  data-responsive-json-new='{\"font-size\":\"\",\"line-height\":\"\"}'  class=\"bb-description ult-responsive\" style=\"font-weight:normal;color:#ffffff;\"><\/div>\n\t<\/div><a class=\"bb-link\" href=\"http:\/\/ewt.al\/elektro-dejonizimi\/\" ><\/a>\n<\/div>[\/vc_column_inner][vc_column_inner width=&#8221;1\/4&#8243;]\n<div tabindex=\"0\" id=\"interactive-banner-1-wrap-2118\" class=\"ult-banner-block ult-adjust-bottom-margin ult-bb-box  banner-style12 \"   style=\"\">\n\t<img decoding=\"async\" src=\"https:\/\/ewt.al\/wp-content\/uploads\/2017\/02\/B39R5me35JfSAAAAAElFTkSuQmCC.png\" alt=\"null\">\n\t<div class=\"mask opaque-background\" style=\"background:rgba(255,255,255,0.38);\">\n\t\t<div  data-ultimate-target='#interactive-banner-1-wrap-2118 .bb-description'  data-responsive-json-new='{\"font-size\":\"\",\"line-height\":\"\"}'  class=\"bb-description ult-responsive\" style=\"font-weight:normal;color:#ffffff;\"><\/div>\n\t<\/div><a class=\"bb-link\" href=\"http:\/\/ewt.al\/njesite-per-eliminimin-e-hekurit-dhe-magnezit\/\" ><\/a>\n<\/div>[\/vc_column_inner][vc_column_inner width=&#8221;1\/4&#8243;]\n<div tabindex=\"0\" id=\"interactive-banner-1-wrap-1077\" class=\"ult-banner-block ult-adjust-bottom-margin ult-bb-box  banner-style12 \"   style=\"\">\n\t<img decoding=\"async\" src=\"https:\/\/ewt.al\/wp-content\/uploads\/2017\/02\/ULTAFILTRI-300x300.png\" alt=\"null\">\n\t<div class=\"mask opaque-background\" style=\"background:rgba(255,255,255,0.38);\">\n\t\t<div  data-ultimate-target='#interactive-banner-1-wrap-1077 .bb-description'  data-responsive-json-new='{\"font-size\":\"\",\"line-height\":\"\"}'  class=\"bb-description ult-responsive\" style=\"font-weight:normal;color:#ffffff;\"><\/div>\n\t<\/div><a class=\"bb-link\" href=\"http:\/\/ewt.al\/ultra-filtrimi\/\" ><\/a>\n<\/div>[\/vc_column_inner][\/vc_row_inner][vc_separator][vc_row_inner][vc_column_inner width=&#8221;1\/4&#8243;]\n<div tabindex=\"0\" id=\"interactive-banner-1-wrap-2855\" class=\"ult-banner-block ult-adjust-bottom-margin ult-bb-box  banner-style12 \"   style=\"\">\n\t<img decoding=\"async\" src=\"https:\/\/ewt.al\/wp-content\/uploads\/2017\/02\/F7DynXjzGfAMAAAAAElFTkSuQmCC.png\" alt=\"null\">\n\t<div class=\"mask opaque-background\" style=\"background:rgba(255,255,255,0.38);\">\n\t\t<div  data-ultimate-target='#interactive-banner-1-wrap-2855 .bb-description'  data-responsive-json-new='{\"font-size\":\"\",\"line-height\":\"\"}'  class=\"bb-description ult-responsive\" style=\"font-weight:normal;color:#ffffff;\"><\/div>\n\t<\/div><a class=\"bb-link\" href=\"http:\/\/ewt.al\/fluid-force\/\" ><\/a>\n<\/div>[\/vc_column_inner][vc_column_inner width=&#8221;1\/4&#8243;]\n<div tabindex=\"0\" id=\"interactive-banner-1-wrap-8559\" class=\"ult-banner-block ult-adjust-bottom-margin ult-bb-box  banner-style12 \"   style=\"\">\n\t<img decoding=\"async\" src=\"https:\/\/ewt.al\/wp-content\/uploads\/2017\/02\/3Tu5VSSimllFJKKaWUUkoppZRSSimllFJKKaWbBzVAAAAQElEQVSUUkoppZRSSimllFJKKaWUUkoppZRSSimllFJKKaWUUkoppZRSSimllFJKKaWUUkoppZRSSimllPoiz9lRTRuD3tdWAAAAABJRU5ErkJggg.png\" alt=\"null\">\n\t<div class=\"mask opaque-background\" style=\"background:rgba(255,255,255,0.38);\">\n\t\t<div  data-ultimate-target='#interactive-banner-1-wrap-8559 .bb-description'  data-responsive-json-new='{\"font-size\":\"\",\"line-height\":\"\"}'  class=\"bb-description ult-responsive\" style=\"font-weight:normal;color:#ffffff;\"><\/div>\n\t<\/div><a class=\"bb-link\" href=\"http:\/\/ewt.al\/ultra-violet\/\" ><\/a>\n<\/div>[\/vc_column_inner][vc_column_inner width=&#8221;1\/4&#8243;]\n<div tabindex=\"0\" id=\"interactive-banner-1-wrap-7935\" class=\"ult-banner-block ult-adjust-bottom-margin ult-bb-box  banner-style12 \"   style=\"\">\n\t<img decoding=\"async\" src=\"https:\/\/ewt.al\/wp-content\/uploads\/2017\/02\/wd4qC0S6HEHAgAAAABJRU5ErkJggg.png\" alt=\"null\">\n\t<div class=\"mask opaque-background\" style=\"background:rgba(255,255,255,0.38);\">\n\t\t<div  data-ultimate-target='#interactive-banner-1-wrap-7935 .bb-description'  data-responsive-json-new='{\"font-size\":\"\",\"line-height\":\"\"}'  class=\"bb-description ult-responsive\" style=\"font-weight:normal;color:#ffffff;\"><\/div>\n\t<\/div><a class=\"bb-link\" href=\"http:\/\/ewt.al\/zbutesa-uji\/\" ><\/a>\n<\/div>[\/vc_column_inner][vc_column_inner width=&#8221;1\/4&#8243;]\n<div tabindex=\"0\" id=\"interactive-banner-1-wrap-4290\" class=\"ult-banner-block ult-adjust-bottom-margin ult-bb-box  banner-style12 \"   style=\"\">\n\t<img decoding=\"async\" src=\"https:\/\/ewt.al\/wp-content\/uploads\/2017\/02\/mCvZGupycLz9s0gSeaT3Kx7PN9lvbkzl9qTq4cxyv6aUdKSMtO2h53yj2M7AAAAAAAAAAAAAAAAAAAAAAAAAAAAAAAAAAAAAAAAAAD8D64B2i1aNZPvuEcAAAAASUVORK5CYII.png\" alt=\"null\">\n\t<div class=\"mask opaque-background\" style=\"background:rgba(255,255,255,0.38);\">\n\t\t<div  data-ultimate-target='#interactive-banner-1-wrap-4290 .bb-description'  data-responsive-json-new='{\"font-size\":\"\",\"line-height\":\"\"}'  class=\"bb-description ult-responsive\" style=\"font-weight:normal;color:#ffffff;\"><\/div>\n\t<\/div><a class=\"bb-link\" href=\"http:\/\/ewt.al\/filtra-me-karbon-aktiv\/\" ><\/a>\n<\/div>[\/vc_column_inner][\/vc_row_inner][vc_separator][vc_row_inner][vc_column_inner width=&#8221;1\/4&#8243;][\/vc_column_inner][vc_column_inner width=&#8221;1\/4&#8243;]\n<div tabindex=\"0\" id=\"interactive-banner-1-wrap-6649\" class=\"ult-banner-block ult-adjust-bottom-margin ult-bb-box  banner-style12 \"   style=\"\">\n\t<img decoding=\"async\" src=\"https:\/\/ewt.al\/wp-content\/uploads\/2017\/02\/CB2RFONRLyzAAAAAElFTkSuQmCC.png\" alt=\"null\">\n\t<div class=\"mask opaque-background\" style=\"background:rgba(255,255,255,0.38);\">\n\t\t<div  data-ultimate-target='#interactive-banner-1-wrap-6649 .bb-description'  data-responsive-json-new='{\"font-size\":\"\",\"line-height\":\"\"}'  class=\"bb-description ult-responsive\" style=\"font-weight:normal;color:#ffffff;\"><\/div>\n\t<\/div><a class=\"bb-link\" href=\"http:\/\/ewt.al\/filtrat-e-reres\/\" ><\/a>\n<\/div>[\/vc_column_inner][vc_column_inner width=&#8221;1\/4&#8243;]\n<div tabindex=\"0\" id=\"interactive-banner-1-wrap-6511\" class=\"ult-banner-block ult-adjust-bottom-margin ult-bb-box  banner-style12 \"   style=\"\">\n\t<img decoding=\"async\" src=\"https:\/\/ewt.al\/wp-content\/uploads\/2017\/02\/Tk4JJCQE3gAAAAASUVORK5CYII.png\" alt=\"null\">\n\t<div class=\"mask opaque-background\" style=\"background:rgba(255,255,255,0.38);\">\n\t\t<div  data-ultimate-target='#interactive-banner-1-wrap-6511 .bb-description'  data-responsive-json-new='{\"font-size\":\"\",\"line-height\":\"\"}'  class=\"bb-description ult-responsive\" style=\"font-weight:normal;color:#ffffff;\"><\/div>\n\t<\/div><a class=\"bb-link\" ><\/a>\n<\/div>[\/vc_column_inner][vc_column_inner width=&#8221;1\/4&#8243;][\/vc_column_inner][\/vc_row_inner][\/vc_column][\/vc_row]<\/p>\n<\/div>","protected":false},"excerpt":{"rendered":"<p>[vc_row type=&#8221;vc_default&#8221; css=&#8221;.vc_custom_1487866155596{background-color: #ffffff !important;}&#8221;][vc_column][vc_row_inner][vc_column_inner width=&#8221;1\/4&#8243;][\/vc_column_inner][vc_column_inner width=&#8221;1\/4&#8243;][\/vc_column_inner][vc_column_inner width=&#8221;1\/4&#8243;][\/vc_column_inner][vc_column_inner width=&#8221;1\/4&#8243;][\/vc_column_inner][\/vc_row_inner][vc_separator][vc_row_inner][vc_column_inner width=&#8221;1\/4&#8243;][\/vc_column_inner][vc_column_inner width=&#8221;1\/4&#8243;][\/vc_column_inner][vc_column_inner width=&#8221;1\/4&#8243;][\/vc_column_inner][vc_column_inner width=&#8221;1\/4&#8243;][\/vc_column_inner][\/vc_row_inner][vc_separator][vc_row_inner][vc_column_inner width=&#8221;1\/4&#8243;][\/vc_column_inner][vc_column_inner width=&#8221;1\/4&#8243;][\/vc_column_inner][vc_column_inner width=&#8221;1\/4&#8243;][\/vc_column_inner][vc_column_inner width=&#8221;1\/4&#8243;][\/vc_column_inner][\/vc_row_inner][vc_separator][vc_row_inner][vc_column_inner width=&#8221;1\/4&#8243;][\/vc_column_inner][vc_column_inner width=&#8221;1\/4&#8243;][\/vc_column_inner][vc_column_inner width=&#8221;1\/4&#8243;][\/vc_column_inner][vc_column_inner width=&#8221;1\/4&#8243;][\/vc_column_inner][\/vc_row_inner][\/vc_column][\/vc_row]<\/p>\n","protected":false},"author":2,"featured_media":0,"parent":0,"menu_order":0,"comment_status":"closed","ping_status":"closed","template":"","meta":{"footnotes":""},"class_list":["post-70","page","type-page","status-publish","hentry","description-off"],"yoast_head":"<!-- This site is optimized with the Yoast SEO plugin v26.7 - https:\/\/yoast.com\/wordpress\/plugins\/seo\/ -->\n<title>Linja Industriale e Trajtimit t\u00eb Ujit | EWT Albania<\/title>\n<meta name=\"description\" content=\"EWT Albania ofron linja industriale p\u00ebr trajtimin e ujit \u2013 sisteme profesionale p\u00ebr filtrimin, dezinfektimin dhe p\u00ebrpunimin e ujit n\u00eb fabrika, industri dhe institucione.\" \/>\n<meta name=\"robots\" content=\"index, follow, max-snippet:-1, max-image-preview:large, max-video-preview:-1\" \/>\n<link rel=\"canonical\" href=\"https:\/\/ewt.al\/index.php\/linja-industriale-e-trajtimit-te-ujit\/\" \/>\n<meta property=\"og:locale\" content=\"sq_AL\" \/>\n<meta property=\"og:type\" content=\"article\" \/>\n<meta property=\"og:title\" content=\"Linja Industriale e Trajtimit t\u00eb Ujit | EWT Albania\" \/>\n<meta property=\"og:description\" content=\"EWT Albania ofron linja industriale p\u00ebr trajtimin e ujit \u2013 sisteme profesionale p\u00ebr filtrimin, dezinfektimin dhe p\u00ebrpunimin e ujit n\u00eb fabrika, industri dhe institucione.\" \/>\n<meta property=\"og:url\" content=\"https:\/\/ewt.al\/index.php\/linja-industriale-e-trajtimit-te-ujit\/\" \/>\n<meta property=\"og:site_name\" content=\"EWT\" \/>\n<meta property=\"article:modified_time\" content=\"2025-10-07T10:19:21+00:00\" \/>\n<meta name=\"twitter:card\" content=\"summary_large_image\" \/>\n<meta name=\"twitter:label1\" content=\"Est. reading time\" \/>\n\t<meta name=\"twitter:data1\" content=\"1 minut\u00eb\" \/>\n<script type=\"application\/ld+json\" class=\"yoast-schema-graph\">{\"@context\":\"https:\/\/schema.org\",\"@graph\":[{\"@type\":\"WebPage\",\"@id\":\"https:\/\/ewt.al\/index.php\/linja-industriale-e-trajtimit-te-ujit\/\",\"url\":\"https:\/\/ewt.al\/index.php\/linja-industriale-e-trajtimit-te-ujit\/\",\"name\":\"Linja Industriale e Trajtimit t\u00eb Ujit | EWT Albania\",\"isPartOf\":{\"@id\":\"https:\/\/ewt.al\/#website\"},\"datePublished\":\"2017-02-23T16:26:18+00:00\",\"dateModified\":\"2025-10-07T10:19:21+00:00\",\"description\":\"EWT Albania ofron linja industriale p\u00ebr trajtimin e ujit \u2013 sisteme profesionale p\u00ebr filtrimin, dezinfektimin dhe p\u00ebrpunimin e ujit n\u00eb fabrika, industri dhe institucione.\",\"breadcrumb\":{\"@id\":\"https:\/\/ewt.al\/index.php\/linja-industriale-e-trajtimit-te-ujit\/#breadcrumb\"},\"inLanguage\":\"sq\",\"potentialAction\":[{\"@type\":\"ReadAction\",\"target\":[\"https:\/\/ewt.al\/index.php\/linja-industriale-e-trajtimit-te-ujit\/\"]}]},{\"@type\":\"BreadcrumbList\",\"@id\":\"https:\/\/ewt.al\/index.php\/linja-industriale-e-trajtimit-te-ujit\/#breadcrumb\",\"itemListElement\":[{\"@type\":\"ListItem\",\"position\":1,\"name\":\"Home\",\"item\":\"https:\/\/ewt.al\/\"},{\"@type\":\"ListItem\",\"position\":2,\"name\":\"Linja Industriale E Trajtimit Te Ujit\"}]},{\"@type\":\"WebSite\",\"@id\":\"https:\/\/ewt.al\/#website\",\"url\":\"https:\/\/ewt.al\/\",\"name\":\"EWT\",\"description\":\"European Water Technologies\",\"potentialAction\":[{\"@type\":\"SearchAction\",\"target\":{\"@type\":\"EntryPoint\",\"urlTemplate\":\"https:\/\/ewt.al\/?s={search_term_string}\"},\"query-input\":{\"@type\":\"PropertyValueSpecification\",\"valueRequired\":true,\"valueName\":\"search_term_string\"}}],\"inLanguage\":\"sq\"}]}<\/script>\n<!-- \/ Yoast SEO plugin. -->","yoast_head_json":{"title":"Linja Industriale e Trajtimit t\u00eb Ujit | EWT Albania","description":"EWT Albania ofron linja industriale p\u00ebr trajtimin e ujit \u2013 sisteme profesionale p\u00ebr filtrimin, dezinfektimin dhe p\u00ebrpunimin e ujit n\u00eb fabrika, industri dhe institucione.","robots":{"index":"index","follow":"follow","max-snippet":"max-snippet:-1","max-image-preview":"max-image-preview:large","max-video-preview":"max-video-preview:-1"},"canonical":"https:\/\/ewt.al\/index.php\/linja-industriale-e-trajtimit-te-ujit\/","og_locale":"sq_AL","og_type":"article","og_title":"Linja Industriale e Trajtimit t\u00eb Ujit | EWT Albania","og_description":"EWT Albania ofron linja industriale p\u00ebr trajtimin e ujit \u2013 sisteme profesionale p\u00ebr filtrimin, dezinfektimin dhe p\u00ebrpunimin e ujit n\u00eb fabrika, industri dhe institucione.","og_url":"https:\/\/ewt.al\/index.php\/linja-industriale-e-trajtimit-te-ujit\/","og_site_name":"EWT","article_modified_time":"2025-10-07T10:19:21+00:00","twitter_card":"summary_large_image","twitter_misc":{"Est. reading time":"1 minut\u00eb"},"schema":{"@context":"https:\/\/schema.org","@graph":[{"@type":"WebPage","@id":"https:\/\/ewt.al\/index.php\/linja-industriale-e-trajtimit-te-ujit\/","url":"https:\/\/ewt.al\/index.php\/linja-industriale-e-trajtimit-te-ujit\/","name":"Linja Industriale e Trajtimit t\u00eb Ujit | EWT Albania","isPartOf":{"@id":"https:\/\/ewt.al\/#website"},"datePublished":"2017-02-23T16:26:18+00:00","dateModified":"2025-10-07T10:19:21+00:00","description":"EWT Albania ofron linja industriale p\u00ebr trajtimin e ujit \u2013 sisteme profesionale p\u00ebr filtrimin, dezinfektimin dhe p\u00ebrpunimin e ujit n\u00eb fabrika, industri dhe institucione.","breadcrumb":{"@id":"https:\/\/ewt.al\/index.php\/linja-industriale-e-trajtimit-te-ujit\/#breadcrumb"},"inLanguage":"sq","potentialAction":[{"@type":"ReadAction","target":["https:\/\/ewt.al\/index.php\/linja-industriale-e-trajtimit-te-ujit\/"]}]},{"@type":"BreadcrumbList","@id":"https:\/\/ewt.al\/index.php\/linja-industriale-e-trajtimit-te-ujit\/#breadcrumb","itemListElement":[{"@type":"ListItem","position":1,"name":"Home","item":"https:\/\/ewt.al\/"},{"@type":"ListItem","position":2,"name":"Linja Industriale E Trajtimit Te Ujit"}]},{"@type":"WebSite","@id":"https:\/\/ewt.al\/#website","url":"https:\/\/ewt.al\/","name":"EWT","description":"European Water Technologies","potentialAction":[{"@type":"SearchAction","target":{"@type":"EntryPoint","urlTemplate":"https:\/\/ewt.al\/?s={search_term_string}"},"query-input":{"@type":"PropertyValueSpecification","valueRequired":true,"valueName":"search_term_string"}}],"inLanguage":"sq"}]}},"_links":{"self":[{"href":"https:\/\/ewt.al\/index.php\/wp-json\/wp\/v2\/pages\/70","targetHints":{"allow":["GET"]}}],"collection":[{"href":"https:\/\/ewt.al\/index.php\/wp-json\/wp\/v2\/pages"}],"about":[{"href":"https:\/\/ewt.al\/index.php\/wp-json\/wp\/v2\/types\/page"}],"author":[{"embeddable":true,"href":"https:\/\/ewt.al\/index.php\/wp-json\/wp\/v2\/users\/2"}],"replies":[{"embeddable":true,"href":"https:\/\/ewt.al\/index.php\/wp-json\/wp\/v2\/comments?post=70"}],"version-history":[{"count":25,"href":"https:\/\/ewt.al\/index.php\/wp-json\/wp\/v2\/pages\/70\/revisions"}],"predecessor-version":[{"id":346,"href":"https:\/\/ewt.al\/index.php\/wp-json\/wp\/v2\/pages\/70\/revisions\/346"}],"wp:attachment":[{"href":"https:\/\/ewt.al\/index.php\/wp-json\/wp\/v2\/media?parent=70"}],"curies":[{"name":"wp","href":"https:\/\/api.w.org\/{rel}","templated":true}]}}