{"id":7,"date":"2017-02-23T11:28:03","date_gmt":"2017-02-23T11:28:03","guid":{"rendered":"http:\/\/new.ewt.al\/?page_id=7"},"modified":"2025-10-07T08:00:55","modified_gmt":"2025-10-07T08:00:55","slug":"kreu","status":"publish","type":"page","link":"https:\/\/ewt.al\/","title":{"rendered":"Kreu"},"content":{"rendered":"<div class=\"wpb-content-wrapper\"><p>[vc_row type=&#8221;vc_default&#8221; css=&#8221;.vc_custom_1487862887938{background-color: #ffffff !important;}&#8221;][vc_column][vc_column_text]KompaniaE.W.T. e specializuar n\u00eb Trajtimin e Ujit p\u00ebr aplikime Industriale, Bashkiake, Komunale, Hotele, Pallate, Sht\u00ebpi, etj.<\/p>\n<p>&#8211;\u00a0\u00a0\u00a0\u00a0\u00a0\u00a0\u00a0\u00a0\u00a0 <strong>Furnizim me Pajisje.<\/strong><\/p>\n<p>&#8211;\u00a0\u00a0\u00a0\u00a0\u00a0\u00a0\u00a0\u00a0\u00a0 <strong>Projektim dhe nd\u00ebrtim p\u00ebr sistemet e Trajtimit t\u00eb Ujit.<\/strong><\/p>\n<p>&#8211;\u00a0\u00a0\u00a0\u00a0\u00a0\u00a0\u00a0\u00a0\u00a0 <strong>Furnizim me pjes<\/strong><strong>\u00eb<\/strong><strong> k<\/strong><strong>\u00eb<\/strong><strong>mbimi.<\/strong><\/p>\n<p>&#8211;\u00a0\u00a0\u00a0\u00a0\u00a0\u00a0\u00a0\u00a0\u00a0 <strong>Mir<\/strong><strong>\u00eb<\/strong><strong>mbajtje dhe riparime.<\/strong><\/p>\n<p>&#8211;\u00a0\u00a0\u00a0\u00a0\u00a0\u00a0\u00a0\u00a0\u00a0 <strong>Mb<\/strong><strong>\u00eb<\/strong><strong>shtetje teknike post-shitje.<\/strong><\/p>\n<p>N\u00eb bashk\u00ebpunim me kompanin\u00eb Belge EURAQUA (Pollet Group), ne mund tju ofrojm\u00eb dhe:<\/p>\n<p>&#8211;\u00a0\u00a0\u00a0\u00a0\u00a0\u00a0\u00a0\u00a0\u00a0 <strong>Standarte Europiane t\u00eb certifikuara p\u00ebr origjin\u00ebn dhe prodhimin e produkteve tona.<\/strong><\/p>\n<p>&#8211;\u00a0\u00a0\u00a0\u00a0\u00a0\u00a0\u00a0\u00a0\u00a0 <strong>Zgjidhje me eficenc\u00eb t\u00eb lart\u00eb.<\/strong><\/p>\n<p>&#8211;\u00a0\u00a0\u00a0\u00a0\u00a0\u00a0\u00a0\u00a0\u00a0 <strong>Pajisje me cil\u00ebsi t\u00eb lart\u00eb.<\/strong><\/p>\n<p>&#8211;\u00a0\u00a0\u00a0\u00a0\u00a0\u00a0\u00a0\u00a0\u00a0 <strong>Deri n<\/strong><strong>\u00eb<\/strong><strong> 4 vite garanci.<\/strong><\/p>\n<p>&#8211;\u00a0\u00a0\u00a0\u00a0\u00a0\u00a0\u00a0\u00a0\u00a0 <strong>Mb\u00ebshtetje p\u00ebr zgjedhjen m\u00eb optimale tekniko-ekonomike p\u00ebr cdo rast tuajin.<\/strong><\/p>\n<p>&#8211;\u00a0\u00a0\u00a0\u00a0\u00a0\u00a0\u00a0\u00a0\u00a0 <strong>Cmime konkuruese.<\/strong><\/p>\n<p>&#8211;\u00a0\u00a0\u00a0\u00a0\u00a0\u00a0\u00a0\u00a0\u00a0 <strong>Analiza laboratorike p\u00ebr p\u00ebrcaktimin e cilesis\u00eb t\u00eb ujit tuaj.<\/strong><\/p>\n<p>Sic dihet, problemet me ujin ndryshojn\u00eb sipas zonave dhe lloji i trajtimit varet nga p\u00ebrdorimi i ujit t\u00eb trajtuar.P\u00ebr k\u00ebt\u00eb arsye, ajo q\u00eb kompania jon\u00eb ofron dhe k\u00ebrkon \u00ebsht\u00eb:<\/p>\n<p>&#8211;\u00a0\u00a0\u00a0\u00a0\u00a0\u00a0\u00a0\u00a0\u00a0 <strong>Njohuri t\u00eb plot\u00eb e subjektit, kjo bazuar n\u00eb eksperienc\u00ebn ton\u00eb t\u00eb madhe.<\/strong><\/p>\n<p>&#8211;\u00a0\u00a0\u00a0\u00a0\u00a0\u00a0\u00a0\u00a0\u00a0 <strong>Zgjedhje midis nj\u00eb game t\u00eb gjer\u00eb pajisjesh n\u00eb var\u00ebsi t\u00eb rastit.<\/strong><\/p>\n<p>&#8211;\u00a0\u00a0\u00a0\u00a0\u00a0\u00a0\u00a0\u00a0\u00a0 <strong>Zgjidhje t\u00eb zgjuara sipas rastit.<\/strong><\/p>\n<p>&#8211;\u00a0\u00a0\u00a0\u00a0\u00a0\u00a0\u00a0\u00a0\u00a0 <strong>Mb<\/strong><strong>\u00eb<\/strong><strong>shtetje teknike post-shitje.<\/strong><\/p>\n<p>&#8211;\u00a0\u00a0\u00a0\u00a0\u00a0\u00a0\u00a0\u00a0\u00a0 <strong>Garanci p\u00ebr nj\u00eb koh\u00eb t\u00eb gjat\u00eb.<\/strong><\/p>\n<p><strong>P\u00ebr secil\u00ebn nga pikat e m\u00ebsip\u00ebrme, jeni t\u00eb lutur t\u00eb k\u00ebrkoni propozimin ton\u00eb pa asnje detyrim.<\/strong><\/p>\n<p><strong>\u00a0<\/strong>Personeli yn\u00eb me experienc\u00eb teknike dhe shkencore, bashk\u00eb me organizimin ton\u00eb t\u00eb p\u00ebrkryer, jan\u00eb n\u00eb dispozicionin tuaj.[\/vc_column_text][\/vc_column][\/vc_row]<\/p>\n<\/div>","protected":false},"excerpt":{"rendered":"<p>[vc_row type=&#8221;vc_default&#8221; css=&#8221;.vc_custom_1487862887938{background-color: #ffffff !important;}&#8221;][vc_column][vc_column_text]KompaniaE.W.T. e specializuar n\u00eb Trajtimin e Ujit p\u00ebr aplikime Industriale, Bashkiake, Komunale, Hotele, Pallate, Sht\u00ebpi, etj. &#8211;\u00a0\u00a0\u00a0\u00a0\u00a0\u00a0\u00a0\u00a0\u00a0 Furnizim me Pajisje. &#8211;\u00a0\u00a0\u00a0\u00a0\u00a0\u00a0\u00a0\u00a0\u00a0 Projektim dhe nd\u00ebrtim p\u00ebr sistemet e Trajtimit t\u00eb Ujit. &#8211;\u00a0\u00a0\u00a0\u00a0\u00a0\u00a0\u00a0\u00a0\u00a0 Furnizim me pjes\u00eb k\u00ebmbimi. &#8211;\u00a0\u00a0\u00a0\u00a0\u00a0\u00a0\u00a0\u00a0\u00a0 Mir\u00ebmbajtje dhe riparime. &#8211;\u00a0\u00a0\u00a0\u00a0\u00a0\u00a0\u00a0\u00a0\u00a0 Mb\u00ebshtetje teknike post-shitje. N\u00eb bashk\u00ebpunim me kompanin\u00eb Belge EURAQUA (Pollet Group),&hellip;<\/p>\n","protected":false},"author":2,"featured_media":0,"parent":0,"menu_order":0,"comment_status":"closed","ping_status":"closed","template":"","meta":{"footnotes":""},"class_list":["post-7","page","type-page","status-publish","hentry","description-off"],"yoast_head":"<!-- This site is optimized with the Yoast SEO plugin v26.7 - https:\/\/yoast.com\/wordpress\/plugins\/seo\/ -->\n<title>EWT \u2013 Trajtimi i Ujit n\u00eb Shqip\u00ebri | Pajisje &amp; Sh\u00ebrbime Profesionale<\/title>\n<meta name=\"description\" content=\"EWT ofron zgjidhje profesionale p\u00ebr trajtimin e ujit: filtra, ozon\u00eb, ultraviolet\u00eb, sisteme industriale dhe sht\u00ebpiake.\" \/>\n<meta name=\"robots\" content=\"index, follow, max-snippet:-1, max-image-preview:large, max-video-preview:-1\" \/>\n<link rel=\"canonical\" href=\"https:\/\/ewt.al\/\" \/>\n<meta property=\"og:locale\" content=\"sq_AL\" \/>\n<meta property=\"og:type\" content=\"article\" \/>\n<meta property=\"og:title\" content=\"EWT \u2013 Trajtimi i Ujit n\u00eb Shqip\u00ebri | Pajisje &amp; Sh\u00ebrbime Profesionale\" \/>\n<meta property=\"og:description\" content=\"EWT ofron zgjidhje profesionale p\u00ebr trajtimin e ujit: filtra, ozon\u00eb, ultraviolet\u00eb, sisteme industriale dhe sht\u00ebpiake.\" \/>\n<meta property=\"og:url\" content=\"https:\/\/ewt.al\/\" \/>\n<meta property=\"og:site_name\" content=\"EWT\" \/>\n<meta property=\"article:modified_time\" content=\"2025-10-07T08:00:55+00:00\" \/>\n<meta name=\"twitter:card\" content=\"summary_large_image\" \/>\n<meta name=\"twitter:label1\" content=\"Est. reading time\" \/>\n\t<meta name=\"twitter:data1\" content=\"1 minut\u00eb\" \/>\n<script type=\"application\/ld+json\" class=\"yoast-schema-graph\">{\"@context\":\"https:\/\/schema.org\",\"@graph\":[{\"@type\":\"WebPage\",\"@id\":\"https:\/\/ewt.al\/\",\"url\":\"https:\/\/ewt.al\/\",\"name\":\"EWT \u2013 Trajtimi i Ujit n\u00eb Shqip\u00ebri | Pajisje & Sh\u00ebrbime Profesionale\",\"isPartOf\":{\"@id\":\"https:\/\/ewt.al\/#website\"},\"datePublished\":\"2017-02-23T11:28:03+00:00\",\"dateModified\":\"2025-10-07T08:00:55+00:00\",\"description\":\"EWT ofron zgjidhje profesionale p\u00ebr trajtimin e ujit: filtra, ozon\u00eb, ultraviolet\u00eb, sisteme industriale dhe sht\u00ebpiake.\",\"breadcrumb\":{\"@id\":\"https:\/\/ewt.al\/#breadcrumb\"},\"inLanguage\":\"sq\",\"potentialAction\":[{\"@type\":\"ReadAction\",\"target\":[\"https:\/\/ewt.al\/\"]}]},{\"@type\":\"BreadcrumbList\",\"@id\":\"https:\/\/ewt.al\/#breadcrumb\",\"itemListElement\":[{\"@type\":\"ListItem\",\"position\":1,\"name\":\"Home\",\"item\":\"https:\/\/ewt.al\/\"},{\"@type\":\"ListItem\",\"position\":2,\"name\":\"Kreu\"}]},{\"@type\":\"WebSite\",\"@id\":\"https:\/\/ewt.al\/#website\",\"url\":\"https:\/\/ewt.al\/\",\"name\":\"EWT\",\"description\":\"European Water Technologies\",\"potentialAction\":[{\"@type\":\"SearchAction\",\"target\":{\"@type\":\"EntryPoint\",\"urlTemplate\":\"https:\/\/ewt.al\/?s={search_term_string}\"},\"query-input\":{\"@type\":\"PropertyValueSpecification\",\"valueRequired\":true,\"valueName\":\"search_term_string\"}}],\"inLanguage\":\"sq\"}]}<\/script>\n<!-- \/ Yoast SEO plugin. -->","yoast_head_json":{"title":"EWT \u2013 Trajtimi i Ujit n\u00eb Shqip\u00ebri | Pajisje & Sh\u00ebrbime Profesionale","description":"EWT ofron zgjidhje profesionale p\u00ebr trajtimin e ujit: filtra, ozon\u00eb, ultraviolet\u00eb, sisteme industriale dhe sht\u00ebpiake.","robots":{"index":"index","follow":"follow","max-snippet":"max-snippet:-1","max-image-preview":"max-image-preview:large","max-video-preview":"max-video-preview:-1"},"canonical":"https:\/\/ewt.al\/","og_locale":"sq_AL","og_type":"article","og_title":"EWT \u2013 Trajtimi i Ujit n\u00eb Shqip\u00ebri | Pajisje & Sh\u00ebrbime Profesionale","og_description":"EWT ofron zgjidhje profesionale p\u00ebr trajtimin e ujit: filtra, ozon\u00eb, ultraviolet\u00eb, sisteme industriale dhe sht\u00ebpiake.","og_url":"https:\/\/ewt.al\/","og_site_name":"EWT","article_modified_time":"2025-10-07T08:00:55+00:00","twitter_card":"summary_large_image","twitter_misc":{"Est. reading time":"1 minut\u00eb"},"schema":{"@context":"https:\/\/schema.org","@graph":[{"@type":"WebPage","@id":"https:\/\/ewt.al\/","url":"https:\/\/ewt.al\/","name":"EWT \u2013 Trajtimi i Ujit n\u00eb Shqip\u00ebri | Pajisje & Sh\u00ebrbime Profesionale","isPartOf":{"@id":"https:\/\/ewt.al\/#website"},"datePublished":"2017-02-23T11:28:03+00:00","dateModified":"2025-10-07T08:00:55+00:00","description":"EWT ofron zgjidhje profesionale p\u00ebr trajtimin e ujit: filtra, ozon\u00eb, ultraviolet\u00eb, sisteme industriale dhe sht\u00ebpiake.","breadcrumb":{"@id":"https:\/\/ewt.al\/#breadcrumb"},"inLanguage":"sq","potentialAction":[{"@type":"ReadAction","target":["https:\/\/ewt.al\/"]}]},{"@type":"BreadcrumbList","@id":"https:\/\/ewt.al\/#breadcrumb","itemListElement":[{"@type":"ListItem","position":1,"name":"Home","item":"https:\/\/ewt.al\/"},{"@type":"ListItem","position":2,"name":"Kreu"}]},{"@type":"WebSite","@id":"https:\/\/ewt.al\/#website","url":"https:\/\/ewt.al\/","name":"EWT","description":"European Water Technologies","potentialAction":[{"@type":"SearchAction","target":{"@type":"EntryPoint","urlTemplate":"https:\/\/ewt.al\/?s={search_term_string}"},"query-input":{"@type":"PropertyValueSpecification","valueRequired":true,"valueName":"search_term_string"}}],"inLanguage":"sq"}]}},"_links":{"self":[{"href":"https:\/\/ewt.al\/index.php\/wp-json\/wp\/v2\/pages\/7","targetHints":{"allow":["GET"]}}],"collection":[{"href":"https:\/\/ewt.al\/index.php\/wp-json\/wp\/v2\/pages"}],"about":[{"href":"https:\/\/ewt.al\/index.php\/wp-json\/wp\/v2\/types\/page"}],"author":[{"embeddable":true,"href":"https:\/\/ewt.al\/index.php\/wp-json\/wp\/v2\/users\/2"}],"replies":[{"embeddable":true,"href":"https:\/\/ewt.al\/index.php\/wp-json\/wp\/v2\/comments?post=7"}],"version-history":[{"count":2,"href":"https:\/\/ewt.al\/index.php\/wp-json\/wp\/v2\/pages\/7\/revisions"}],"predecessor-version":[{"id":38,"href":"https:\/\/ewt.al\/index.php\/wp-json\/wp\/v2\/pages\/7\/revisions\/38"}],"wp:attachment":[{"href":"https:\/\/ewt.al\/index.php\/wp-json\/wp\/v2\/media?parent=7"}],"curies":[{"name":"wp","href":"https:\/\/api.w.org\/{rel}","templated":true}]}}