{"id":634,"date":"2017-02-27T11:51:01","date_gmt":"2017-02-27T11:51:01","guid":{"rendered":"http:\/\/www.ewt.al\/?page_id=634&#038;lang=en"},"modified":"2017-02-27T11:51:01","modified_gmt":"2017-02-27T11:51:01","slug":"sanitizer-unit-for-removing-iron-with-crystal-right","status":"publish","type":"page","link":"https:\/\/ewt.al\/index.php\/sanitizer-unit-for-removing-iron-with-crystal-right\/?lang=en","title":{"rendered":"SANITIZER UNIT FOR REMOVING IRON WITH CRYSTAL RIGHT"},"content":{"rendered":"<div class=\"wpb-content-wrapper\"><p>[vc_row type=&#8221;vc_default&#8221; css=&#8221;.vc_custom_1487927698209{background-color: #ffffff !important;}&#8221;][vc_column width=&#8221;1\/3&#8243;][vc_single_image image=&#8221;320&#8243; img_size=&#8221;full&#8221; onclick=&#8221;link_image&#8221;][vc_single_image image=&#8221;321&#8243; img_size=&#8221;full&#8221; onclick=&#8221;link_image&#8221;][\/vc_column][vc_column width=&#8221;2\/3&#8243;][vc_column_text]Sanitizer \u00ebsht\u00eb nj\u00eb sistem trajtimi uji multifunksional i\u00a0cili eliminon hekurin, magnezin, ul fort\u00ebsin\u00eb e ujit, rrit pH\u00a0dhe dezinfekton automatikisht vetveten gjat\u00eb rigjenerimit.\u00a0Sekreti qendron n\u00eb dy teknologji t\u00eb vecanta inxhinierike.<br \/>\n\u2022Nj\u00eb gjenerues i ri klori, nj\u00eb pajisje e patentuar q\u00eb\u00a0p\u00ebrdor krip\u00ebn ekzistuese p\u00ebr prodhimin e sasirave\u00a0t\u00eb kontrolluara t\u00eb klorit dhe sjell dezinfektimin e gjith\u00eb\u00a0sistemit. Nuk ka nevoj\u00eb p\u00ebr shtim t\u00eb kimikateve t\u00eb tjera,\u00a0nuk ka nevoj\u00eb p\u00ebr krip\u00eb speciale dhe nuk ka nevoj\u00eb\u00a0p\u00ebr blerjen e asnj\u00eb pajisje shtes\u00eb. Procesi i dezinfektimit\u00a0aktivizohet sa her\u00eb q\u00eb sistemi rigjenerohet.<br \/>\n\u2022 M\u00eb pas vjen perdorimi i Crystal-Right, nj\u00eb mjet unik\u00a0q\u00eb eliminon nivelet e larta t\u00eb hekurit dhe magnezit, rrit pH,\u00a0ul nivelet e amoniakut dhe parapraksiht ul fort\u00ebsin\u00eb e ujit\u00a0n\u00ebp\u00ebrmjet nj\u00eb rigjenerimi t\u00eb thjesht\u00eb me krip\u00eb. Crystal-\u00a0Right gjithashtu \u00ebsht\u00eb zbut\u00ebsi i vet\u00ebm n\u00eb p\u00ebrdorim\u00a0q\u00eb nuk c\u00ebnohet nga klori. E gjitha kjo \u00ebsht\u00eb e p\u00ebrfshir\u00eb\u00a0n\u00eb nj\u00eb sistem t\u00eb vet\u00ebm dhe ultramodern.[\/vc_column_text][\/vc_column][\/vc_row]<\/p>\n<\/div>","protected":false},"excerpt":{"rendered":"<p>[vc_row type=&#8221;vc_default&#8221; css=&#8221;.vc_custom_1487927698209{background-color: #ffffff !important;}&#8221;][vc_column width=&#8221;1\/3&#8243;][vc_single_image image=&#8221;320&#8243; img_size=&#8221;full&#8221; onclick=&#8221;link_image&#8221;][vc_single_image image=&#8221;321&#8243; img_size=&#8221;full&#8221; onclick=&#8221;link_image&#8221;][\/vc_column][vc_column width=&#8221;2\/3&#8243;][vc_column_text]Sanitizer \u00ebsht\u00eb nj\u00eb sistem trajtimi uji multifunksional i\u00a0cili eliminon hekurin, magnezin, ul fort\u00ebsin\u00eb e ujit, rrit pH\u00a0dhe dezinfekton automatikisht vetveten gjat\u00eb rigjenerimit.\u00a0Sekreti qendron n\u00eb dy teknologji t\u00eb vecanta inxhinierike. \u2022Nj\u00eb gjenerues i ri klori, nj\u00eb pajisje e patentuar q\u00eb\u00a0p\u00ebrdor krip\u00ebn ekzistuese p\u00ebr prodhimin&hellip;<\/p>\n","protected":false},"author":2,"featured_media":0,"parent":0,"menu_order":0,"comment_status":"closed","ping_status":"closed","template":"","meta":{"footnotes":""},"class_list":["post-634","page","type-page","status-publish","hentry","description-off"],"yoast_head":"<!-- This site is optimized with the Yoast SEO plugin v26.7 - https:\/\/yoast.com\/wordpress\/plugins\/seo\/ -->\n<title>SANITIZER UNIT FOR REMOVING IRON WITH CRYSTAL RIGHT - EWT<\/title>\n<meta name=\"robots\" content=\"index, follow, max-snippet:-1, max-image-preview:large, max-video-preview:-1\" \/>\n<link rel=\"canonical\" href=\"https:\/\/ewt.al\/index.php\/njesia-sanitizer-per-heqjen-e-hekurit-me-crystal-right-2\/\" \/>\n<meta property=\"og:locale\" content=\"sq_AL\" \/>\n<meta property=\"og:type\" content=\"article\" \/>\n<meta property=\"og:title\" content=\"SANITIZER UNIT FOR REMOVING IRON WITH CRYSTAL RIGHT - EWT\" \/>\n<meta property=\"og:description\" content=\"[vc_row type=&#8221;vc_default&#8221; css=&#8221;.vc_custom_1487927698209{background-color: #ffffff !important;}&#8221;][vc_column width=&#8221;1\/3&#8243;][vc_single_image image=&#8221;320&#8243; img_size=&#8221;full&#8221; onclick=&#8221;link_image&#8221;][vc_single_image image=&#8221;321&#8243; img_size=&#8221;full&#8221; onclick=&#8221;link_image&#8221;][\/vc_column][vc_column width=&#8221;2\/3&#8243;][vc_column_text]Sanitizer \u00ebsht\u00eb nj\u00eb sistem trajtimi uji multifunksional i\u00a0cili eliminon hekurin, magnezin, ul fort\u00ebsin\u00eb e ujit, rrit pH\u00a0dhe dezinfekton automatikisht vetveten gjat\u00eb rigjenerimit.\u00a0Sekreti qendron n\u00eb dy teknologji t\u00eb vecanta inxhinierike. \u2022Nj\u00eb gjenerues i ri klori, nj\u00eb pajisje e patentuar q\u00eb\u00a0p\u00ebrdor krip\u00ebn ekzistuese p\u00ebr prodhimin&hellip;\" \/>\n<meta property=\"og:url\" content=\"https:\/\/ewt.al\/index.php\/njesia-sanitizer-per-heqjen-e-hekurit-me-crystal-right-2\/\" \/>\n<meta property=\"og:site_name\" content=\"EWT\" \/>\n<meta name=\"twitter:card\" content=\"summary_large_image\" \/>\n<meta name=\"twitter:label1\" content=\"Est. reading time\" \/>\n\t<meta name=\"twitter:data1\" content=\"1 minut\u00eb\" \/>\n<script type=\"application\/ld+json\" class=\"yoast-schema-graph\">{\"@context\":\"https:\/\/schema.org\",\"@graph\":[{\"@type\":\"WebPage\",\"@id\":\"https:\/\/ewt.al\/index.php\/njesia-sanitizer-per-heqjen-e-hekurit-me-crystal-right-2\/\",\"url\":\"https:\/\/ewt.al\/index.php\/njesia-sanitizer-per-heqjen-e-hekurit-me-crystal-right-2\/\",\"name\":\"SANITIZER UNIT FOR REMOVING IRON WITH CRYSTAL RIGHT - EWT\",\"isPartOf\":{\"@id\":\"https:\/\/ewt.al\/#website\"},\"datePublished\":\"2017-02-27T11:51:01+00:00\",\"breadcrumb\":{\"@id\":\"https:\/\/ewt.al\/index.php\/njesia-sanitizer-per-heqjen-e-hekurit-me-crystal-right-2\/#breadcrumb\"},\"inLanguage\":\"sq\",\"potentialAction\":[{\"@type\":\"ReadAction\",\"target\":[\"https:\/\/ewt.al\/index.php\/njesia-sanitizer-per-heqjen-e-hekurit-me-crystal-right-2\/\"]}]},{\"@type\":\"BreadcrumbList\",\"@id\":\"https:\/\/ewt.al\/index.php\/njesia-sanitizer-per-heqjen-e-hekurit-me-crystal-right-2\/#breadcrumb\",\"itemListElement\":[{\"@type\":\"ListItem\",\"position\":1,\"name\":\"Home\",\"item\":\"https:\/\/ewt.al\/\"},{\"@type\":\"ListItem\",\"position\":2,\"name\":\"SANITIZER UNIT FOR REMOVING IRON WITH CRYSTAL RIGHT\"}]},{\"@type\":\"WebSite\",\"@id\":\"https:\/\/ewt.al\/#website\",\"url\":\"https:\/\/ewt.al\/\",\"name\":\"EWT\",\"description\":\"European Water Technologies\",\"potentialAction\":[{\"@type\":\"SearchAction\",\"target\":{\"@type\":\"EntryPoint\",\"urlTemplate\":\"https:\/\/ewt.al\/?s={search_term_string}\"},\"query-input\":{\"@type\":\"PropertyValueSpecification\",\"valueRequired\":true,\"valueName\":\"search_term_string\"}}],\"inLanguage\":\"sq\"}]}<\/script>\n<!-- \/ Yoast SEO plugin. -->","yoast_head_json":{"title":"SANITIZER UNIT FOR REMOVING IRON WITH CRYSTAL RIGHT - EWT","robots":{"index":"index","follow":"follow","max-snippet":"max-snippet:-1","max-image-preview":"max-image-preview:large","max-video-preview":"max-video-preview:-1"},"canonical":"https:\/\/ewt.al\/index.php\/njesia-sanitizer-per-heqjen-e-hekurit-me-crystal-right-2\/","og_locale":"sq_AL","og_type":"article","og_title":"SANITIZER UNIT FOR REMOVING IRON WITH CRYSTAL RIGHT - EWT","og_description":"[vc_row type=&#8221;vc_default&#8221; css=&#8221;.vc_custom_1487927698209{background-color: #ffffff !important;}&#8221;][vc_column width=&#8221;1\/3&#8243;][vc_single_image image=&#8221;320&#8243; img_size=&#8221;full&#8221; onclick=&#8221;link_image&#8221;][vc_single_image image=&#8221;321&#8243; img_size=&#8221;full&#8221; onclick=&#8221;link_image&#8221;][\/vc_column][vc_column width=&#8221;2\/3&#8243;][vc_column_text]Sanitizer \u00ebsht\u00eb nj\u00eb sistem trajtimi uji multifunksional i\u00a0cili eliminon hekurin, magnezin, ul fort\u00ebsin\u00eb e ujit, rrit pH\u00a0dhe dezinfekton automatikisht vetveten gjat\u00eb rigjenerimit.\u00a0Sekreti qendron n\u00eb dy teknologji t\u00eb vecanta inxhinierike. \u2022Nj\u00eb gjenerues i ri klori, nj\u00eb pajisje e patentuar q\u00eb\u00a0p\u00ebrdor krip\u00ebn ekzistuese p\u00ebr prodhimin&hellip;","og_url":"https:\/\/ewt.al\/index.php\/njesia-sanitizer-per-heqjen-e-hekurit-me-crystal-right-2\/","og_site_name":"EWT","twitter_card":"summary_large_image","twitter_misc":{"Est. reading time":"1 minut\u00eb"},"schema":{"@context":"https:\/\/schema.org","@graph":[{"@type":"WebPage","@id":"https:\/\/ewt.al\/index.php\/njesia-sanitizer-per-heqjen-e-hekurit-me-crystal-right-2\/","url":"https:\/\/ewt.al\/index.php\/njesia-sanitizer-per-heqjen-e-hekurit-me-crystal-right-2\/","name":"SANITIZER UNIT FOR REMOVING IRON WITH CRYSTAL RIGHT - EWT","isPartOf":{"@id":"https:\/\/ewt.al\/#website"},"datePublished":"2017-02-27T11:51:01+00:00","breadcrumb":{"@id":"https:\/\/ewt.al\/index.php\/njesia-sanitizer-per-heqjen-e-hekurit-me-crystal-right-2\/#breadcrumb"},"inLanguage":"sq","potentialAction":[{"@type":"ReadAction","target":["https:\/\/ewt.al\/index.php\/njesia-sanitizer-per-heqjen-e-hekurit-me-crystal-right-2\/"]}]},{"@type":"BreadcrumbList","@id":"https:\/\/ewt.al\/index.php\/njesia-sanitizer-per-heqjen-e-hekurit-me-crystal-right-2\/#breadcrumb","itemListElement":[{"@type":"ListItem","position":1,"name":"Home","item":"https:\/\/ewt.al\/"},{"@type":"ListItem","position":2,"name":"SANITIZER UNIT FOR REMOVING IRON WITH CRYSTAL RIGHT"}]},{"@type":"WebSite","@id":"https:\/\/ewt.al\/#website","url":"https:\/\/ewt.al\/","name":"EWT","description":"European Water Technologies","potentialAction":[{"@type":"SearchAction","target":{"@type":"EntryPoint","urlTemplate":"https:\/\/ewt.al\/?s={search_term_string}"},"query-input":{"@type":"PropertyValueSpecification","valueRequired":true,"valueName":"search_term_string"}}],"inLanguage":"sq"}]}},"_links":{"self":[{"href":"https:\/\/ewt.al\/index.php\/wp-json\/wp\/v2\/pages\/634","targetHints":{"allow":["GET"]}}],"collection":[{"href":"https:\/\/ewt.al\/index.php\/wp-json\/wp\/v2\/pages"}],"about":[{"href":"https:\/\/ewt.al\/index.php\/wp-json\/wp\/v2\/types\/page"}],"author":[{"embeddable":true,"href":"https:\/\/ewt.al\/index.php\/wp-json\/wp\/v2\/users\/2"}],"replies":[{"embeddable":true,"href":"https:\/\/ewt.al\/index.php\/wp-json\/wp\/v2\/comments?post=634"}],"version-history":[{"count":1,"href":"https:\/\/ewt.al\/index.php\/wp-json\/wp\/v2\/pages\/634\/revisions"}],"predecessor-version":[{"id":636,"href":"https:\/\/ewt.al\/index.php\/wp-json\/wp\/v2\/pages\/634\/revisions\/636"}],"wp:attachment":[{"href":"https:\/\/ewt.al\/index.php\/wp-json\/wp\/v2\/media?parent=634"}],"curies":[{"name":"wp","href":"https:\/\/api.w.org\/{rel}","templated":true}]}}