{"id":324,"date":"2017-02-24T10:21:10","date_gmt":"2017-02-24T10:21:10","guid":{"rendered":"http:\/\/new.ewt.al\/?page_id=324"},"modified":"2025-10-07T10:28:34","modified_gmt":"2025-10-07T10:28:34","slug":"zbutesat-per-perdorim-shtepiak","status":"publish","type":"page","link":"https:\/\/ewt.al\/index.php\/zbutesat-per-perdorim-shtepiak\/","title":{"rendered":"ZBUT\u00cbSAT P\u00cbR P\u00cbRDORIM SHT\u00cbPIAK"},"content":{"rendered":"<div class=\"wpb-content-wrapper\"><p>[vc_row type=&#8221;vc_default&#8221; css=&#8221;.vc_custom_1487931593246{background-color: #ffffff !important;}&#8221;][vc_column][vc_row_inner][vc_column_inner width=&#8221;1\/3&#8243;][vc_single_image image=&#8221;327&#8243; img_size=&#8221;full&#8221; onclick=&#8221;link_image&#8221;][\/vc_column_inner][vc_column_inner width=&#8221;2\/3&#8243;][vc_column_text]Sistemet e filtrave me qese p\u00ebrb\u00ebhen nga trupi i filtrit dhe\u00a0filtri me qese. Trupi i filtrit sh\u00ebrben si sht\u00ebpi p\u00ebr filtrin me\u00a0qese q\u00eb pastron ujin. Trupat e filtrit mund t\u00eb jen\u00eb inoksi,\u00a0celiku ose PVC. L\u00ebnda rrjedh nga Brenda jasht\u00eb dhe gjith\u00eb\u00a0grimcat apo papast\u00ebrtit\u00eb mbeten Brenda filtrit me qese.<br \/>\nKarakteristikat:<br \/>\n\u2022 Mund t\u00eb punoj\u00eb 24 or\u00eb pa nd\u00ebrprerje<br \/>\n\u2022 Ndalon cdo grimce mbi 1 mikron<br \/>\n\u2022 Mund t\u00eb lahen dhe te rip\u00ebrdoren p\u00ebrs\u00ebri[\/vc_column_text][\/vc_column_inner][\/vc_row_inner][vc_row_inner][vc_column_inner width=&#8221;1\/3&#8243;][vc_single_image image=&#8221;329&#8243; img_size=&#8221;full&#8221; onclick=&#8221;link_image&#8221;][\/vc_column_inner][vc_column_inner width=&#8221;1\/3&#8243;][vc_single_image image=&#8221;330&#8243; img_size=&#8221;full&#8221; onclick=&#8221;link_image&#8221;][\/vc_column_inner][vc_column_inner width=&#8221;1\/3&#8243;][vc_single_image image=&#8221;331&#8243; img_size=&#8221;full&#8221; onclick=&#8221;link_image&#8221;][\/vc_column_inner][\/vc_row_inner][\/vc_column][\/vc_row]<\/p>\n<\/div>","protected":false},"excerpt":{"rendered":"<p>[vc_row type=&#8221;vc_default&#8221; css=&#8221;.vc_custom_1487931593246{background-color: #ffffff !important;}&#8221;][vc_column][vc_row_inner][vc_column_inner width=&#8221;1\/3&#8243;][vc_single_image image=&#8221;327&#8243; img_size=&#8221;full&#8221; onclick=&#8221;link_image&#8221;][\/vc_column_inner][vc_column_inner width=&#8221;2\/3&#8243;][vc_column_text]Sistemet e filtrave me qese p\u00ebrb\u00ebhen nga trupi i filtrit dhe\u00a0filtri me qese. Trupi i filtrit sh\u00ebrben si sht\u00ebpi p\u00ebr filtrin me\u00a0qese q\u00eb pastron ujin. Trupat e filtrit mund t\u00eb jen\u00eb inoksi,\u00a0celiku ose PVC. L\u00ebnda rrjedh nga Brenda jasht\u00eb dhe gjith\u00eb\u00a0grimcat apo papast\u00ebrtit\u00eb mbeten Brenda filtrit&hellip;<\/p>\n","protected":false},"author":2,"featured_media":0,"parent":0,"menu_order":0,"comment_status":"closed","ping_status":"closed","template":"","meta":{"footnotes":""},"class_list":["post-324","page","type-page","status-publish","hentry","description-off"],"yoast_head":"<!-- This site is optimized with the Yoast SEO plugin v26.7 - https:\/\/yoast.com\/wordpress\/plugins\/seo\/ -->\n<title>Zbut\u00ebs Uji p\u00ebr P\u00ebrdorim Sht\u00ebpiak | EWT Albania<\/title>\n<meta name=\"description\" content=\"EWT Albania ofron zbut\u00ebs uji p\u00ebr p\u00ebrdorim sht\u00ebpiak, duke hequr kalciumin dhe magnezin e tep\u00ebrt dhe duke siguruar uj\u00eb t\u00eb but\u00eb, t\u00eb past\u00ebr dhe t\u00eb sh\u00ebndetsh\u00ebm p\u00ebr \u00e7do familje.\" \/>\n<meta name=\"robots\" content=\"index, follow, max-snippet:-1, max-image-preview:large, max-video-preview:-1\" \/>\n<link rel=\"canonical\" href=\"https:\/\/ewt.al\/index.php\/zbutesat-per-perdorim-shtepiak\/\" \/>\n<meta property=\"og:locale\" content=\"sq_AL\" \/>\n<meta property=\"og:type\" content=\"article\" \/>\n<meta property=\"og:title\" content=\"Zbut\u00ebs Uji p\u00ebr P\u00ebrdorim Sht\u00ebpiak | EWT Albania\" \/>\n<meta property=\"og:description\" content=\"EWT Albania ofron zbut\u00ebs uji p\u00ebr p\u00ebrdorim sht\u00ebpiak, duke hequr kalciumin dhe magnezin e tep\u00ebrt dhe duke siguruar uj\u00eb t\u00eb but\u00eb, t\u00eb past\u00ebr dhe t\u00eb sh\u00ebndetsh\u00ebm p\u00ebr \u00e7do familje.\" \/>\n<meta property=\"og:url\" content=\"https:\/\/ewt.al\/index.php\/zbutesat-per-perdorim-shtepiak\/\" \/>\n<meta property=\"og:site_name\" content=\"EWT\" \/>\n<meta property=\"article:modified_time\" content=\"2025-10-07T10:28:34+00:00\" \/>\n<meta name=\"twitter:card\" content=\"summary_large_image\" \/>\n<meta name=\"twitter:label1\" content=\"Est. reading time\" \/>\n\t<meta name=\"twitter:data1\" content=\"1 minut\u00eb\" \/>\n<script type=\"application\/ld+json\" class=\"yoast-schema-graph\">{\"@context\":\"https:\/\/schema.org\",\"@graph\":[{\"@type\":\"WebPage\",\"@id\":\"https:\/\/ewt.al\/index.php\/zbutesat-per-perdorim-shtepiak\/\",\"url\":\"https:\/\/ewt.al\/index.php\/zbutesat-per-perdorim-shtepiak\/\",\"name\":\"Zbut\u00ebs Uji p\u00ebr P\u00ebrdorim Sht\u00ebpiak | EWT Albania\",\"isPartOf\":{\"@id\":\"https:\/\/ewt.al\/#website\"},\"datePublished\":\"2017-02-24T10:21:10+00:00\",\"dateModified\":\"2025-10-07T10:28:34+00:00\",\"description\":\"EWT Albania ofron zbut\u00ebs uji p\u00ebr p\u00ebrdorim sht\u00ebpiak, duke hequr kalciumin dhe magnezin e tep\u00ebrt dhe duke siguruar uj\u00eb t\u00eb but\u00eb, t\u00eb past\u00ebr dhe t\u00eb sh\u00ebndetsh\u00ebm p\u00ebr \u00e7do familje.\",\"breadcrumb\":{\"@id\":\"https:\/\/ewt.al\/index.php\/zbutesat-per-perdorim-shtepiak\/#breadcrumb\"},\"inLanguage\":\"sq\",\"potentialAction\":[{\"@type\":\"ReadAction\",\"target\":[\"https:\/\/ewt.al\/index.php\/zbutesat-per-perdorim-shtepiak\/\"]}]},{\"@type\":\"BreadcrumbList\",\"@id\":\"https:\/\/ewt.al\/index.php\/zbutesat-per-perdorim-shtepiak\/#breadcrumb\",\"itemListElement\":[{\"@type\":\"ListItem\",\"position\":1,\"name\":\"Home\",\"item\":\"https:\/\/ewt.al\/\"},{\"@type\":\"ListItem\",\"position\":2,\"name\":\"ZBUT\u00cbSAT P\u00cbR P\u00cbRDORIM SHT\u00cbPIAK\"}]},{\"@type\":\"WebSite\",\"@id\":\"https:\/\/ewt.al\/#website\",\"url\":\"https:\/\/ewt.al\/\",\"name\":\"EWT\",\"description\":\"European Water Technologies\",\"potentialAction\":[{\"@type\":\"SearchAction\",\"target\":{\"@type\":\"EntryPoint\",\"urlTemplate\":\"https:\/\/ewt.al\/?s={search_term_string}\"},\"query-input\":{\"@type\":\"PropertyValueSpecification\",\"valueRequired\":true,\"valueName\":\"search_term_string\"}}],\"inLanguage\":\"sq\"}]}<\/script>\n<!-- \/ Yoast SEO plugin. -->","yoast_head_json":{"title":"Zbut\u00ebs Uji p\u00ebr P\u00ebrdorim Sht\u00ebpiak | EWT Albania","description":"EWT Albania ofron zbut\u00ebs uji p\u00ebr p\u00ebrdorim sht\u00ebpiak, duke hequr kalciumin dhe magnezin e tep\u00ebrt dhe duke siguruar uj\u00eb t\u00eb but\u00eb, t\u00eb past\u00ebr dhe t\u00eb sh\u00ebndetsh\u00ebm p\u00ebr \u00e7do familje.","robots":{"index":"index","follow":"follow","max-snippet":"max-snippet:-1","max-image-preview":"max-image-preview:large","max-video-preview":"max-video-preview:-1"},"canonical":"https:\/\/ewt.al\/index.php\/zbutesat-per-perdorim-shtepiak\/","og_locale":"sq_AL","og_type":"article","og_title":"Zbut\u00ebs Uji p\u00ebr P\u00ebrdorim Sht\u00ebpiak | EWT Albania","og_description":"EWT Albania ofron zbut\u00ebs uji p\u00ebr p\u00ebrdorim sht\u00ebpiak, duke hequr kalciumin dhe magnezin e tep\u00ebrt dhe duke siguruar uj\u00eb t\u00eb but\u00eb, t\u00eb past\u00ebr dhe t\u00eb sh\u00ebndetsh\u00ebm p\u00ebr \u00e7do familje.","og_url":"https:\/\/ewt.al\/index.php\/zbutesat-per-perdorim-shtepiak\/","og_site_name":"EWT","article_modified_time":"2025-10-07T10:28:34+00:00","twitter_card":"summary_large_image","twitter_misc":{"Est. reading time":"1 minut\u00eb"},"schema":{"@context":"https:\/\/schema.org","@graph":[{"@type":"WebPage","@id":"https:\/\/ewt.al\/index.php\/zbutesat-per-perdorim-shtepiak\/","url":"https:\/\/ewt.al\/index.php\/zbutesat-per-perdorim-shtepiak\/","name":"Zbut\u00ebs Uji p\u00ebr P\u00ebrdorim Sht\u00ebpiak | EWT Albania","isPartOf":{"@id":"https:\/\/ewt.al\/#website"},"datePublished":"2017-02-24T10:21:10+00:00","dateModified":"2025-10-07T10:28:34+00:00","description":"EWT Albania ofron zbut\u00ebs uji p\u00ebr p\u00ebrdorim sht\u00ebpiak, duke hequr kalciumin dhe magnezin e tep\u00ebrt dhe duke siguruar uj\u00eb t\u00eb but\u00eb, t\u00eb past\u00ebr dhe t\u00eb sh\u00ebndetsh\u00ebm p\u00ebr \u00e7do familje.","breadcrumb":{"@id":"https:\/\/ewt.al\/index.php\/zbutesat-per-perdorim-shtepiak\/#breadcrumb"},"inLanguage":"sq","potentialAction":[{"@type":"ReadAction","target":["https:\/\/ewt.al\/index.php\/zbutesat-per-perdorim-shtepiak\/"]}]},{"@type":"BreadcrumbList","@id":"https:\/\/ewt.al\/index.php\/zbutesat-per-perdorim-shtepiak\/#breadcrumb","itemListElement":[{"@type":"ListItem","position":1,"name":"Home","item":"https:\/\/ewt.al\/"},{"@type":"ListItem","position":2,"name":"ZBUT\u00cbSAT P\u00cbR P\u00cbRDORIM SHT\u00cbPIAK"}]},{"@type":"WebSite","@id":"https:\/\/ewt.al\/#website","url":"https:\/\/ewt.al\/","name":"EWT","description":"European Water Technologies","potentialAction":[{"@type":"SearchAction","target":{"@type":"EntryPoint","urlTemplate":"https:\/\/ewt.al\/?s={search_term_string}"},"query-input":{"@type":"PropertyValueSpecification","valueRequired":true,"valueName":"search_term_string"}}],"inLanguage":"sq"}]}},"_links":{"self":[{"href":"https:\/\/ewt.al\/index.php\/wp-json\/wp\/v2\/pages\/324","targetHints":{"allow":["GET"]}}],"collection":[{"href":"https:\/\/ewt.al\/index.php\/wp-json\/wp\/v2\/pages"}],"about":[{"href":"https:\/\/ewt.al\/index.php\/wp-json\/wp\/v2\/types\/page"}],"author":[{"embeddable":true,"href":"https:\/\/ewt.al\/index.php\/wp-json\/wp\/v2\/users\/2"}],"replies":[{"embeddable":true,"href":"https:\/\/ewt.al\/index.php\/wp-json\/wp\/v2\/comments?post=324"}],"version-history":[{"count":4,"href":"https:\/\/ewt.al\/index.php\/wp-json\/wp\/v2\/pages\/324\/revisions"}],"predecessor-version":[{"id":394,"href":"https:\/\/ewt.al\/index.php\/wp-json\/wp\/v2\/pages\/324\/revisions\/394"}],"wp:attachment":[{"href":"https:\/\/ewt.al\/index.php\/wp-json\/wp\/v2\/media?parent=324"}],"curies":[{"name":"wp","href":"https:\/\/api.w.org\/{rel}","templated":true}]}}