{"id":311,"date":"2017-02-24T10:12:54","date_gmt":"2017-02-24T10:12:54","guid":{"rendered":"http:\/\/new.ewt.al\/?page_id=311"},"modified":"2025-10-07T10:29:54","modified_gmt":"2025-10-07T10:29:54","slug":"ozoni","status":"publish","type":"page","link":"https:\/\/ewt.al\/index.php\/ozoni\/","title":{"rendered":"OZONI"},"content":{"rendered":"<div class=\"wpb-content-wrapper\"><p>[vc_row type=&#8221;vc_default&#8221; css=&#8221;.vc_custom_1487927698209{background-color: #ffffff !important;}&#8221;][vc_column width=&#8221;1\/3&#8243;][vc_single_image image=&#8221;315&#8243; img_size=&#8221;full&#8221; onclick=&#8221;link_image&#8221;][\/vc_column][vc_column width=&#8221;2\/3&#8243;][vc_column_text]Cfar\u00eb \u00ebsht\u00eb Ozoni: Ozoni \u00ebsht\u00eb nj\u00eb tjet\u00ebr form\u00eb oksigjeni q\u00eb prodhohet n\u00eb m\u00ebnyr\u00eb natyrale n\u00eb atmosfer\u00eb gjat\u00eb stuhive me rrufe. Esht\u00eb pro\u00e7esi natyral i pastrimit t\u00eb natyr\u00ebs. Pajisjet me ozon jan\u00eb pik\u00ebrisht pajisjet ozon prodhuese t\u00eb cilat riprodhojn\u00eb artificialisht pro\u00e7eset e natyr\u00ebs. Ato prodhojn\u00eb\u00a0ozon, jan\u00eb t\u00eb kontrolluara, dhe mbulojn\u00eb t\u00eb gjitha pishinat e m\u00ebdha.<br \/>\n\u2022 Ato sigurojn\u00eb past\u00ebrti t\u00eb lart\u00eb, higjen\u00eb dhe qart\u00ebsi t\u00eb ujit.<br \/>\n\u2022 Nuk l\u00eb asnj\u00eb mbetje t\u00eb rrezikshme n\u00eb uj\u00eb si\u00e7 l\u00ebn\u00eb shum\u00eb metoda t\u00eb tjera.<br \/>\n\u2022 Nuk krijon kloramina ose p\u00ebrb\u00ebr\u00ebs klori t\u00eb rreziksh\u00ebm.<br \/>\n\u2022 Eliminon er\u00ebn dhe efektet an\u00ebsore nga p\u00ebrdorimi i klorit, si alergjit\u00eb, tharjen\u00a0e l\u00ebkur\u00ebs, irritimin e syve, \u00e7`ngjyrosjen e rrobave, etj.<br \/>\n\u2022 Ul n\u00eb m\u00ebnyr\u00eb dramatike kostot e mir\u00ebmbajtjes s\u00eb pishinave dhe eliminon\u00a0p\u00ebrdorimin e kimikateve.<br \/>\n\u2022 Shmang instalimin, monitorimin dhe mir\u00ebmbajtjen e pajisjeve t\u00eb v\u00ebshtira p\u00ebr\u00a0tu p\u00ebrdorur.[\/vc_column_text][\/vc_column][\/vc_row]<\/p>\n<\/div>","protected":false},"excerpt":{"rendered":"<p>[vc_row type=&#8221;vc_default&#8221; css=&#8221;.vc_custom_1487927698209{background-color: #ffffff !important;}&#8221;][vc_column width=&#8221;1\/3&#8243;][vc_single_image image=&#8221;315&#8243; img_size=&#8221;full&#8221; onclick=&#8221;link_image&#8221;][\/vc_column][vc_column width=&#8221;2\/3&#8243;][vc_column_text]Cfar\u00eb \u00ebsht\u00eb Ozoni: Ozoni \u00ebsht\u00eb nj\u00eb tjet\u00ebr form\u00eb oksigjeni q\u00eb prodhohet n\u00eb m\u00ebnyr\u00eb natyrale n\u00eb atmosfer\u00eb gjat\u00eb stuhive me rrufe. Esht\u00eb pro\u00e7esi natyral i pastrimit t\u00eb natyr\u00ebs. Pajisjet me ozon jan\u00eb pik\u00ebrisht pajisjet ozon prodhuese t\u00eb cilat riprodhojn\u00eb artificialisht pro\u00e7eset e natyr\u00ebs. Ato prodhojn\u00eb\u00a0ozon, jan\u00eb t\u00eb&hellip;<\/p>\n","protected":false},"author":2,"featured_media":0,"parent":0,"menu_order":0,"comment_status":"closed","ping_status":"closed","template":"","meta":{"footnotes":""},"class_list":["post-311","page","type-page","status-publish","hentry","description-off"],"yoast_head":"<!-- This site is optimized with the Yoast SEO plugin v26.7 - https:\/\/yoast.com\/wordpress\/plugins\/seo\/ -->\n<title>Sistemet me Ozon p\u00ebr Trajtimin e Ujit | EWT Albania<\/title>\n<meta name=\"description\" content=\"EWT Albania ofron sisteme me ozon p\u00ebr dezinfektimin dhe pastrimin e ujit, duke eliminuar bakteret, viruset dhe ndot\u00ebsit e pad\u00ebshiruar. Zgjidhje efikase p\u00ebr sht\u00ebpi, industri dhe institucione.\" \/>\n<meta name=\"robots\" content=\"index, follow, max-snippet:-1, max-image-preview:large, max-video-preview:-1\" \/>\n<link rel=\"canonical\" href=\"https:\/\/ewt.al\/index.php\/ozoni\/\" \/>\n<meta property=\"og:locale\" content=\"sq_AL\" \/>\n<meta property=\"og:type\" content=\"article\" \/>\n<meta property=\"og:title\" content=\"Sistemet me Ozon p\u00ebr Trajtimin e Ujit | EWT Albania\" \/>\n<meta property=\"og:description\" content=\"EWT Albania ofron sisteme me ozon p\u00ebr dezinfektimin dhe pastrimin e ujit, duke eliminuar bakteret, viruset dhe ndot\u00ebsit e pad\u00ebshiruar. Zgjidhje efikase p\u00ebr sht\u00ebpi, industri dhe institucione.\" \/>\n<meta property=\"og:url\" content=\"https:\/\/ewt.al\/index.php\/ozoni\/\" \/>\n<meta property=\"og:site_name\" content=\"EWT\" \/>\n<meta property=\"article:modified_time\" content=\"2025-10-07T10:29:54+00:00\" \/>\n<meta name=\"twitter:card\" content=\"summary_large_image\" \/>\n<meta name=\"twitter:label1\" content=\"Est. reading time\" \/>\n\t<meta name=\"twitter:data1\" content=\"1 minut\u00eb\" \/>\n<script type=\"application\/ld+json\" class=\"yoast-schema-graph\">{\"@context\":\"https:\/\/schema.org\",\"@graph\":[{\"@type\":\"WebPage\",\"@id\":\"https:\/\/ewt.al\/index.php\/ozoni\/\",\"url\":\"https:\/\/ewt.al\/index.php\/ozoni\/\",\"name\":\"Sistemet me Ozon p\u00ebr Trajtimin e Ujit | EWT Albania\",\"isPartOf\":{\"@id\":\"https:\/\/ewt.al\/#website\"},\"datePublished\":\"2017-02-24T10:12:54+00:00\",\"dateModified\":\"2025-10-07T10:29:54+00:00\",\"description\":\"EWT Albania ofron sisteme me ozon p\u00ebr dezinfektimin dhe pastrimin e ujit, duke eliminuar bakteret, viruset dhe ndot\u00ebsit e pad\u00ebshiruar. Zgjidhje efikase p\u00ebr sht\u00ebpi, industri dhe institucione.\",\"breadcrumb\":{\"@id\":\"https:\/\/ewt.al\/index.php\/ozoni\/#breadcrumb\"},\"inLanguage\":\"sq\",\"potentialAction\":[{\"@type\":\"ReadAction\",\"target\":[\"https:\/\/ewt.al\/index.php\/ozoni\/\"]}]},{\"@type\":\"BreadcrumbList\",\"@id\":\"https:\/\/ewt.al\/index.php\/ozoni\/#breadcrumb\",\"itemListElement\":[{\"@type\":\"ListItem\",\"position\":1,\"name\":\"Home\",\"item\":\"https:\/\/ewt.al\/\"},{\"@type\":\"ListItem\",\"position\":2,\"name\":\"OZONI\"}]},{\"@type\":\"WebSite\",\"@id\":\"https:\/\/ewt.al\/#website\",\"url\":\"https:\/\/ewt.al\/\",\"name\":\"EWT\",\"description\":\"European Water Technologies\",\"potentialAction\":[{\"@type\":\"SearchAction\",\"target\":{\"@type\":\"EntryPoint\",\"urlTemplate\":\"https:\/\/ewt.al\/?s={search_term_string}\"},\"query-input\":{\"@type\":\"PropertyValueSpecification\",\"valueRequired\":true,\"valueName\":\"search_term_string\"}}],\"inLanguage\":\"sq\"}]}<\/script>\n<!-- \/ Yoast SEO plugin. -->","yoast_head_json":{"title":"Sistemet me Ozon p\u00ebr Trajtimin e Ujit | EWT Albania","description":"EWT Albania ofron sisteme me ozon p\u00ebr dezinfektimin dhe pastrimin e ujit, duke eliminuar bakteret, viruset dhe ndot\u00ebsit e pad\u00ebshiruar. Zgjidhje efikase p\u00ebr sht\u00ebpi, industri dhe institucione.","robots":{"index":"index","follow":"follow","max-snippet":"max-snippet:-1","max-image-preview":"max-image-preview:large","max-video-preview":"max-video-preview:-1"},"canonical":"https:\/\/ewt.al\/index.php\/ozoni\/","og_locale":"sq_AL","og_type":"article","og_title":"Sistemet me Ozon p\u00ebr Trajtimin e Ujit | EWT Albania","og_description":"EWT Albania ofron sisteme me ozon p\u00ebr dezinfektimin dhe pastrimin e ujit, duke eliminuar bakteret, viruset dhe ndot\u00ebsit e pad\u00ebshiruar. Zgjidhje efikase p\u00ebr sht\u00ebpi, industri dhe institucione.","og_url":"https:\/\/ewt.al\/index.php\/ozoni\/","og_site_name":"EWT","article_modified_time":"2025-10-07T10:29:54+00:00","twitter_card":"summary_large_image","twitter_misc":{"Est. reading time":"1 minut\u00eb"},"schema":{"@context":"https:\/\/schema.org","@graph":[{"@type":"WebPage","@id":"https:\/\/ewt.al\/index.php\/ozoni\/","url":"https:\/\/ewt.al\/index.php\/ozoni\/","name":"Sistemet me Ozon p\u00ebr Trajtimin e Ujit | EWT Albania","isPartOf":{"@id":"https:\/\/ewt.al\/#website"},"datePublished":"2017-02-24T10:12:54+00:00","dateModified":"2025-10-07T10:29:54+00:00","description":"EWT Albania ofron sisteme me ozon p\u00ebr dezinfektimin dhe pastrimin e ujit, duke eliminuar bakteret, viruset dhe ndot\u00ebsit e pad\u00ebshiruar. Zgjidhje efikase p\u00ebr sht\u00ebpi, industri dhe institucione.","breadcrumb":{"@id":"https:\/\/ewt.al\/index.php\/ozoni\/#breadcrumb"},"inLanguage":"sq","potentialAction":[{"@type":"ReadAction","target":["https:\/\/ewt.al\/index.php\/ozoni\/"]}]},{"@type":"BreadcrumbList","@id":"https:\/\/ewt.al\/index.php\/ozoni\/#breadcrumb","itemListElement":[{"@type":"ListItem","position":1,"name":"Home","item":"https:\/\/ewt.al\/"},{"@type":"ListItem","position":2,"name":"OZONI"}]},{"@type":"WebSite","@id":"https:\/\/ewt.al\/#website","url":"https:\/\/ewt.al\/","name":"EWT","description":"European Water Technologies","potentialAction":[{"@type":"SearchAction","target":{"@type":"EntryPoint","urlTemplate":"https:\/\/ewt.al\/?s={search_term_string}"},"query-input":{"@type":"PropertyValueSpecification","valueRequired":true,"valueName":"search_term_string"}}],"inLanguage":"sq"}]}},"_links":{"self":[{"href":"https:\/\/ewt.al\/index.php\/wp-json\/wp\/v2\/pages\/311","targetHints":{"allow":["GET"]}}],"collection":[{"href":"https:\/\/ewt.al\/index.php\/wp-json\/wp\/v2\/pages"}],"about":[{"href":"https:\/\/ewt.al\/index.php\/wp-json\/wp\/v2\/types\/page"}],"author":[{"embeddable":true,"href":"https:\/\/ewt.al\/index.php\/wp-json\/wp\/v2\/users\/2"}],"replies":[{"embeddable":true,"href":"https:\/\/ewt.al\/index.php\/wp-json\/wp\/v2\/comments?post=311"}],"version-history":[{"count":3,"href":"https:\/\/ewt.al\/index.php\/wp-json\/wp\/v2\/pages\/311\/revisions"}],"predecessor-version":[{"id":392,"href":"https:\/\/ewt.al\/index.php\/wp-json\/wp\/v2\/pages\/311\/revisions\/392"}],"wp:attachment":[{"href":"https:\/\/ewt.al\/index.php\/wp-json\/wp\/v2\/media?parent=311"}],"curies":[{"name":"wp","href":"https:\/\/api.w.org\/{rel}","templated":true}]}}