{"id":277,"date":"2017-02-24T10:03:37","date_gmt":"2017-02-24T10:03:37","guid":{"rendered":"http:\/\/new.ewt.al\/?page_id=277"},"modified":"2025-10-07T10:30:19","modified_gmt":"2025-10-07T10:30:19","slug":"filtra-shtepiak-uji-per-perdorime-te-ndryshme","status":"publish","type":"page","link":"https:\/\/ewt.al\/index.php\/filtra-shtepiak-uji-per-perdorime-te-ndryshme\/","title":{"rendered":"FILTRA SHT\u00cbPIAK UJI P\u00cbR P\u00cbRDORIME T\u00cb NDRYSHME"},"content":{"rendered":"<div class=\"wpb-content-wrapper\"><p>[vc_row type=&#8221;vc_default&#8221; css=&#8221;.vc_custom_1487927698209{background-color: #ffffff !important;}&#8221;][vc_column width=&#8221;1\/3&#8243;][vc_single_image image=&#8221;279&#8243; img_size=&#8221;full&#8221; onclick=&#8221;link_image&#8221;][vc_single_image image=&#8221;281&#8243; img_size=&#8221;full&#8221; onclick=&#8221;link_image&#8221;][\/vc_column][vc_column width=&#8221;2\/3&#8243;][vc_empty_space][vc_column_text]Seria jon\u00eb e filtrave ka p\u00ebrmasa t\u00eb ndryshme dhe fishek\u00eb t\u00eb vecant\u00eb,kjo n\u00eb var\u00ebsi te p\u00ebrdorimit t\u00eb tyre. Ato mbulojn\u00eb cdo nevoj\u00eb p\u00ebr ujin\u00a0e pijsh\u00ebm, filtrimin apo p\u00ebrdorime t\u00eb tjera t\u00eb tij.<br \/>\n1. Ndalimi i l\u00ebnd\u00ebve pezull, nga 5 deri n\u00eb 60 mikron: Me fish\u00ebke polipropileni nj\u00eb p\u00ebrdorim\u00ebsh,<br \/>\nqeramike-r\u00ebre-inoksi-membrana t\u00eb cilat mund t\u00eb lahen dhe t\u00eb p\u00ebrdoren p\u00ebr q\u00ebllime t\u00eb ndryshme.<br \/>\n2. Ndalimi i l\u00ebnd\u00ebve pezull, klorit, shijes apo er\u00ebs s\u00eb keqe (fishek\u00eb me karbon aktiv): K\u00ebto jane fishek\u00eb me\u00a0dopjo-veprim. Pjesa e tyre e jashtme ndalon l\u00ebnd\u00ebt pezull me madh\u00ebsi maksimale 20 mikron. Nd\u00ebrsa pjesa e tyre e\u00a0brend\u00ebshme \u00ebsht\u00eb me karbon aktiv dhe ndalon klorin, shijen, er\u00ebn e keqe t\u00eb ujit etj. K\u00ebto jan\u00eb fisheke me nj\u00eb p\u00ebrdorim.\u00a0Fishek\u00ebt jane bazuar mbi specifikime nd\u00ebrkomb\u00ebtare p\u00ebrsa i p\u00ebrket p\u00ebrmasave prandaj ato i p\u00ebrshtaten cdo filtri.<br \/>\n3. Filtra me krip\u00ebra t\u00eb polifosfateve: Krip\u00ebrat e polifosfateve mund t\u00eb kthejn\u00eb krip\u00ebrat e tretura t\u00eb kalciumit dhe\u00a0magnezit n\u00eb t\u00eb patret\u00ebshme. N\u00eb k\u00ebt\u00eb m\u00ebnyr\u00eb, ato nuk depozitohen n\u00eb siperfaqet metalike dhe tuba, duke eliminuar\u00a0k\u00ebshtu korrozionin pra g\u00ebrryerjen e tyre.[\/vc_column_text][\/vc_column][\/vc_row][vc_row type=&#8221;vc_default&#8221; css=&#8221;.vc_custom_1487930556742{background-color: #ffffff !important;}&#8221;][vc_column width=&#8221;1\/4&#8243;][vc_single_image image=&#8221;282&#8243; img_size=&#8221;full&#8221; onclick=&#8221;link_image&#8221;][\/vc_column][vc_column width=&#8221;1\/4&#8243;][vc_single_image image=&#8221;283&#8243; img_size=&#8221;full&#8221; onclick=&#8221;link_image&#8221;][\/vc_column][vc_column width=&#8221;1\/4&#8243;][vc_single_image image=&#8221;284&#8243; img_size=&#8221;full&#8221; onclick=&#8221;link_image&#8221;][\/vc_column][vc_column width=&#8221;1\/4&#8243;][vc_single_image image=&#8221;285&#8243; img_size=&#8221;full&#8221; onclick=&#8221;link_image&#8221;][\/vc_column][\/vc_row]<\/p>\n<\/div>","protected":false},"excerpt":{"rendered":"<p>[vc_row type=&#8221;vc_default&#8221; css=&#8221;.vc_custom_1487927698209{background-color: #ffffff !important;}&#8221;][vc_column width=&#8221;1\/3&#8243;][vc_single_image image=&#8221;279&#8243; img_size=&#8221;full&#8221; onclick=&#8221;link_image&#8221;][vc_single_image image=&#8221;281&#8243; img_size=&#8221;full&#8221; onclick=&#8221;link_image&#8221;][\/vc_column][vc_column width=&#8221;2\/3&#8243;][vc_empty_space][vc_column_text]Seria jon\u00eb e filtrave ka p\u00ebrmasa t\u00eb ndryshme dhe fishek\u00eb t\u00eb vecant\u00eb,kjo n\u00eb var\u00ebsi te p\u00ebrdorimit t\u00eb tyre. Ato mbulojn\u00eb cdo nevoj\u00eb p\u00ebr ujin\u00a0e pijsh\u00ebm, filtrimin apo p\u00ebrdorime t\u00eb tjera t\u00eb tij. 1. Ndalimi i l\u00ebnd\u00ebve pezull, nga 5 deri n\u00eb 60 mikron:&hellip;<\/p>\n","protected":false},"author":2,"featured_media":0,"parent":0,"menu_order":0,"comment_status":"closed","ping_status":"closed","template":"","meta":{"footnotes":""},"class_list":["post-277","page","type-page","status-publish","hentry","description-off"],"yoast_head":"<!-- This site is optimized with the Yoast SEO plugin v26.7 - https:\/\/yoast.com\/wordpress\/plugins\/seo\/ -->\n<title>Filtra Sht\u00ebpiak p\u00ebr Uj\u00eb t\u00eb Past\u00ebr n\u00eb P\u00ebrdorime t\u00eb Ndryshme | EWT Albania<\/title>\n<meta name=\"description\" content=\"EWT Albania ofron filtra sht\u00ebpiak p\u00ebr uj\u00eb, t\u00eb p\u00ebrshtatsh\u00ebm p\u00ebr p\u00ebrdorime t\u00eb ndryshme n\u00eb sht\u00ebpi, duke siguruar uj\u00eb t\u00eb past\u00ebr, t\u00eb sh\u00ebndetsh\u00ebm dhe t\u00eb sigurt p\u00ebr pije, gatim dhe pastrim.\" \/>\n<meta name=\"robots\" content=\"index, follow, max-snippet:-1, max-image-preview:large, max-video-preview:-1\" \/>\n<link rel=\"canonical\" href=\"https:\/\/ewt.al\/index.php\/filtra-shtepiak-uji-per-perdorime-te-ndryshme\/\" \/>\n<meta property=\"og:locale\" content=\"sq_AL\" \/>\n<meta property=\"og:type\" content=\"article\" \/>\n<meta property=\"og:title\" content=\"Filtra Sht\u00ebpiak p\u00ebr Uj\u00eb t\u00eb Past\u00ebr n\u00eb P\u00ebrdorime t\u00eb Ndryshme | EWT Albania\" \/>\n<meta property=\"og:description\" content=\"EWT Albania ofron filtra sht\u00ebpiak p\u00ebr uj\u00eb, t\u00eb p\u00ebrshtatsh\u00ebm p\u00ebr p\u00ebrdorime t\u00eb ndryshme n\u00eb sht\u00ebpi, duke siguruar uj\u00eb t\u00eb past\u00ebr, t\u00eb sh\u00ebndetsh\u00ebm dhe t\u00eb sigurt p\u00ebr pije, gatim dhe pastrim.\" \/>\n<meta property=\"og:url\" content=\"https:\/\/ewt.al\/index.php\/filtra-shtepiak-uji-per-perdorime-te-ndryshme\/\" \/>\n<meta property=\"og:site_name\" content=\"EWT\" \/>\n<meta property=\"article:modified_time\" content=\"2025-10-07T10:30:19+00:00\" \/>\n<meta name=\"twitter:card\" content=\"summary_large_image\" \/>\n<meta name=\"twitter:label1\" content=\"Est. reading time\" \/>\n\t<meta name=\"twitter:data1\" content=\"1 minut\u00eb\" \/>\n<script type=\"application\/ld+json\" class=\"yoast-schema-graph\">{\"@context\":\"https:\/\/schema.org\",\"@graph\":[{\"@type\":\"WebPage\",\"@id\":\"https:\/\/ewt.al\/index.php\/filtra-shtepiak-uji-per-perdorime-te-ndryshme\/\",\"url\":\"https:\/\/ewt.al\/index.php\/filtra-shtepiak-uji-per-perdorime-te-ndryshme\/\",\"name\":\"Filtra Sht\u00ebpiak p\u00ebr Uj\u00eb t\u00eb Past\u00ebr n\u00eb P\u00ebrdorime t\u00eb Ndryshme | EWT Albania\",\"isPartOf\":{\"@id\":\"https:\/\/ewt.al\/#website\"},\"datePublished\":\"2017-02-24T10:03:37+00:00\",\"dateModified\":\"2025-10-07T10:30:19+00:00\",\"description\":\"EWT Albania ofron filtra sht\u00ebpiak p\u00ebr uj\u00eb, t\u00eb p\u00ebrshtatsh\u00ebm p\u00ebr p\u00ebrdorime t\u00eb ndryshme n\u00eb sht\u00ebpi, duke siguruar uj\u00eb t\u00eb past\u00ebr, t\u00eb sh\u00ebndetsh\u00ebm dhe t\u00eb sigurt p\u00ebr pije, gatim dhe pastrim.\",\"breadcrumb\":{\"@id\":\"https:\/\/ewt.al\/index.php\/filtra-shtepiak-uji-per-perdorime-te-ndryshme\/#breadcrumb\"},\"inLanguage\":\"sq\",\"potentialAction\":[{\"@type\":\"ReadAction\",\"target\":[\"https:\/\/ewt.al\/index.php\/filtra-shtepiak-uji-per-perdorime-te-ndryshme\/\"]}]},{\"@type\":\"BreadcrumbList\",\"@id\":\"https:\/\/ewt.al\/index.php\/filtra-shtepiak-uji-per-perdorime-te-ndryshme\/#breadcrumb\",\"itemListElement\":[{\"@type\":\"ListItem\",\"position\":1,\"name\":\"Home\",\"item\":\"https:\/\/ewt.al\/\"},{\"@type\":\"ListItem\",\"position\":2,\"name\":\"FILTRA SHT\u00cbPIAK UJI P\u00cbR P\u00cbRDORIME T\u00cb NDRYSHME\"}]},{\"@type\":\"WebSite\",\"@id\":\"https:\/\/ewt.al\/#website\",\"url\":\"https:\/\/ewt.al\/\",\"name\":\"EWT\",\"description\":\"European Water Technologies\",\"potentialAction\":[{\"@type\":\"SearchAction\",\"target\":{\"@type\":\"EntryPoint\",\"urlTemplate\":\"https:\/\/ewt.al\/?s={search_term_string}\"},\"query-input\":{\"@type\":\"PropertyValueSpecification\",\"valueRequired\":true,\"valueName\":\"search_term_string\"}}],\"inLanguage\":\"sq\"}]}<\/script>\n<!-- \/ Yoast SEO plugin. -->","yoast_head_json":{"title":"Filtra Sht\u00ebpiak p\u00ebr Uj\u00eb t\u00eb Past\u00ebr n\u00eb P\u00ebrdorime t\u00eb Ndryshme | EWT Albania","description":"EWT Albania ofron filtra sht\u00ebpiak p\u00ebr uj\u00eb, t\u00eb p\u00ebrshtatsh\u00ebm p\u00ebr p\u00ebrdorime t\u00eb ndryshme n\u00eb sht\u00ebpi, duke siguruar uj\u00eb t\u00eb past\u00ebr, t\u00eb sh\u00ebndetsh\u00ebm dhe t\u00eb sigurt p\u00ebr pije, gatim dhe pastrim.","robots":{"index":"index","follow":"follow","max-snippet":"max-snippet:-1","max-image-preview":"max-image-preview:large","max-video-preview":"max-video-preview:-1"},"canonical":"https:\/\/ewt.al\/index.php\/filtra-shtepiak-uji-per-perdorime-te-ndryshme\/","og_locale":"sq_AL","og_type":"article","og_title":"Filtra Sht\u00ebpiak p\u00ebr Uj\u00eb t\u00eb Past\u00ebr n\u00eb P\u00ebrdorime t\u00eb Ndryshme | EWT Albania","og_description":"EWT Albania ofron filtra sht\u00ebpiak p\u00ebr uj\u00eb, t\u00eb p\u00ebrshtatsh\u00ebm p\u00ebr p\u00ebrdorime t\u00eb ndryshme n\u00eb sht\u00ebpi, duke siguruar uj\u00eb t\u00eb past\u00ebr, t\u00eb sh\u00ebndetsh\u00ebm dhe t\u00eb sigurt p\u00ebr pije, gatim dhe pastrim.","og_url":"https:\/\/ewt.al\/index.php\/filtra-shtepiak-uji-per-perdorime-te-ndryshme\/","og_site_name":"EWT","article_modified_time":"2025-10-07T10:30:19+00:00","twitter_card":"summary_large_image","twitter_misc":{"Est. reading time":"1 minut\u00eb"},"schema":{"@context":"https:\/\/schema.org","@graph":[{"@type":"WebPage","@id":"https:\/\/ewt.al\/index.php\/filtra-shtepiak-uji-per-perdorime-te-ndryshme\/","url":"https:\/\/ewt.al\/index.php\/filtra-shtepiak-uji-per-perdorime-te-ndryshme\/","name":"Filtra Sht\u00ebpiak p\u00ebr Uj\u00eb t\u00eb Past\u00ebr n\u00eb P\u00ebrdorime t\u00eb Ndryshme | EWT Albania","isPartOf":{"@id":"https:\/\/ewt.al\/#website"},"datePublished":"2017-02-24T10:03:37+00:00","dateModified":"2025-10-07T10:30:19+00:00","description":"EWT Albania ofron filtra sht\u00ebpiak p\u00ebr uj\u00eb, t\u00eb p\u00ebrshtatsh\u00ebm p\u00ebr p\u00ebrdorime t\u00eb ndryshme n\u00eb sht\u00ebpi, duke siguruar uj\u00eb t\u00eb past\u00ebr, t\u00eb sh\u00ebndetsh\u00ebm dhe t\u00eb sigurt p\u00ebr pije, gatim dhe pastrim.","breadcrumb":{"@id":"https:\/\/ewt.al\/index.php\/filtra-shtepiak-uji-per-perdorime-te-ndryshme\/#breadcrumb"},"inLanguage":"sq","potentialAction":[{"@type":"ReadAction","target":["https:\/\/ewt.al\/index.php\/filtra-shtepiak-uji-per-perdorime-te-ndryshme\/"]}]},{"@type":"BreadcrumbList","@id":"https:\/\/ewt.al\/index.php\/filtra-shtepiak-uji-per-perdorime-te-ndryshme\/#breadcrumb","itemListElement":[{"@type":"ListItem","position":1,"name":"Home","item":"https:\/\/ewt.al\/"},{"@type":"ListItem","position":2,"name":"FILTRA SHT\u00cbPIAK UJI P\u00cbR P\u00cbRDORIME T\u00cb NDRYSHME"}]},{"@type":"WebSite","@id":"https:\/\/ewt.al\/#website","url":"https:\/\/ewt.al\/","name":"EWT","description":"European Water Technologies","potentialAction":[{"@type":"SearchAction","target":{"@type":"EntryPoint","urlTemplate":"https:\/\/ewt.al\/?s={search_term_string}"},"query-input":{"@type":"PropertyValueSpecification","valueRequired":true,"valueName":"search_term_string"}}],"inLanguage":"sq"}]}},"_links":{"self":[{"href":"https:\/\/ewt.al\/index.php\/wp-json\/wp\/v2\/pages\/277","targetHints":{"allow":["GET"]}}],"collection":[{"href":"https:\/\/ewt.al\/index.php\/wp-json\/wp\/v2\/pages"}],"about":[{"href":"https:\/\/ewt.al\/index.php\/wp-json\/wp\/v2\/types\/page"}],"author":[{"embeddable":true,"href":"https:\/\/ewt.al\/index.php\/wp-json\/wp\/v2\/users\/2"}],"replies":[{"embeddable":true,"href":"https:\/\/ewt.al\/index.php\/wp-json\/wp\/v2\/comments?post=277"}],"version-history":[{"count":5,"href":"https:\/\/ewt.al\/index.php\/wp-json\/wp\/v2\/pages\/277\/revisions"}],"predecessor-version":[{"id":388,"href":"https:\/\/ewt.al\/index.php\/wp-json\/wp\/v2\/pages\/277\/revisions\/388"}],"wp:attachment":[{"href":"https:\/\/ewt.al\/index.php\/wp-json\/wp\/v2\/media?parent=277"}],"curies":[{"name":"wp","href":"https:\/\/api.w.org\/{rel}","templated":true}]}}