{"id":272,"date":"2017-02-24T09:57:16","date_gmt":"2017-02-24T09:57:16","guid":{"rendered":"http:\/\/new.ewt.al\/?page_id=272"},"modified":"2025-10-07T10:22:12","modified_gmt":"2025-10-07T10:22:12","slug":"filtrat-e-reres","status":"publish","type":"page","link":"https:\/\/ewt.al\/index.php\/filtrat-e-reres\/","title":{"rendered":"FILTRAT E R\u00cbR\u00cbS"},"content":{"rendered":"<div class=\"wpb-content-wrapper\"><p>[vc_row type=&#8221;vc_default&#8221; css=&#8221;.vc_custom_1487927698209{background-color: #ffffff !important;}&#8221;][vc_column width=&#8221;1\/3&#8243;][vc_empty_space height=&#8221;10px&#8221;][vc_single_image image=&#8221;274&#8243; img_size=&#8221;full&#8221; onclick=&#8221;link_image&#8221;][\/vc_column][vc_column width=&#8221;2\/3&#8243;][vc_column_text]Filtrat e r\u00ebr\u00ebs p\u00ebrdoren p\u00ebr ndalimin e l\u00ebnd\u00ebve pezull,\u00a0turbullirat dhe grimcat e tjera nga uji i pap\u00ebrpunuar.\u00a0Sistemi funksionon duke vendosur zhavorr t\u00eb p\u00ebrmasave\u00a0t\u00eb ndryshme me shtresa. Filtrat e reres p\u00ebrb\u00ebhen nga\u00a0granula me permasa t\u00eb ndryshme zhavorri, kuarci, rere\u00a0dhe Antraciti (qymyrguri) n\u00eb shtres\u00ebn e sip\u00ebrme e cila\u00a0formon nje kalim multi shtresor. Nd\u00ebrsa uji i pap\u00ebrpunuar\u00a0l\u00ebviz nga lart posht\u00eb, trupat e ngurt\u00eb ndahen nga uji.\u00a0Pra uji do t\u00eb pastrohet nga l\u00ebnd\u00ebt e ngurta dhe do t\u00eb\u00a0ket\u00eb nj\u00eb pamje t\u00eb past\u00ebr. Filtrat e r\u00ebr\u00ebs jan\u00eb zgjidhja juaj\u00a0m\u00eb e p\u00ebrshtatshme p\u00ebr filtrimin n\u00eb kapacitete dhe cil\u00ebsi\u00a0te ndryshme. K\u00ebto filtra mund t\u00eb funksionojn\u00eb manualisht\u00a0apo me lloje t\u00eb ndryshme valvulash.[\/vc_column_text][\/vc_column][\/vc_row]<\/p>\n<\/div>","protected":false},"excerpt":{"rendered":"<p>[vc_row type=&#8221;vc_default&#8221; css=&#8221;.vc_custom_1487927698209{background-color: #ffffff !important;}&#8221;][vc_column width=&#8221;1\/3&#8243;][vc_empty_space height=&#8221;10px&#8221;][vc_single_image image=&#8221;274&#8243; img_size=&#8221;full&#8221; onclick=&#8221;link_image&#8221;][\/vc_column][vc_column width=&#8221;2\/3&#8243;][vc_column_text]Filtrat e r\u00ebr\u00ebs p\u00ebrdoren p\u00ebr ndalimin e l\u00ebnd\u00ebve pezull,\u00a0turbullirat dhe grimcat e tjera nga uji i pap\u00ebrpunuar.\u00a0Sistemi funksionon duke vendosur zhavorr t\u00eb p\u00ebrmasave\u00a0t\u00eb ndryshme me shtresa. Filtrat e reres p\u00ebrb\u00ebhen nga\u00a0granula me permasa t\u00eb ndryshme zhavorri, kuarci, rere\u00a0dhe Antraciti (qymyrguri) n\u00eb shtres\u00ebn e sip\u00ebrme e&hellip;<\/p>\n","protected":false},"author":2,"featured_media":0,"parent":0,"menu_order":0,"comment_status":"closed","ping_status":"closed","template":"","meta":{"footnotes":""},"class_list":["post-272","page","type-page","status-publish","hentry","description-off"],"yoast_head":"<!-- This site is optimized with the Yoast SEO plugin v26.7 - https:\/\/yoast.com\/wordpress\/plugins\/seo\/ -->\n<title>Filtrat e R\u00ebr\u00ebs p\u00ebr Trajtimin e Ujit | EWT Albania<\/title>\n<meta name=\"description\" content=\"EWT Albania ofron filtra t\u00eb r\u00ebr\u00ebs p\u00ebr pastrimin e ujit nga grimcat e m\u00ebdha dhe papast\u00ebrtit\u00eb. Ideale p\u00ebr sht\u00ebpi, industri dhe institucione q\u00eb k\u00ebrkojn\u00eb uj\u00eb t\u00eb past\u00ebr dhe t\u00eb sigurt.\" \/>\n<meta name=\"robots\" content=\"index, follow, max-snippet:-1, max-image-preview:large, max-video-preview:-1\" \/>\n<link rel=\"canonical\" href=\"https:\/\/ewt.al\/index.php\/filtrat-e-reres\/\" \/>\n<meta property=\"og:locale\" content=\"sq_AL\" \/>\n<meta property=\"og:type\" content=\"article\" \/>\n<meta property=\"og:title\" content=\"Filtrat e R\u00ebr\u00ebs p\u00ebr Trajtimin e Ujit | EWT Albania\" \/>\n<meta property=\"og:description\" content=\"EWT Albania ofron filtra t\u00eb r\u00ebr\u00ebs p\u00ebr pastrimin e ujit nga grimcat e m\u00ebdha dhe papast\u00ebrtit\u00eb. Ideale p\u00ebr sht\u00ebpi, industri dhe institucione q\u00eb k\u00ebrkojn\u00eb uj\u00eb t\u00eb past\u00ebr dhe t\u00eb sigurt.\" \/>\n<meta property=\"og:url\" content=\"https:\/\/ewt.al\/index.php\/filtrat-e-reres\/\" \/>\n<meta property=\"og:site_name\" content=\"EWT\" \/>\n<meta property=\"article:modified_time\" content=\"2025-10-07T10:22:12+00:00\" \/>\n<meta name=\"twitter:card\" content=\"summary_large_image\" \/>\n<meta name=\"twitter:label1\" content=\"Est. reading time\" \/>\n\t<meta name=\"twitter:data1\" content=\"1 minut\u00eb\" \/>\n<script type=\"application\/ld+json\" class=\"yoast-schema-graph\">{\"@context\":\"https:\/\/schema.org\",\"@graph\":[{\"@type\":\"WebPage\",\"@id\":\"https:\/\/ewt.al\/index.php\/filtrat-e-reres\/\",\"url\":\"https:\/\/ewt.al\/index.php\/filtrat-e-reres\/\",\"name\":\"Filtrat e R\u00ebr\u00ebs p\u00ebr Trajtimin e Ujit | EWT Albania\",\"isPartOf\":{\"@id\":\"https:\/\/ewt.al\/#website\"},\"datePublished\":\"2017-02-24T09:57:16+00:00\",\"dateModified\":\"2025-10-07T10:22:12+00:00\",\"description\":\"EWT Albania ofron filtra t\u00eb r\u00ebr\u00ebs p\u00ebr pastrimin e ujit nga grimcat e m\u00ebdha dhe papast\u00ebrtit\u00eb. Ideale p\u00ebr sht\u00ebpi, industri dhe institucione q\u00eb k\u00ebrkojn\u00eb uj\u00eb t\u00eb past\u00ebr dhe t\u00eb sigurt.\",\"breadcrumb\":{\"@id\":\"https:\/\/ewt.al\/index.php\/filtrat-e-reres\/#breadcrumb\"},\"inLanguage\":\"sq\",\"potentialAction\":[{\"@type\":\"ReadAction\",\"target\":[\"https:\/\/ewt.al\/index.php\/filtrat-e-reres\/\"]}]},{\"@type\":\"BreadcrumbList\",\"@id\":\"https:\/\/ewt.al\/index.php\/filtrat-e-reres\/#breadcrumb\",\"itemListElement\":[{\"@type\":\"ListItem\",\"position\":1,\"name\":\"Home\",\"item\":\"https:\/\/ewt.al\/\"},{\"@type\":\"ListItem\",\"position\":2,\"name\":\"FILTRAT E R\u00cbR\u00cbS\"}]},{\"@type\":\"WebSite\",\"@id\":\"https:\/\/ewt.al\/#website\",\"url\":\"https:\/\/ewt.al\/\",\"name\":\"EWT\",\"description\":\"European Water Technologies\",\"potentialAction\":[{\"@type\":\"SearchAction\",\"target\":{\"@type\":\"EntryPoint\",\"urlTemplate\":\"https:\/\/ewt.al\/?s={search_term_string}\"},\"query-input\":{\"@type\":\"PropertyValueSpecification\",\"valueRequired\":true,\"valueName\":\"search_term_string\"}}],\"inLanguage\":\"sq\"}]}<\/script>\n<!-- \/ Yoast SEO plugin. -->","yoast_head_json":{"title":"Filtrat e R\u00ebr\u00ebs p\u00ebr Trajtimin e Ujit | EWT Albania","description":"EWT Albania ofron filtra t\u00eb r\u00ebr\u00ebs p\u00ebr pastrimin e ujit nga grimcat e m\u00ebdha dhe papast\u00ebrtit\u00eb. Ideale p\u00ebr sht\u00ebpi, industri dhe institucione q\u00eb k\u00ebrkojn\u00eb uj\u00eb t\u00eb past\u00ebr dhe t\u00eb sigurt.","robots":{"index":"index","follow":"follow","max-snippet":"max-snippet:-1","max-image-preview":"max-image-preview:large","max-video-preview":"max-video-preview:-1"},"canonical":"https:\/\/ewt.al\/index.php\/filtrat-e-reres\/","og_locale":"sq_AL","og_type":"article","og_title":"Filtrat e R\u00ebr\u00ebs p\u00ebr Trajtimin e Ujit | EWT Albania","og_description":"EWT Albania ofron filtra t\u00eb r\u00ebr\u00ebs p\u00ebr pastrimin e ujit nga grimcat e m\u00ebdha dhe papast\u00ebrtit\u00eb. Ideale p\u00ebr sht\u00ebpi, industri dhe institucione q\u00eb k\u00ebrkojn\u00eb uj\u00eb t\u00eb past\u00ebr dhe t\u00eb sigurt.","og_url":"https:\/\/ewt.al\/index.php\/filtrat-e-reres\/","og_site_name":"EWT","article_modified_time":"2025-10-07T10:22:12+00:00","twitter_card":"summary_large_image","twitter_misc":{"Est. reading time":"1 minut\u00eb"},"schema":{"@context":"https:\/\/schema.org","@graph":[{"@type":"WebPage","@id":"https:\/\/ewt.al\/index.php\/filtrat-e-reres\/","url":"https:\/\/ewt.al\/index.php\/filtrat-e-reres\/","name":"Filtrat e R\u00ebr\u00ebs p\u00ebr Trajtimin e Ujit | EWT Albania","isPartOf":{"@id":"https:\/\/ewt.al\/#website"},"datePublished":"2017-02-24T09:57:16+00:00","dateModified":"2025-10-07T10:22:12+00:00","description":"EWT Albania ofron filtra t\u00eb r\u00ebr\u00ebs p\u00ebr pastrimin e ujit nga grimcat e m\u00ebdha dhe papast\u00ebrtit\u00eb. Ideale p\u00ebr sht\u00ebpi, industri dhe institucione q\u00eb k\u00ebrkojn\u00eb uj\u00eb t\u00eb past\u00ebr dhe t\u00eb sigurt.","breadcrumb":{"@id":"https:\/\/ewt.al\/index.php\/filtrat-e-reres\/#breadcrumb"},"inLanguage":"sq","potentialAction":[{"@type":"ReadAction","target":["https:\/\/ewt.al\/index.php\/filtrat-e-reres\/"]}]},{"@type":"BreadcrumbList","@id":"https:\/\/ewt.al\/index.php\/filtrat-e-reres\/#breadcrumb","itemListElement":[{"@type":"ListItem","position":1,"name":"Home","item":"https:\/\/ewt.al\/"},{"@type":"ListItem","position":2,"name":"FILTRAT E R\u00cbR\u00cbS"}]},{"@type":"WebSite","@id":"https:\/\/ewt.al\/#website","url":"https:\/\/ewt.al\/","name":"EWT","description":"European Water Technologies","potentialAction":[{"@type":"SearchAction","target":{"@type":"EntryPoint","urlTemplate":"https:\/\/ewt.al\/?s={search_term_string}"},"query-input":{"@type":"PropertyValueSpecification","valueRequired":true,"valueName":"search_term_string"}}],"inLanguage":"sq"}]}},"_links":{"self":[{"href":"https:\/\/ewt.al\/index.php\/wp-json\/wp\/v2\/pages\/272","targetHints":{"allow":["GET"]}}],"collection":[{"href":"https:\/\/ewt.al\/index.php\/wp-json\/wp\/v2\/pages"}],"about":[{"href":"https:\/\/ewt.al\/index.php\/wp-json\/wp\/v2\/types\/page"}],"author":[{"embeddable":true,"href":"https:\/\/ewt.al\/index.php\/wp-json\/wp\/v2\/users\/2"}],"replies":[{"embeddable":true,"href":"https:\/\/ewt.al\/index.php\/wp-json\/wp\/v2\/comments?post=272"}],"version-history":[{"count":3,"href":"https:\/\/ewt.al\/index.php\/wp-json\/wp\/v2\/pages\/272\/revisions"}],"predecessor-version":[{"id":387,"href":"https:\/\/ewt.al\/index.php\/wp-json\/wp\/v2\/pages\/272\/revisions\/387"}],"wp:attachment":[{"href":"https:\/\/ewt.al\/index.php\/wp-json\/wp\/v2\/media?parent=272"}],"curies":[{"name":"wp","href":"https:\/\/api.w.org\/{rel}","templated":true}]}}