{"id":266,"date":"2017-02-24T09:54:52","date_gmt":"2017-02-24T09:54:52","guid":{"rendered":"http:\/\/new.ewt.al\/?page_id=266"},"modified":"2025-10-07T10:20:07","modified_gmt":"2025-10-07T10:20:07","slug":"filtra-me-karbon-aktiv","status":"publish","type":"page","link":"https:\/\/ewt.al\/index.php\/filtra-me-karbon-aktiv\/","title":{"rendered":"FILTRA ME KARBON AKTIV"},"content":{"rendered":"<div class=\"wpb-content-wrapper\"><p>[vc_row type=&#8221;vc_default&#8221; css=&#8221;.vc_custom_1487927698209{background-color: #ffffff !important;}&#8221;][vc_column width=&#8221;1\/3&#8243;][vc_single_image image=&#8221;269&#8243; img_size=&#8221;full&#8221; onclick=&#8221;link_image&#8221;][\/vc_column][vc_column width=&#8221;2\/3&#8243;][vc_column_text]Filtrat me karbon aktiv p\u00ebrdoren p\u00ebr t\u00eb eliminuar l\u00ebnd\u00ebt organike\u00a0dhe ngjyr\u00ebn nga uji, gjithashtu \u00ebsht\u00eb mjaft efektiv dhe n\u00eb eliminimie klorit, kloraminave dhe dezinfektimit te produktit. Vargu i filtrit\u00a0p\u00ebrmban kuarc si shtres\u00eb fundore dhe mineralin e karbonit aktiv\u00a0si p\u00ebrb\u00ebr\u00ebs kryesor t\u00eb filtrit. Karboni aktiv bllokon papast\u00ebrtit\u00eb\u00a0fal\u00eb sip\u00ebrfaqes s\u00eb tij t\u00eb madhe t\u00eb kontaktit. Minerali i karbonit aktiv\u00a0\u00ebsht\u00eb materiali perfekt p\u00ebr p\u00ebrthithjen e l\u00ebnd\u00ebve organike. P\u00ebr k\u00ebt\u00eb\u00a0arsye filtrat me karbon aktiv jan\u00eb sisteme pastrimi fiziko-kimike.[\/vc_column_text][\/vc_column][\/vc_row]<\/p>\n<\/div>","protected":false},"excerpt":{"rendered":"<p>[vc_row type=&#8221;vc_default&#8221; css=&#8221;.vc_custom_1487927698209{background-color: #ffffff !important;}&#8221;][vc_column width=&#8221;1\/3&#8243;][vc_single_image image=&#8221;269&#8243; img_size=&#8221;full&#8221; onclick=&#8221;link_image&#8221;][\/vc_column][vc_column width=&#8221;2\/3&#8243;][vc_column_text]Filtrat me karbon aktiv p\u00ebrdoren p\u00ebr t\u00eb eliminuar l\u00ebnd\u00ebt organike\u00a0dhe ngjyr\u00ebn nga uji, gjithashtu \u00ebsht\u00eb mjaft efektiv dhe n\u00eb eliminimie klorit, kloraminave dhe dezinfektimit te produktit. Vargu i filtrit\u00a0p\u00ebrmban kuarc si shtres\u00eb fundore dhe mineralin e karbonit aktiv\u00a0si p\u00ebrb\u00ebr\u00ebs kryesor t\u00eb filtrit. Karboni aktiv bllokon papast\u00ebrtit\u00eb\u00a0fal\u00eb&hellip;<\/p>\n","protected":false},"author":2,"featured_media":0,"parent":0,"menu_order":0,"comment_status":"closed","ping_status":"closed","template":"","meta":{"footnotes":""},"class_list":["post-266","page","type-page","status-publish","hentry","description-off"],"yoast_head":"<!-- This site is optimized with the Yoast SEO plugin v26.7 - https:\/\/yoast.com\/wordpress\/plugins\/seo\/ -->\n<title>Filtra me Karbon Aktiv p\u00ebr Trajtimin e Ujit | EWT Albania<\/title>\n<meta name=\"description\" content=\"EWT Albania ofron filtra me karbon aktiv p\u00ebr pastrimin dhe p\u00ebrmir\u00ebsimin e cil\u00ebsis\u00eb s\u00eb ujit. Ideale p\u00ebr sht\u00ebpi, industri dhe institucione, p\u00ebr uj\u00eb t\u00eb past\u00ebr, t\u00eb sigurt dhe pa klor.\" \/>\n<meta name=\"robots\" content=\"index, follow, max-snippet:-1, max-image-preview:large, max-video-preview:-1\" \/>\n<link rel=\"canonical\" href=\"https:\/\/ewt.al\/index.php\/filtra-me-karbon-aktiv\/\" \/>\n<meta property=\"og:locale\" content=\"sq_AL\" \/>\n<meta property=\"og:type\" content=\"article\" \/>\n<meta property=\"og:title\" content=\"Filtra me Karbon Aktiv p\u00ebr Trajtimin e Ujit | EWT Albania\" \/>\n<meta property=\"og:description\" content=\"EWT Albania ofron filtra me karbon aktiv p\u00ebr pastrimin dhe p\u00ebrmir\u00ebsimin e cil\u00ebsis\u00eb s\u00eb ujit. Ideale p\u00ebr sht\u00ebpi, industri dhe institucione, p\u00ebr uj\u00eb t\u00eb past\u00ebr, t\u00eb sigurt dhe pa klor.\" \/>\n<meta property=\"og:url\" content=\"https:\/\/ewt.al\/index.php\/filtra-me-karbon-aktiv\/\" \/>\n<meta property=\"og:site_name\" content=\"EWT\" \/>\n<meta property=\"article:modified_time\" content=\"2025-10-07T10:20:07+00:00\" \/>\n<meta name=\"twitter:card\" content=\"summary_large_image\" \/>\n<meta name=\"twitter:label1\" content=\"Est. reading time\" \/>\n\t<meta name=\"twitter:data1\" content=\"1 minut\u00eb\" \/>\n<script type=\"application\/ld+json\" class=\"yoast-schema-graph\">{\"@context\":\"https:\/\/schema.org\",\"@graph\":[{\"@type\":\"WebPage\",\"@id\":\"https:\/\/ewt.al\/index.php\/filtra-me-karbon-aktiv\/\",\"url\":\"https:\/\/ewt.al\/index.php\/filtra-me-karbon-aktiv\/\",\"name\":\"Filtra me Karbon Aktiv p\u00ebr Trajtimin e Ujit | EWT Albania\",\"isPartOf\":{\"@id\":\"https:\/\/ewt.al\/#website\"},\"datePublished\":\"2017-02-24T09:54:52+00:00\",\"dateModified\":\"2025-10-07T10:20:07+00:00\",\"description\":\"EWT Albania ofron filtra me karbon aktiv p\u00ebr pastrimin dhe p\u00ebrmir\u00ebsimin e cil\u00ebsis\u00eb s\u00eb ujit. Ideale p\u00ebr sht\u00ebpi, industri dhe institucione, p\u00ebr uj\u00eb t\u00eb past\u00ebr, t\u00eb sigurt dhe pa klor.\",\"breadcrumb\":{\"@id\":\"https:\/\/ewt.al\/index.php\/filtra-me-karbon-aktiv\/#breadcrumb\"},\"inLanguage\":\"sq\",\"potentialAction\":[{\"@type\":\"ReadAction\",\"target\":[\"https:\/\/ewt.al\/index.php\/filtra-me-karbon-aktiv\/\"]}]},{\"@type\":\"BreadcrumbList\",\"@id\":\"https:\/\/ewt.al\/index.php\/filtra-me-karbon-aktiv\/#breadcrumb\",\"itemListElement\":[{\"@type\":\"ListItem\",\"position\":1,\"name\":\"Home\",\"item\":\"https:\/\/ewt.al\/\"},{\"@type\":\"ListItem\",\"position\":2,\"name\":\"FILTRA ME KARBON AKTIV\"}]},{\"@type\":\"WebSite\",\"@id\":\"https:\/\/ewt.al\/#website\",\"url\":\"https:\/\/ewt.al\/\",\"name\":\"EWT\",\"description\":\"European Water Technologies\",\"potentialAction\":[{\"@type\":\"SearchAction\",\"target\":{\"@type\":\"EntryPoint\",\"urlTemplate\":\"https:\/\/ewt.al\/?s={search_term_string}\"},\"query-input\":{\"@type\":\"PropertyValueSpecification\",\"valueRequired\":true,\"valueName\":\"search_term_string\"}}],\"inLanguage\":\"sq\"}]}<\/script>\n<!-- \/ Yoast SEO plugin. -->","yoast_head_json":{"title":"Filtra me Karbon Aktiv p\u00ebr Trajtimin e Ujit | EWT Albania","description":"EWT Albania ofron filtra me karbon aktiv p\u00ebr pastrimin dhe p\u00ebrmir\u00ebsimin e cil\u00ebsis\u00eb s\u00eb ujit. Ideale p\u00ebr sht\u00ebpi, industri dhe institucione, p\u00ebr uj\u00eb t\u00eb past\u00ebr, t\u00eb sigurt dhe pa klor.","robots":{"index":"index","follow":"follow","max-snippet":"max-snippet:-1","max-image-preview":"max-image-preview:large","max-video-preview":"max-video-preview:-1"},"canonical":"https:\/\/ewt.al\/index.php\/filtra-me-karbon-aktiv\/","og_locale":"sq_AL","og_type":"article","og_title":"Filtra me Karbon Aktiv p\u00ebr Trajtimin e Ujit | EWT Albania","og_description":"EWT Albania ofron filtra me karbon aktiv p\u00ebr pastrimin dhe p\u00ebrmir\u00ebsimin e cil\u00ebsis\u00eb s\u00eb ujit. Ideale p\u00ebr sht\u00ebpi, industri dhe institucione, p\u00ebr uj\u00eb t\u00eb past\u00ebr, t\u00eb sigurt dhe pa klor.","og_url":"https:\/\/ewt.al\/index.php\/filtra-me-karbon-aktiv\/","og_site_name":"EWT","article_modified_time":"2025-10-07T10:20:07+00:00","twitter_card":"summary_large_image","twitter_misc":{"Est. reading time":"1 minut\u00eb"},"schema":{"@context":"https:\/\/schema.org","@graph":[{"@type":"WebPage","@id":"https:\/\/ewt.al\/index.php\/filtra-me-karbon-aktiv\/","url":"https:\/\/ewt.al\/index.php\/filtra-me-karbon-aktiv\/","name":"Filtra me Karbon Aktiv p\u00ebr Trajtimin e Ujit | EWT Albania","isPartOf":{"@id":"https:\/\/ewt.al\/#website"},"datePublished":"2017-02-24T09:54:52+00:00","dateModified":"2025-10-07T10:20:07+00:00","description":"EWT Albania ofron filtra me karbon aktiv p\u00ebr pastrimin dhe p\u00ebrmir\u00ebsimin e cil\u00ebsis\u00eb s\u00eb ujit. Ideale p\u00ebr sht\u00ebpi, industri dhe institucione, p\u00ebr uj\u00eb t\u00eb past\u00ebr, t\u00eb sigurt dhe pa klor.","breadcrumb":{"@id":"https:\/\/ewt.al\/index.php\/filtra-me-karbon-aktiv\/#breadcrumb"},"inLanguage":"sq","potentialAction":[{"@type":"ReadAction","target":["https:\/\/ewt.al\/index.php\/filtra-me-karbon-aktiv\/"]}]},{"@type":"BreadcrumbList","@id":"https:\/\/ewt.al\/index.php\/filtra-me-karbon-aktiv\/#breadcrumb","itemListElement":[{"@type":"ListItem","position":1,"name":"Home","item":"https:\/\/ewt.al\/"},{"@type":"ListItem","position":2,"name":"FILTRA ME KARBON AKTIV"}]},{"@type":"WebSite","@id":"https:\/\/ewt.al\/#website","url":"https:\/\/ewt.al\/","name":"EWT","description":"European Water Technologies","potentialAction":[{"@type":"SearchAction","target":{"@type":"EntryPoint","urlTemplate":"https:\/\/ewt.al\/?s={search_term_string}"},"query-input":{"@type":"PropertyValueSpecification","valueRequired":true,"valueName":"search_term_string"}}],"inLanguage":"sq"}]}},"_links":{"self":[{"href":"https:\/\/ewt.al\/index.php\/wp-json\/wp\/v2\/pages\/266","targetHints":{"allow":["GET"]}}],"collection":[{"href":"https:\/\/ewt.al\/index.php\/wp-json\/wp\/v2\/pages"}],"about":[{"href":"https:\/\/ewt.al\/index.php\/wp-json\/wp\/v2\/types\/page"}],"author":[{"embeddable":true,"href":"https:\/\/ewt.al\/index.php\/wp-json\/wp\/v2\/users\/2"}],"replies":[{"embeddable":true,"href":"https:\/\/ewt.al\/index.php\/wp-json\/wp\/v2\/comments?post=266"}],"version-history":[{"count":4,"href":"https:\/\/ewt.al\/index.php\/wp-json\/wp\/v2\/pages\/266\/revisions"}],"predecessor-version":[{"id":374,"href":"https:\/\/ewt.al\/index.php\/wp-json\/wp\/v2\/pages\/266\/revisions\/374"}],"wp:attachment":[{"href":"https:\/\/ewt.al\/index.php\/wp-json\/wp\/v2\/media?parent=266"}],"curies":[{"name":"wp","href":"https:\/\/api.w.org\/{rel}","templated":true}]}}