{"id":260,"date":"2017-02-24T09:52:25","date_gmt":"2017-02-24T09:52:25","guid":{"rendered":"http:\/\/new.ewt.al\/?page_id=260"},"modified":"2025-10-07T10:25:43","modified_gmt":"2025-10-07T10:25:43","slug":"zbutesa-uji","status":"publish","type":"page","link":"https:\/\/ewt.al\/index.php\/zbutesa-uji\/","title":{"rendered":"ZBUTESA UJI"},"content":{"rendered":"<div class=\"wpb-content-wrapper\"><p>[vc_row type=&#8221;vc_default&#8221; css=&#8221;.vc_custom_1487927698209{background-color: #ffffff !important;}&#8221;][vc_column width=&#8221;1\/3&#8243;][vc_single_image image=&#8221;262&#8243; img_size=&#8221;full&#8221; onclick=&#8221;link_image&#8221;][\/vc_column][vc_column width=&#8221;2\/3&#8243;][vc_column_text]<\/p>\n<p>Fort\u00ebsia e ujit \u00ebsht\u00eb grada e kalciumit dhe magnezitshkalla\u00a0e karbonateve t\u00eb kalciumit (g\u00eblqeres) \u2013 t\u00eb tretura n\u00eb\u00a0uj\u00eb. Sa m\u00eb e lart\u00eb t\u00eb jet\u00eb temperatura aq m\u00eb i ul\u00ebt \u00ebsht\u00eb\u00a0kapaciteti tret\u00ebs i ujit p\u00ebr nj\u00eb fort\u00ebsi t\u00eb p\u00ebrkoh\u00ebshme. Sasia\u00a0e g\u00eblqeres, q\u00eb \u00e7lirohet n\u00eb form\u00eb t\u00eb vog\u00ebl t\u00eb kristalt\u00eb gjat\u00eb\u00a0procesit t\u00eb ngrohjes, \u00ebsht\u00eb arsyeja e shum\u00eb problemeve\u00a0n\u00eb boileret me avull, sistemeve dhe kullave ftoh\u00ebse,<br \/>\nsistemeve p\u00ebr lag\u00ebshtin\u00eb e aj\u00ebrit, lavastoviljet, lavatricet,\u00a0makinerit\u00eb e kafeve, kokave t\u00eb dushit, etj.\u00a0Rezina me shk\u00ebmbim jonesh thith jonet e kalciumit dhe\u00a0magnezit (fort\u00ebsia) dhe i z\u00ebvend\u00ebson ato me jone natriumi\u00a0q\u00eb jan\u00eb m\u00eb pak problematike p\u00ebr sistemet e ujit dhe nuk<br \/>\ndo krijojn\u00eb shtres\u00ebzime.\u00a0Sistemet e zbut\u00ebsave t\u00eb ujit mund t\u00eb jen\u00eb t\u00eb llojit Duplex\u00a0(dopjo) ose Single (tek). T\u00eb dy sistemet jan\u00eb plot\u00ebsisht\u00a0automatik. Periudha e rigjenerimit mund t\u00eb kontrollohet\u00a0sipas prurjes, koh\u00ebs apo fort\u00ebsise. Kushdo qofte problemi\u00a0i ujit tuaj industrial, ne mund tju ofrojm\u00eb aplikimin ideal dhe\u00a0n\u00eb t\u00eb nj\u00ebjt\u00ebn koh\u00eb at\u00eb m\u00eb efektiv p\u00ebr nevojat tuaja.<\/p>\n<p>[\/vc_column_text][\/vc_column][\/vc_row]<\/p>\n<\/div>","protected":false},"excerpt":{"rendered":"<p>[vc_row type=&#8221;vc_default&#8221; css=&#8221;.vc_custom_1487927698209{background-color: #ffffff !important;}&#8221;][vc_column width=&#8221;1\/3&#8243;][vc_single_image image=&#8221;262&#8243; img_size=&#8221;full&#8221; onclick=&#8221;link_image&#8221;][\/vc_column][vc_column width=&#8221;2\/3&#8243;][vc_column_text] Fort\u00ebsia e ujit \u00ebsht\u00eb grada e kalciumit dhe magnezitshkalla\u00a0e karbonateve t\u00eb kalciumit (g\u00eblqeres) \u2013 t\u00eb tretura n\u00eb\u00a0uj\u00eb. Sa m\u00eb e lart\u00eb t\u00eb jet\u00eb temperatura aq m\u00eb i ul\u00ebt \u00ebsht\u00eb\u00a0kapaciteti tret\u00ebs i ujit p\u00ebr nj\u00eb fort\u00ebsi t\u00eb p\u00ebrkoh\u00ebshme. Sasia\u00a0e g\u00eblqeres, q\u00eb \u00e7lirohet n\u00eb form\u00eb t\u00eb vog\u00ebl&hellip;<\/p>\n","protected":false},"author":2,"featured_media":0,"parent":0,"menu_order":0,"comment_status":"closed","ping_status":"closed","template":"","meta":{"footnotes":""},"class_list":["post-260","page","type-page","status-publish","hentry","description-off"],"yoast_head":"<!-- This site is optimized with the Yoast SEO plugin v26.7 - https:\/\/yoast.com\/wordpress\/plugins\/seo\/ -->\n<title>Zbutesa Uji p\u00ebr Sht\u00ebpi dhe Industri | EWT Albania<\/title>\n<meta name=\"description\" content=\"EWT Albania ofron zbut\u00ebs uji t\u00eb avancuar p\u00ebr heqjen e kalciumit dhe magnezit, duke parandaluar krijimin e shkarkimeve t\u00eb forta dhe duke siguruar uj\u00eb t\u00eb but\u00eb p\u00ebr sht\u00ebpi, industria dhe institucione.\" \/>\n<meta name=\"robots\" content=\"index, follow, max-snippet:-1, max-image-preview:large, max-video-preview:-1\" \/>\n<link rel=\"canonical\" href=\"https:\/\/ewt.al\/index.php\/zbutesa-uji\/\" \/>\n<meta property=\"og:locale\" content=\"sq_AL\" \/>\n<meta property=\"og:type\" content=\"article\" \/>\n<meta property=\"og:title\" content=\"Zbutesa Uji p\u00ebr Sht\u00ebpi dhe Industri | EWT Albania\" \/>\n<meta property=\"og:description\" content=\"EWT Albania ofron zbut\u00ebs uji t\u00eb avancuar p\u00ebr heqjen e kalciumit dhe magnezit, duke parandaluar krijimin e shkarkimeve t\u00eb forta dhe duke siguruar uj\u00eb t\u00eb but\u00eb p\u00ebr sht\u00ebpi, industria dhe institucione.\" \/>\n<meta property=\"og:url\" content=\"https:\/\/ewt.al\/index.php\/zbutesa-uji\/\" \/>\n<meta property=\"og:site_name\" content=\"EWT\" \/>\n<meta property=\"article:modified_time\" content=\"2025-10-07T10:25:43+00:00\" \/>\n<meta name=\"twitter:card\" content=\"summary_large_image\" \/>\n<meta name=\"twitter:label1\" content=\"Est. reading time\" \/>\n\t<meta name=\"twitter:data1\" content=\"1 minut\u00eb\" \/>\n<script type=\"application\/ld+json\" class=\"yoast-schema-graph\">{\"@context\":\"https:\/\/schema.org\",\"@graph\":[{\"@type\":\"WebPage\",\"@id\":\"https:\/\/ewt.al\/index.php\/zbutesa-uji\/\",\"url\":\"https:\/\/ewt.al\/index.php\/zbutesa-uji\/\",\"name\":\"Zbutesa Uji p\u00ebr Sht\u00ebpi dhe Industri | EWT Albania\",\"isPartOf\":{\"@id\":\"https:\/\/ewt.al\/#website\"},\"datePublished\":\"2017-02-24T09:52:25+00:00\",\"dateModified\":\"2025-10-07T10:25:43+00:00\",\"description\":\"EWT Albania ofron zbut\u00ebs uji t\u00eb avancuar p\u00ebr heqjen e kalciumit dhe magnezit, duke parandaluar krijimin e shkarkimeve t\u00eb forta dhe duke siguruar uj\u00eb t\u00eb but\u00eb p\u00ebr sht\u00ebpi, industria dhe institucione.\",\"breadcrumb\":{\"@id\":\"https:\/\/ewt.al\/index.php\/zbutesa-uji\/#breadcrumb\"},\"inLanguage\":\"sq\",\"potentialAction\":[{\"@type\":\"ReadAction\",\"target\":[\"https:\/\/ewt.al\/index.php\/zbutesa-uji\/\"]}]},{\"@type\":\"BreadcrumbList\",\"@id\":\"https:\/\/ewt.al\/index.php\/zbutesa-uji\/#breadcrumb\",\"itemListElement\":[{\"@type\":\"ListItem\",\"position\":1,\"name\":\"Home\",\"item\":\"https:\/\/ewt.al\/\"},{\"@type\":\"ListItem\",\"position\":2,\"name\":\"ZBUTESA UJI\"}]},{\"@type\":\"WebSite\",\"@id\":\"https:\/\/ewt.al\/#website\",\"url\":\"https:\/\/ewt.al\/\",\"name\":\"EWT\",\"description\":\"European Water Technologies\",\"potentialAction\":[{\"@type\":\"SearchAction\",\"target\":{\"@type\":\"EntryPoint\",\"urlTemplate\":\"https:\/\/ewt.al\/?s={search_term_string}\"},\"query-input\":{\"@type\":\"PropertyValueSpecification\",\"valueRequired\":true,\"valueName\":\"search_term_string\"}}],\"inLanguage\":\"sq\"}]}<\/script>\n<!-- \/ Yoast SEO plugin. -->","yoast_head_json":{"title":"Zbutesa Uji p\u00ebr Sht\u00ebpi dhe Industri | EWT Albania","description":"EWT Albania ofron zbut\u00ebs uji t\u00eb avancuar p\u00ebr heqjen e kalciumit dhe magnezit, duke parandaluar krijimin e shkarkimeve t\u00eb forta dhe duke siguruar uj\u00eb t\u00eb but\u00eb p\u00ebr sht\u00ebpi, industria dhe institucione.","robots":{"index":"index","follow":"follow","max-snippet":"max-snippet:-1","max-image-preview":"max-image-preview:large","max-video-preview":"max-video-preview:-1"},"canonical":"https:\/\/ewt.al\/index.php\/zbutesa-uji\/","og_locale":"sq_AL","og_type":"article","og_title":"Zbutesa Uji p\u00ebr Sht\u00ebpi dhe Industri | EWT Albania","og_description":"EWT Albania ofron zbut\u00ebs uji t\u00eb avancuar p\u00ebr heqjen e kalciumit dhe magnezit, duke parandaluar krijimin e shkarkimeve t\u00eb forta dhe duke siguruar uj\u00eb t\u00eb but\u00eb p\u00ebr sht\u00ebpi, industria dhe institucione.","og_url":"https:\/\/ewt.al\/index.php\/zbutesa-uji\/","og_site_name":"EWT","article_modified_time":"2025-10-07T10:25:43+00:00","twitter_card":"summary_large_image","twitter_misc":{"Est. reading time":"1 minut\u00eb"},"schema":{"@context":"https:\/\/schema.org","@graph":[{"@type":"WebPage","@id":"https:\/\/ewt.al\/index.php\/zbutesa-uji\/","url":"https:\/\/ewt.al\/index.php\/zbutesa-uji\/","name":"Zbutesa Uji p\u00ebr Sht\u00ebpi dhe Industri | EWT Albania","isPartOf":{"@id":"https:\/\/ewt.al\/#website"},"datePublished":"2017-02-24T09:52:25+00:00","dateModified":"2025-10-07T10:25:43+00:00","description":"EWT Albania ofron zbut\u00ebs uji t\u00eb avancuar p\u00ebr heqjen e kalciumit dhe magnezit, duke parandaluar krijimin e shkarkimeve t\u00eb forta dhe duke siguruar uj\u00eb t\u00eb but\u00eb p\u00ebr sht\u00ebpi, industria dhe institucione.","breadcrumb":{"@id":"https:\/\/ewt.al\/index.php\/zbutesa-uji\/#breadcrumb"},"inLanguage":"sq","potentialAction":[{"@type":"ReadAction","target":["https:\/\/ewt.al\/index.php\/zbutesa-uji\/"]}]},{"@type":"BreadcrumbList","@id":"https:\/\/ewt.al\/index.php\/zbutesa-uji\/#breadcrumb","itemListElement":[{"@type":"ListItem","position":1,"name":"Home","item":"https:\/\/ewt.al\/"},{"@type":"ListItem","position":2,"name":"ZBUTESA UJI"}]},{"@type":"WebSite","@id":"https:\/\/ewt.al\/#website","url":"https:\/\/ewt.al\/","name":"EWT","description":"European Water Technologies","potentialAction":[{"@type":"SearchAction","target":{"@type":"EntryPoint","urlTemplate":"https:\/\/ewt.al\/?s={search_term_string}"},"query-input":{"@type":"PropertyValueSpecification","valueRequired":true,"valueName":"search_term_string"}}],"inLanguage":"sq"}]}},"_links":{"self":[{"href":"https:\/\/ewt.al\/index.php\/wp-json\/wp\/v2\/pages\/260","targetHints":{"allow":["GET"]}}],"collection":[{"href":"https:\/\/ewt.al\/index.php\/wp-json\/wp\/v2\/pages"}],"about":[{"href":"https:\/\/ewt.al\/index.php\/wp-json\/wp\/v2\/types\/page"}],"author":[{"embeddable":true,"href":"https:\/\/ewt.al\/index.php\/wp-json\/wp\/v2\/users\/2"}],"replies":[{"embeddable":true,"href":"https:\/\/ewt.al\/index.php\/wp-json\/wp\/v2\/comments?post=260"}],"version-history":[{"count":3,"href":"https:\/\/ewt.al\/index.php\/wp-json\/wp\/v2\/pages\/260\/revisions"}],"predecessor-version":[{"id":386,"href":"https:\/\/ewt.al\/index.php\/wp-json\/wp\/v2\/pages\/260\/revisions\/386"}],"wp:attachment":[{"href":"https:\/\/ewt.al\/index.php\/wp-json\/wp\/v2\/media?parent=260"}],"curies":[{"name":"wp","href":"https:\/\/api.w.org\/{rel}","templated":true}]}}