{"id":251,"date":"2017-02-24T09:44:30","date_gmt":"2017-02-24T09:44:30","guid":{"rendered":"http:\/\/new.ewt.al\/?page_id=251"},"modified":"2025-10-07T10:25:09","modified_gmt":"2025-10-07T10:25:09","slug":"ultra-violet","status":"publish","type":"page","link":"https:\/\/ewt.al\/index.php\/ultra-violet\/","title":{"rendered":"ULTRA VIOLET"},"content":{"rendered":"<div class=\"wpb-content-wrapper\"><p>[vc_row type=&#8221;vc_default&#8221; css=&#8221;.vc_custom_1487927698209{background-color: #ffffff !important;}&#8221;][vc_column width=&#8221;1\/3&#8243;][vc_single_image image=&#8221;253&#8243; img_size=&#8221;full&#8221; onclick=&#8221;link_image&#8221;][vc_single_image image=&#8221;257&#8243; img_size=&#8221;full&#8221; onclick=&#8221;link_image&#8221;][\/vc_column][vc_column width=&#8221;2\/3&#8243;][vc_column_text]Rrezet UV-C jan\u00eb nj\u00eb nd\u00ebr metodat m\u00eb t\u00eb mira p\u00ebr dezinfektimin\u00a0e ujit ne dit\u00ebt e sotme: fal\u00eb principit fizik ku bazohet fuqia e\u00a0germicideve, ato veprojn\u00eb vet\u00ebm aty ku \u00ebsht\u00eb e nevojshme,\u00a0duke respektuar k\u00ebshtu cdo rregull mbi mbrojtjen e mjedisit.\u00a0Rrezatimi ultraviolet p\u00ebrfaq\u00ebson nj\u00eb nd\u00ebr metodat m\u00eb t\u00eb mira p\u00ebr\u00a0dezinfektimin e ujit. Sistemet UV p\u00ebrdoren zakonisht si paratrajtim\u00a0n\u00eb furnizimin me uj\u00eb q\u00eb konsiderohen si biologjikisht t\u00eb pasigurta\u00a0(liqenet apo uji i detit, uji i pusit, etj). Dezinfektimi me UV \u00ebsht\u00eb\u00a0nj\u00eb metod\u00eb jo kimike p\u00ebr shkat\u00ebrrimin e mikroorganizmave duke\u00a0ndryshuar materialin e tyre gjenetik, dhe duke i b\u00ebr\u00eb t\u00eb pamundur\u00a0riprodhimin.\u00a0Ka disa avantazhe ne p\u00ebrdorimin e UV p\u00ebrvec rasteve kurshtojm\u00eb dhe trajtim kimik(si psh klorinimin):<br \/>\n1. Pa prani l\u00ebnd\u00ebsh toksike<br \/>\n2. Nuk ka rrezik mbidozimi<br \/>\n3. Nuk ka nevoj\u00eb p\u00ebr depozita p\u00ebr materiale t\u00eb rrezikshme<br \/>\n4. Nuk ka er\u00eb n\u00eb produktin final t\u00eb ujit t\u00eb trajtuar<br \/>\n5. Ka nevoj\u00eb p\u00ebr shum\u00eb pak koh\u00eb kontakti<br \/>\nMund t\u00eb aplikohet n\u00eb puset privat, kampe, hotele, mbushjet e\u00a0shisheve, akuakulture, spitale, ushqime, vila, restorante, birrari,\u00a0sisteme trajtimi uji, laboratore, sistemet ujore(akuariume),\u00a0farmaceutike, bulmetore, dhe shume aplikime t\u00eb tjera.[\/vc_column_text][\/vc_column][\/vc_row]<\/p>\n<\/div>","protected":false},"excerpt":{"rendered":"<p>[vc_row type=&#8221;vc_default&#8221; css=&#8221;.vc_custom_1487927698209{background-color: #ffffff !important;}&#8221;][vc_column width=&#8221;1\/3&#8243;][vc_single_image image=&#8221;253&#8243; img_size=&#8221;full&#8221; onclick=&#8221;link_image&#8221;][vc_single_image image=&#8221;257&#8243; img_size=&#8221;full&#8221; onclick=&#8221;link_image&#8221;][\/vc_column][vc_column width=&#8221;2\/3&#8243;][vc_column_text]Rrezet UV-C jan\u00eb nj\u00eb nd\u00ebr metodat m\u00eb t\u00eb mira p\u00ebr dezinfektimin\u00a0e ujit ne dit\u00ebt e sotme: fal\u00eb principit fizik ku bazohet fuqia e\u00a0germicideve, ato veprojn\u00eb vet\u00ebm aty ku \u00ebsht\u00eb e nevojshme,\u00a0duke respektuar k\u00ebshtu cdo rregull mbi mbrojtjen e mjedisit.\u00a0Rrezatimi ultraviolet p\u00ebrfaq\u00ebson nj\u00eb nd\u00ebr&hellip;<\/p>\n","protected":false},"author":2,"featured_media":0,"parent":0,"menu_order":0,"comment_status":"closed","ping_status":"closed","template":"","meta":{"footnotes":""},"class_list":["post-251","page","type-page","status-publish","hentry","description-off"],"yoast_head":"<!-- This site is optimized with the Yoast SEO plugin v26.7 - https:\/\/yoast.com\/wordpress\/plugins\/seo\/ -->\n<title>Sistemet Ultra Violet p\u00ebr Trajtimin e Ujit | EWT Albania<\/title>\n<meta name=\"description\" content=\"EWT Albania ofron sisteme Ultra Violet (UV) p\u00ebr dezinfektimin e ujit, duke eliminuar bakteret, viruset dhe mikroorganizmat e d\u00ebmsh\u00ebm. Zgjidhje efikase p\u00ebr sht\u00ebpi, industri dhe institucione.\" \/>\n<meta name=\"robots\" content=\"index, follow, max-snippet:-1, max-image-preview:large, max-video-preview:-1\" \/>\n<link rel=\"canonical\" href=\"https:\/\/ewt.al\/index.php\/ultra-violet\/\" \/>\n<meta property=\"og:locale\" content=\"sq_AL\" \/>\n<meta property=\"og:type\" content=\"article\" \/>\n<meta property=\"og:title\" content=\"Sistemet Ultra Violet p\u00ebr Trajtimin e Ujit | EWT Albania\" \/>\n<meta property=\"og:description\" content=\"EWT Albania ofron sisteme Ultra Violet (UV) p\u00ebr dezinfektimin e ujit, duke eliminuar bakteret, viruset dhe mikroorganizmat e d\u00ebmsh\u00ebm. Zgjidhje efikase p\u00ebr sht\u00ebpi, industri dhe institucione.\" \/>\n<meta property=\"og:url\" content=\"https:\/\/ewt.al\/index.php\/ultra-violet\/\" \/>\n<meta property=\"og:site_name\" content=\"EWT\" \/>\n<meta property=\"article:modified_time\" content=\"2025-10-07T10:25:09+00:00\" \/>\n<meta name=\"twitter:card\" content=\"summary_large_image\" \/>\n<meta name=\"twitter:label1\" content=\"Est. reading time\" \/>\n\t<meta name=\"twitter:data1\" content=\"1 minut\u00eb\" \/>\n<script type=\"application\/ld+json\" class=\"yoast-schema-graph\">{\"@context\":\"https:\/\/schema.org\",\"@graph\":[{\"@type\":\"WebPage\",\"@id\":\"https:\/\/ewt.al\/index.php\/ultra-violet\/\",\"url\":\"https:\/\/ewt.al\/index.php\/ultra-violet\/\",\"name\":\"Sistemet Ultra Violet p\u00ebr Trajtimin e Ujit | EWT Albania\",\"isPartOf\":{\"@id\":\"https:\/\/ewt.al\/#website\"},\"datePublished\":\"2017-02-24T09:44:30+00:00\",\"dateModified\":\"2025-10-07T10:25:09+00:00\",\"description\":\"EWT Albania ofron sisteme Ultra Violet (UV) p\u00ebr dezinfektimin e ujit, duke eliminuar bakteret, viruset dhe mikroorganizmat e d\u00ebmsh\u00ebm. Zgjidhje efikase p\u00ebr sht\u00ebpi, industri dhe institucione.\",\"breadcrumb\":{\"@id\":\"https:\/\/ewt.al\/index.php\/ultra-violet\/#breadcrumb\"},\"inLanguage\":\"sq\",\"potentialAction\":[{\"@type\":\"ReadAction\",\"target\":[\"https:\/\/ewt.al\/index.php\/ultra-violet\/\"]}]},{\"@type\":\"BreadcrumbList\",\"@id\":\"https:\/\/ewt.al\/index.php\/ultra-violet\/#breadcrumb\",\"itemListElement\":[{\"@type\":\"ListItem\",\"position\":1,\"name\":\"Home\",\"item\":\"https:\/\/ewt.al\/\"},{\"@type\":\"ListItem\",\"position\":2,\"name\":\"ULTRA VIOLET\"}]},{\"@type\":\"WebSite\",\"@id\":\"https:\/\/ewt.al\/#website\",\"url\":\"https:\/\/ewt.al\/\",\"name\":\"EWT\",\"description\":\"European Water Technologies\",\"potentialAction\":[{\"@type\":\"SearchAction\",\"target\":{\"@type\":\"EntryPoint\",\"urlTemplate\":\"https:\/\/ewt.al\/?s={search_term_string}\"},\"query-input\":{\"@type\":\"PropertyValueSpecification\",\"valueRequired\":true,\"valueName\":\"search_term_string\"}}],\"inLanguage\":\"sq\"}]}<\/script>\n<!-- \/ Yoast SEO plugin. -->","yoast_head_json":{"title":"Sistemet Ultra Violet p\u00ebr Trajtimin e Ujit | EWT Albania","description":"EWT Albania ofron sisteme Ultra Violet (UV) p\u00ebr dezinfektimin e ujit, duke eliminuar bakteret, viruset dhe mikroorganizmat e d\u00ebmsh\u00ebm. Zgjidhje efikase p\u00ebr sht\u00ebpi, industri dhe institucione.","robots":{"index":"index","follow":"follow","max-snippet":"max-snippet:-1","max-image-preview":"max-image-preview:large","max-video-preview":"max-video-preview:-1"},"canonical":"https:\/\/ewt.al\/index.php\/ultra-violet\/","og_locale":"sq_AL","og_type":"article","og_title":"Sistemet Ultra Violet p\u00ebr Trajtimin e Ujit | EWT Albania","og_description":"EWT Albania ofron sisteme Ultra Violet (UV) p\u00ebr dezinfektimin e ujit, duke eliminuar bakteret, viruset dhe mikroorganizmat e d\u00ebmsh\u00ebm. Zgjidhje efikase p\u00ebr sht\u00ebpi, industri dhe institucione.","og_url":"https:\/\/ewt.al\/index.php\/ultra-violet\/","og_site_name":"EWT","article_modified_time":"2025-10-07T10:25:09+00:00","twitter_card":"summary_large_image","twitter_misc":{"Est. reading time":"1 minut\u00eb"},"schema":{"@context":"https:\/\/schema.org","@graph":[{"@type":"WebPage","@id":"https:\/\/ewt.al\/index.php\/ultra-violet\/","url":"https:\/\/ewt.al\/index.php\/ultra-violet\/","name":"Sistemet Ultra Violet p\u00ebr Trajtimin e Ujit | EWT Albania","isPartOf":{"@id":"https:\/\/ewt.al\/#website"},"datePublished":"2017-02-24T09:44:30+00:00","dateModified":"2025-10-07T10:25:09+00:00","description":"EWT Albania ofron sisteme Ultra Violet (UV) p\u00ebr dezinfektimin e ujit, duke eliminuar bakteret, viruset dhe mikroorganizmat e d\u00ebmsh\u00ebm. Zgjidhje efikase p\u00ebr sht\u00ebpi, industri dhe institucione.","breadcrumb":{"@id":"https:\/\/ewt.al\/index.php\/ultra-violet\/#breadcrumb"},"inLanguage":"sq","potentialAction":[{"@type":"ReadAction","target":["https:\/\/ewt.al\/index.php\/ultra-violet\/"]}]},{"@type":"BreadcrumbList","@id":"https:\/\/ewt.al\/index.php\/ultra-violet\/#breadcrumb","itemListElement":[{"@type":"ListItem","position":1,"name":"Home","item":"https:\/\/ewt.al\/"},{"@type":"ListItem","position":2,"name":"ULTRA VIOLET"}]},{"@type":"WebSite","@id":"https:\/\/ewt.al\/#website","url":"https:\/\/ewt.al\/","name":"EWT","description":"European Water Technologies","potentialAction":[{"@type":"SearchAction","target":{"@type":"EntryPoint","urlTemplate":"https:\/\/ewt.al\/?s={search_term_string}"},"query-input":{"@type":"PropertyValueSpecification","valueRequired":true,"valueName":"search_term_string"}}],"inLanguage":"sq"}]}},"_links":{"self":[{"href":"https:\/\/ewt.al\/index.php\/wp-json\/wp\/v2\/pages\/251","targetHints":{"allow":["GET"]}}],"collection":[{"href":"https:\/\/ewt.al\/index.php\/wp-json\/wp\/v2\/pages"}],"about":[{"href":"https:\/\/ewt.al\/index.php\/wp-json\/wp\/v2\/types\/page"}],"author":[{"embeddable":true,"href":"https:\/\/ewt.al\/index.php\/wp-json\/wp\/v2\/users\/2"}],"replies":[{"embeddable":true,"href":"https:\/\/ewt.al\/index.php\/wp-json\/wp\/v2\/comments?post=251"}],"version-history":[{"count":5,"href":"https:\/\/ewt.al\/index.php\/wp-json\/wp\/v2\/pages\/251\/revisions"}],"predecessor-version":[{"id":385,"href":"https:\/\/ewt.al\/index.php\/wp-json\/wp\/v2\/pages\/251\/revisions\/385"}],"wp:attachment":[{"href":"https:\/\/ewt.al\/index.php\/wp-json\/wp\/v2\/media?parent=251"}],"curies":[{"name":"wp","href":"https:\/\/api.w.org\/{rel}","templated":true}]}}