{"id":234,"date":"2017-02-24T09:41:50","date_gmt":"2017-02-24T09:41:50","guid":{"rendered":"http:\/\/new.ewt.al\/?page_id=234"},"modified":"2025-10-07T10:23:11","modified_gmt":"2025-10-07T10:23:11","slug":"fluid-force","status":"publish","type":"page","link":"https:\/\/ewt.al\/index.php\/fluid-force\/","title":{"rendered":"FLUID FORCE"},"content":{"rendered":"<div class=\"wpb-content-wrapper\"><p>[vc_row type=&#8221;vc_default&#8221; css=&#8221;.vc_custom_1487929128895{background-color: #ffffff !important;}&#8221;][vc_column][vc_row_inner][vc_column_inner width=&#8221;1\/3&#8243;][vc_single_image image=&#8221;237&#8243; img_size=&#8221;full&#8221; onclick=&#8221;link_image&#8221;][vc_single_image image=&#8221;242&#8243; img_size=&#8221;full&#8221; onclick=&#8221;link_image&#8221;][\/vc_column_inner][vc_column_inner width=&#8221;2\/3&#8243;][vc_column_text]Pajisje 100% Ekologjike p\u00ebr eliminimin e shtresave\u00a0t\u00eb kriprave t\u00eb kalciumit. Fluid Force shkakton<br \/>\nndryshime thelb\u00ebsore kryesisht n\u00eb struktur\u00ebn kristalore\u00a0t\u00eb karbonateve dhe n\u00eb element\u00ebt me p\u00ebrb\u00ebrje kalciumi\u00a0dhe magnezi.<\/p>\n<p>T\u00eb mirat:<br \/>\n\u2022 Ruan gjith\u00eb llojet e tubave apo makinerive nga shtresat<br \/>\ne krip\u00ebrave t\u00eb kalciumit.<br \/>\n\u2022 Pajisje e jasht\u00ebme, e thjesht\u00eb dhe e sigurt\u00eb n\u00eb p\u00ebrdorim.<br \/>\n\u2022 Kursen n\u00eb mir\u00ebmbajtje.<br \/>\n\u2022 Cmim shum\u00eb i ul\u00ebt.<br \/>\n\u2022 5 vjet garanci. Jeta e produktit mbi 30 vjet.<br \/>\nZgjidhje e thjesht\u00eb pa kimikate, pa prerje tubash\u00a0apo modifikime, pa kosto mir\u00ebmbajtjeje dhe pa\u00a0konsum energjie.[\/vc_column_text][\/vc_column_inner][\/vc_row_inner][vc_row_inner][vc_column_inner width=&#8221;1\/3&#8243;][vc_single_image image=&#8221;243&#8243; img_size=&#8221;full&#8221; onclick=&#8221;link_image&#8221;][\/vc_column_inner][vc_column_inner width=&#8221;1\/3&#8243;][vc_single_image image=&#8221;247&#8243; img_size=&#8221;full&#8221; onclick=&#8221;link_image&#8221;][\/vc_column_inner][vc_column_inner width=&#8221;1\/3&#8243;][vc_single_image image=&#8221;246&#8243; img_size=&#8221;full&#8221; onclick=&#8221;link_image&#8221;][\/vc_column_inner][\/vc_row_inner][vc_row_inner][vc_column_inner width=&#8221;1\/3&#8243;][vc_single_image image=&#8221;244&#8243; img_size=&#8221;full&#8221; onclick=&#8221;link_image&#8221;][\/vc_column_inner][vc_column_inner width=&#8221;1\/3&#8243;][\/vc_column_inner][vc_column_inner width=&#8221;1\/3&#8243;][\/vc_column_inner][\/vc_row_inner][\/vc_column][\/vc_row]<\/p>\n<\/div>","protected":false},"excerpt":{"rendered":"<p>[vc_row type=&#8221;vc_default&#8221; css=&#8221;.vc_custom_1487929128895{background-color: #ffffff !important;}&#8221;][vc_column][vc_row_inner][vc_column_inner width=&#8221;1\/3&#8243;][vc_single_image image=&#8221;237&#8243; img_size=&#8221;full&#8221; onclick=&#8221;link_image&#8221;][vc_single_image image=&#8221;242&#8243; img_size=&#8221;full&#8221; onclick=&#8221;link_image&#8221;][\/vc_column_inner][vc_column_inner width=&#8221;2\/3&#8243;][vc_column_text]Pajisje 100% Ekologjike p\u00ebr eliminimin e shtresave\u00a0t\u00eb kriprave t\u00eb kalciumit. Fluid Force shkakton ndryshime thelb\u00ebsore kryesisht n\u00eb struktur\u00ebn kristalore\u00a0t\u00eb karbonateve dhe n\u00eb element\u00ebt me p\u00ebrb\u00ebrje kalciumi\u00a0dhe magnezi. T\u00eb mirat: \u2022 Ruan gjith\u00eb llojet e tubave apo makinerive nga shtresat e krip\u00ebrave t\u00eb kalciumit.&hellip;<\/p>\n","protected":false},"author":2,"featured_media":0,"parent":0,"menu_order":0,"comment_status":"closed","ping_status":"closed","template":"","meta":{"footnotes":""},"class_list":["post-234","page","type-page","status-publish","hentry","description-off"],"yoast_head":"<!-- This site is optimized with the Yoast SEO plugin v26.7 - https:\/\/yoast.com\/wordpress\/plugins\/seo\/ -->\n<title>Fluid Force \u2013 Zgjidhje Profesionale p\u00ebr Trajtimin e Ujit | EWT Albania<\/title>\n<meta name=\"description\" content=\"EWT Albania ofron Fluid Force, sistem inovativ p\u00ebr trajtimin e ujit q\u00eb garanton rrjedhje optimale dhe efikasitet maksimal n\u00eb sht\u00ebpi, industri dhe institucione.\" \/>\n<meta name=\"robots\" content=\"index, follow, max-snippet:-1, max-image-preview:large, max-video-preview:-1\" \/>\n<link rel=\"canonical\" href=\"https:\/\/ewt.al\/index.php\/fluid-force\/\" \/>\n<meta property=\"og:locale\" content=\"sq_AL\" \/>\n<meta property=\"og:type\" content=\"article\" \/>\n<meta property=\"og:title\" content=\"Fluid Force \u2013 Zgjidhje Profesionale p\u00ebr Trajtimin e Ujit | EWT Albania\" \/>\n<meta property=\"og:description\" content=\"EWT Albania ofron Fluid Force, sistem inovativ p\u00ebr trajtimin e ujit q\u00eb garanton rrjedhje optimale dhe efikasitet maksimal n\u00eb sht\u00ebpi, industri dhe institucione.\" \/>\n<meta property=\"og:url\" content=\"https:\/\/ewt.al\/index.php\/fluid-force\/\" \/>\n<meta property=\"og:site_name\" content=\"EWT\" \/>\n<meta property=\"article:modified_time\" content=\"2025-10-07T10:23:11+00:00\" \/>\n<meta name=\"twitter:card\" content=\"summary_large_image\" \/>\n<meta name=\"twitter:label1\" content=\"Est. reading time\" \/>\n\t<meta name=\"twitter:data1\" content=\"1 minut\u00eb\" \/>\n<script type=\"application\/ld+json\" class=\"yoast-schema-graph\">{\"@context\":\"https:\/\/schema.org\",\"@graph\":[{\"@type\":\"WebPage\",\"@id\":\"https:\/\/ewt.al\/index.php\/fluid-force\/\",\"url\":\"https:\/\/ewt.al\/index.php\/fluid-force\/\",\"name\":\"Fluid Force \u2013 Zgjidhje Profesionale p\u00ebr Trajtimin e Ujit | EWT Albania\",\"isPartOf\":{\"@id\":\"https:\/\/ewt.al\/#website\"},\"datePublished\":\"2017-02-24T09:41:50+00:00\",\"dateModified\":\"2025-10-07T10:23:11+00:00\",\"description\":\"EWT Albania ofron Fluid Force, sistem inovativ p\u00ebr trajtimin e ujit q\u00eb garanton rrjedhje optimale dhe efikasitet maksimal n\u00eb sht\u00ebpi, industri dhe institucione.\",\"breadcrumb\":{\"@id\":\"https:\/\/ewt.al\/index.php\/fluid-force\/#breadcrumb\"},\"inLanguage\":\"sq\",\"potentialAction\":[{\"@type\":\"ReadAction\",\"target\":[\"https:\/\/ewt.al\/index.php\/fluid-force\/\"]}]},{\"@type\":\"BreadcrumbList\",\"@id\":\"https:\/\/ewt.al\/index.php\/fluid-force\/#breadcrumb\",\"itemListElement\":[{\"@type\":\"ListItem\",\"position\":1,\"name\":\"Home\",\"item\":\"https:\/\/ewt.al\/\"},{\"@type\":\"ListItem\",\"position\":2,\"name\":\"FLUID FORCE\"}]},{\"@type\":\"WebSite\",\"@id\":\"https:\/\/ewt.al\/#website\",\"url\":\"https:\/\/ewt.al\/\",\"name\":\"EWT\",\"description\":\"European Water Technologies\",\"potentialAction\":[{\"@type\":\"SearchAction\",\"target\":{\"@type\":\"EntryPoint\",\"urlTemplate\":\"https:\/\/ewt.al\/?s={search_term_string}\"},\"query-input\":{\"@type\":\"PropertyValueSpecification\",\"valueRequired\":true,\"valueName\":\"search_term_string\"}}],\"inLanguage\":\"sq\"}]}<\/script>\n<!-- \/ Yoast SEO plugin. -->","yoast_head_json":{"title":"Fluid Force \u2013 Zgjidhje Profesionale p\u00ebr Trajtimin e Ujit | EWT Albania","description":"EWT Albania ofron Fluid Force, sistem inovativ p\u00ebr trajtimin e ujit q\u00eb garanton rrjedhje optimale dhe efikasitet maksimal n\u00eb sht\u00ebpi, industri dhe institucione.","robots":{"index":"index","follow":"follow","max-snippet":"max-snippet:-1","max-image-preview":"max-image-preview:large","max-video-preview":"max-video-preview:-1"},"canonical":"https:\/\/ewt.al\/index.php\/fluid-force\/","og_locale":"sq_AL","og_type":"article","og_title":"Fluid Force \u2013 Zgjidhje Profesionale p\u00ebr Trajtimin e Ujit | EWT Albania","og_description":"EWT Albania ofron Fluid Force, sistem inovativ p\u00ebr trajtimin e ujit q\u00eb garanton rrjedhje optimale dhe efikasitet maksimal n\u00eb sht\u00ebpi, industri dhe institucione.","og_url":"https:\/\/ewt.al\/index.php\/fluid-force\/","og_site_name":"EWT","article_modified_time":"2025-10-07T10:23:11+00:00","twitter_card":"summary_large_image","twitter_misc":{"Est. reading time":"1 minut\u00eb"},"schema":{"@context":"https:\/\/schema.org","@graph":[{"@type":"WebPage","@id":"https:\/\/ewt.al\/index.php\/fluid-force\/","url":"https:\/\/ewt.al\/index.php\/fluid-force\/","name":"Fluid Force \u2013 Zgjidhje Profesionale p\u00ebr Trajtimin e Ujit | EWT Albania","isPartOf":{"@id":"https:\/\/ewt.al\/#website"},"datePublished":"2017-02-24T09:41:50+00:00","dateModified":"2025-10-07T10:23:11+00:00","description":"EWT Albania ofron Fluid Force, sistem inovativ p\u00ebr trajtimin e ujit q\u00eb garanton rrjedhje optimale dhe efikasitet maksimal n\u00eb sht\u00ebpi, industri dhe institucione.","breadcrumb":{"@id":"https:\/\/ewt.al\/index.php\/fluid-force\/#breadcrumb"},"inLanguage":"sq","potentialAction":[{"@type":"ReadAction","target":["https:\/\/ewt.al\/index.php\/fluid-force\/"]}]},{"@type":"BreadcrumbList","@id":"https:\/\/ewt.al\/index.php\/fluid-force\/#breadcrumb","itemListElement":[{"@type":"ListItem","position":1,"name":"Home","item":"https:\/\/ewt.al\/"},{"@type":"ListItem","position":2,"name":"FLUID FORCE"}]},{"@type":"WebSite","@id":"https:\/\/ewt.al\/#website","url":"https:\/\/ewt.al\/","name":"EWT","description":"European Water Technologies","potentialAction":[{"@type":"SearchAction","target":{"@type":"EntryPoint","urlTemplate":"https:\/\/ewt.al\/?s={search_term_string}"},"query-input":{"@type":"PropertyValueSpecification","valueRequired":true,"valueName":"search_term_string"}}],"inLanguage":"sq"}]}},"_links":{"self":[{"href":"https:\/\/ewt.al\/index.php\/wp-json\/wp\/v2\/pages\/234","targetHints":{"allow":["GET"]}}],"collection":[{"href":"https:\/\/ewt.al\/index.php\/wp-json\/wp\/v2\/pages"}],"about":[{"href":"https:\/\/ewt.al\/index.php\/wp-json\/wp\/v2\/types\/page"}],"author":[{"embeddable":true,"href":"https:\/\/ewt.al\/index.php\/wp-json\/wp\/v2\/users\/2"}],"replies":[{"embeddable":true,"href":"https:\/\/ewt.al\/index.php\/wp-json\/wp\/v2\/comments?post=234"}],"version-history":[{"count":9,"href":"https:\/\/ewt.al\/index.php\/wp-json\/wp\/v2\/pages\/234\/revisions"}],"predecessor-version":[{"id":384,"href":"https:\/\/ewt.al\/index.php\/wp-json\/wp\/v2\/pages\/234\/revisions\/384"}],"wp:attachment":[{"href":"https:\/\/ewt.al\/index.php\/wp-json\/wp\/v2\/media?parent=234"}],"curies":[{"name":"wp","href":"https:\/\/api.w.org\/{rel}","templated":true}]}}