{"id":230,"date":"2017-02-24T09:35:40","date_gmt":"2017-02-24T09:35:40","guid":{"rendered":"http:\/\/new.ewt.al\/?page_id=230"},"modified":"2025-10-07T10:26:14","modified_gmt":"2025-10-07T10:26:14","slug":"ultra-filtrimi","status":"publish","type":"page","link":"https:\/\/ewt.al\/index.php\/ultra-filtrimi\/","title":{"rendered":"ULTRA FILTRIMI"},"content":{"rendered":"<div class=\"wpb-content-wrapper\"><p>[vc_row type=&#8221;vc_default&#8221; css=&#8221;.vc_custom_1487927698209{background-color: #ffffff !important;}&#8221;][vc_column][vc_single_image image=&#8221;232&#8243; img_size=&#8221;full&#8221;][vc_column_text]Ultrafiltrimi \u00ebsht\u00eb nj\u00eb proces membrane me filt\u00ebr poroz,\u00a0madh\u00ebsia e poreve lejon l\u00ebnd\u00eb me p\u00ebrmasa 0.1 dhe 0.01 mikron.Papast\u00ebrtite dhe turbullirat (p\u00ebrfshir\u00eb dhe ato biologjike) ndalohen\u00a0nga poret. Ky sistem p\u00ebrdor presionin e sistemit q\u00eb duhet t\u00eb jet\u00eb\u00a0diku n\u00eb 2.5bar. Uji q\u00eb do pastrohet kalon nep\u00ebrmjet membranes\u00a0(filtrim pa dalje), papast\u00ebrtit\u00eb mbeten dhe depozitohen n\u00eb\u00a0membrane. Presioni transmembranor rritet derisa aktivizohet pastrimi me rrjedhje t\u00eb kund\u00ebrt dhe membrana pastrohet nga\u00a0ngarkesa e ndot\u00ebsit. Rezultati \u00ebsht\u00eb i p\u00ebrhersh\u00ebm dhe i p\u00ebrcaktuar\u00a0me nj\u00eb norm\u00eb filtrimi 90-95%.<br \/>\nKarakteristikat:<br \/>\n\u2022 Ulje e kostove operative nga p\u00ebrdorimi i uj\u00ebrave natyrale\u00a0(si uj\u00ebrat sip\u00ebrfaq\u00ebsore ose uji i pusit) n\u00eb vend t\u00eb ujit nga\u00a0rrjeti hidrik i qytetit.<br \/>\n\u2022 Uji i ultrafiltruar \u00ebsht\u00eb ideal n\u00ebse furnizon nj\u00eb sistem meosmoz\u00eb inverse<br \/>\nAplikimi:<br \/>\n\u2022 Uj\u00ebrat Sip\u00ebrfaq\u00ebsore<br \/>\n\u2022 Filtrim Steril<br \/>\n\u2022 Uj\u00eb p\u00ebr pishinat<br \/>\n\u2022 Uj\u00eb t\u00eb pijsh\u00ebm<br \/>\n\u2022 Dezinfektim<br \/>\n\u2022 Riciklim Uji[\/vc_column_text][\/vc_column][\/vc_row]<\/p>\n<\/div>","protected":false},"excerpt":{"rendered":"<p>[vc_row type=&#8221;vc_default&#8221; css=&#8221;.vc_custom_1487927698209{background-color: #ffffff !important;}&#8221;][vc_column][vc_single_image image=&#8221;232&#8243; img_size=&#8221;full&#8221;][vc_column_text]Ultrafiltrimi \u00ebsht\u00eb nj\u00eb proces membrane me filt\u00ebr poroz,\u00a0madh\u00ebsia e poreve lejon l\u00ebnd\u00eb me p\u00ebrmasa 0.1 dhe 0.01 mikron.Papast\u00ebrtite dhe turbullirat (p\u00ebrfshir\u00eb dhe ato biologjike) ndalohen\u00a0nga poret. Ky sistem p\u00ebrdor presionin e sistemit q\u00eb duhet t\u00eb jet\u00eb\u00a0diku n\u00eb 2.5bar. Uji q\u00eb do pastrohet kalon nep\u00ebrmjet membranes\u00a0(filtrim pa dalje), papast\u00ebrtit\u00eb mbeten&hellip;<\/p>\n","protected":false},"author":2,"featured_media":0,"parent":0,"menu_order":0,"comment_status":"closed","ping_status":"closed","template":"","meta":{"footnotes":""},"class_list":["post-230","page","type-page","status-publish","hentry","description-off"],"yoast_head":"<!-- This site is optimized with the Yoast SEO plugin v26.7 - https:\/\/yoast.com\/wordpress\/plugins\/seo\/ -->\n<title>Ultra Filtrimi i Ujit p\u00ebr Sht\u00ebpi dhe Industri | EWT Albania<\/title>\n<meta name=\"description\" content=\"EWT Albania ofron sisteme ultra filtrimi p\u00ebr largimin e grimcave, baktereve dhe ndot\u00ebsve t\u00eb paduksh\u00ebm, duke siguruar uj\u00eb t\u00eb past\u00ebr dhe t\u00eb sh\u00ebndetsh\u00ebm p\u00ebr sht\u00ebpi, industri dhe institucione.\" \/>\n<meta name=\"robots\" content=\"index, follow, max-snippet:-1, max-image-preview:large, max-video-preview:-1\" \/>\n<link rel=\"canonical\" href=\"https:\/\/ewt.al\/index.php\/ultra-filtrimi\/\" \/>\n<meta property=\"og:locale\" content=\"sq_AL\" \/>\n<meta property=\"og:type\" content=\"article\" \/>\n<meta property=\"og:title\" content=\"Ultra Filtrimi i Ujit p\u00ebr Sht\u00ebpi dhe Industri | EWT Albania\" \/>\n<meta property=\"og:description\" content=\"EWT Albania ofron sisteme ultra filtrimi p\u00ebr largimin e grimcave, baktereve dhe ndot\u00ebsve t\u00eb paduksh\u00ebm, duke siguruar uj\u00eb t\u00eb past\u00ebr dhe t\u00eb sh\u00ebndetsh\u00ebm p\u00ebr sht\u00ebpi, industri dhe institucione.\" \/>\n<meta property=\"og:url\" content=\"https:\/\/ewt.al\/index.php\/ultra-filtrimi\/\" \/>\n<meta property=\"og:site_name\" content=\"EWT\" \/>\n<meta property=\"article:modified_time\" content=\"2025-10-07T10:26:14+00:00\" \/>\n<meta name=\"twitter:card\" content=\"summary_large_image\" \/>\n<meta name=\"twitter:label1\" content=\"Est. reading time\" \/>\n\t<meta name=\"twitter:data1\" content=\"1 minut\u00eb\" \/>\n<script type=\"application\/ld+json\" class=\"yoast-schema-graph\">{\"@context\":\"https:\/\/schema.org\",\"@graph\":[{\"@type\":\"WebPage\",\"@id\":\"https:\/\/ewt.al\/index.php\/ultra-filtrimi\/\",\"url\":\"https:\/\/ewt.al\/index.php\/ultra-filtrimi\/\",\"name\":\"Ultra Filtrimi i Ujit p\u00ebr Sht\u00ebpi dhe Industri | EWT Albania\",\"isPartOf\":{\"@id\":\"https:\/\/ewt.al\/#website\"},\"datePublished\":\"2017-02-24T09:35:40+00:00\",\"dateModified\":\"2025-10-07T10:26:14+00:00\",\"description\":\"EWT Albania ofron sisteme ultra filtrimi p\u00ebr largimin e grimcave, baktereve dhe ndot\u00ebsve t\u00eb paduksh\u00ebm, duke siguruar uj\u00eb t\u00eb past\u00ebr dhe t\u00eb sh\u00ebndetsh\u00ebm p\u00ebr sht\u00ebpi, industri dhe institucione.\",\"breadcrumb\":{\"@id\":\"https:\/\/ewt.al\/index.php\/ultra-filtrimi\/#breadcrumb\"},\"inLanguage\":\"sq\",\"potentialAction\":[{\"@type\":\"ReadAction\",\"target\":[\"https:\/\/ewt.al\/index.php\/ultra-filtrimi\/\"]}]},{\"@type\":\"BreadcrumbList\",\"@id\":\"https:\/\/ewt.al\/index.php\/ultra-filtrimi\/#breadcrumb\",\"itemListElement\":[{\"@type\":\"ListItem\",\"position\":1,\"name\":\"Home\",\"item\":\"https:\/\/ewt.al\/\"},{\"@type\":\"ListItem\",\"position\":2,\"name\":\"ULTRA FILTRIMI\"}]},{\"@type\":\"WebSite\",\"@id\":\"https:\/\/ewt.al\/#website\",\"url\":\"https:\/\/ewt.al\/\",\"name\":\"EWT\",\"description\":\"European Water Technologies\",\"potentialAction\":[{\"@type\":\"SearchAction\",\"target\":{\"@type\":\"EntryPoint\",\"urlTemplate\":\"https:\/\/ewt.al\/?s={search_term_string}\"},\"query-input\":{\"@type\":\"PropertyValueSpecification\",\"valueRequired\":true,\"valueName\":\"search_term_string\"}}],\"inLanguage\":\"sq\"}]}<\/script>\n<!-- \/ Yoast SEO plugin. -->","yoast_head_json":{"title":"Ultra Filtrimi i Ujit p\u00ebr Sht\u00ebpi dhe Industri | EWT Albania","description":"EWT Albania ofron sisteme ultra filtrimi p\u00ebr largimin e grimcave, baktereve dhe ndot\u00ebsve t\u00eb paduksh\u00ebm, duke siguruar uj\u00eb t\u00eb past\u00ebr dhe t\u00eb sh\u00ebndetsh\u00ebm p\u00ebr sht\u00ebpi, industri dhe institucione.","robots":{"index":"index","follow":"follow","max-snippet":"max-snippet:-1","max-image-preview":"max-image-preview:large","max-video-preview":"max-video-preview:-1"},"canonical":"https:\/\/ewt.al\/index.php\/ultra-filtrimi\/","og_locale":"sq_AL","og_type":"article","og_title":"Ultra Filtrimi i Ujit p\u00ebr Sht\u00ebpi dhe Industri | EWT Albania","og_description":"EWT Albania ofron sisteme ultra filtrimi p\u00ebr largimin e grimcave, baktereve dhe ndot\u00ebsve t\u00eb paduksh\u00ebm, duke siguruar uj\u00eb t\u00eb past\u00ebr dhe t\u00eb sh\u00ebndetsh\u00ebm p\u00ebr sht\u00ebpi, industri dhe institucione.","og_url":"https:\/\/ewt.al\/index.php\/ultra-filtrimi\/","og_site_name":"EWT","article_modified_time":"2025-10-07T10:26:14+00:00","twitter_card":"summary_large_image","twitter_misc":{"Est. reading time":"1 minut\u00eb"},"schema":{"@context":"https:\/\/schema.org","@graph":[{"@type":"WebPage","@id":"https:\/\/ewt.al\/index.php\/ultra-filtrimi\/","url":"https:\/\/ewt.al\/index.php\/ultra-filtrimi\/","name":"Ultra Filtrimi i Ujit p\u00ebr Sht\u00ebpi dhe Industri | EWT Albania","isPartOf":{"@id":"https:\/\/ewt.al\/#website"},"datePublished":"2017-02-24T09:35:40+00:00","dateModified":"2025-10-07T10:26:14+00:00","description":"EWT Albania ofron sisteme ultra filtrimi p\u00ebr largimin e grimcave, baktereve dhe ndot\u00ebsve t\u00eb paduksh\u00ebm, duke siguruar uj\u00eb t\u00eb past\u00ebr dhe t\u00eb sh\u00ebndetsh\u00ebm p\u00ebr sht\u00ebpi, industri dhe institucione.","breadcrumb":{"@id":"https:\/\/ewt.al\/index.php\/ultra-filtrimi\/#breadcrumb"},"inLanguage":"sq","potentialAction":[{"@type":"ReadAction","target":["https:\/\/ewt.al\/index.php\/ultra-filtrimi\/"]}]},{"@type":"BreadcrumbList","@id":"https:\/\/ewt.al\/index.php\/ultra-filtrimi\/#breadcrumb","itemListElement":[{"@type":"ListItem","position":1,"name":"Home","item":"https:\/\/ewt.al\/"},{"@type":"ListItem","position":2,"name":"ULTRA FILTRIMI"}]},{"@type":"WebSite","@id":"https:\/\/ewt.al\/#website","url":"https:\/\/ewt.al\/","name":"EWT","description":"European Water Technologies","potentialAction":[{"@type":"SearchAction","target":{"@type":"EntryPoint","urlTemplate":"https:\/\/ewt.al\/?s={search_term_string}"},"query-input":{"@type":"PropertyValueSpecification","valueRequired":true,"valueName":"search_term_string"}}],"inLanguage":"sq"}]}},"_links":{"self":[{"href":"https:\/\/ewt.al\/index.php\/wp-json\/wp\/v2\/pages\/230","targetHints":{"allow":["GET"]}}],"collection":[{"href":"https:\/\/ewt.al\/index.php\/wp-json\/wp\/v2\/pages"}],"about":[{"href":"https:\/\/ewt.al\/index.php\/wp-json\/wp\/v2\/types\/page"}],"author":[{"embeddable":true,"href":"https:\/\/ewt.al\/index.php\/wp-json\/wp\/v2\/users\/2"}],"replies":[{"embeddable":true,"href":"https:\/\/ewt.al\/index.php\/wp-json\/wp\/v2\/comments?post=230"}],"version-history":[{"count":1,"href":"https:\/\/ewt.al\/index.php\/wp-json\/wp\/v2\/pages\/230\/revisions"}],"predecessor-version":[{"id":233,"href":"https:\/\/ewt.al\/index.php\/wp-json\/wp\/v2\/pages\/230\/revisions\/233"}],"wp:attachment":[{"href":"https:\/\/ewt.al\/index.php\/wp-json\/wp\/v2\/media?parent=230"}],"curies":[{"name":"wp","href":"https:\/\/api.w.org\/{rel}","templated":true}]}}