{"id":224,"date":"2017-02-24T09:32:57","date_gmt":"2017-02-24T09:32:57","guid":{"rendered":"http:\/\/new.ewt.al\/?page_id=224"},"modified":"2025-10-07T10:24:41","modified_gmt":"2025-10-07T10:24:41","slug":"njesite-per-eliminimin-e-hekurit-dhe-magnezit","status":"publish","type":"page","link":"https:\/\/ewt.al\/index.php\/njesite-per-eliminimin-e-hekurit-dhe-magnezit\/","title":{"rendered":"NJESIT\u00cb P\u00cbR ELIMINIMIN E HEKURIT DHE MAGNEZIT"},"content":{"rendered":"<div class=\"wpb-content-wrapper\"><p>[vc_row type=&#8221;vc_default&#8221; css=&#8221;.vc_custom_1487927698209{background-color: #ffffff !important;}&#8221;][vc_column][vc_single_image image=&#8221;227&#8243; img_size=&#8221;full&#8221;][vc_column_text]Prania e Rekurit shpesh mund t\u00eb konstatohet duksh\u00ebm n\u00eb uj\u00eb\u00a0apo sistemet hidraulike. Shumica e sistemeve t\u00eb filtrimit t\u00eb hekurit\u00a0funksionojn\u00eb mbi principin e oksidimit t\u00eb tij p\u00ebr ta kthyer at\u00eb nga\u00a0hekur t\u00eb tretsh\u00ebm ose t\u00eb tretur n\u00eb form\u00eb hekuri t\u00eb patretsh\u00ebm. Pasi\u00a0kthehet ne form\u00eb t\u00eb patreteshme ai mund t\u00eb filtrohet.<br \/>\n\u2022 Filtrat e ujit jan\u00eb pajisjet m\u00eb t\u00eb p\u00ebrdorura n\u00eb eliminimin e\u00a0hekurit. Popullariteti i fituar vjen si pasoj\u00eb e shumllojshm\u00ebris\u00eb s\u00eb\u00a0materialeve filtrues n\u00eb qarkullim dhe si pasoj\u00eb e shumllojshm\u00ebris\u00eb\u00a0s\u00eb proceseve t\u00eb realizuara nga cdo material filtrues. Crystal Right \u2013\u00a0Greensand \u2013 MTM \u2013 Birm<br \/>\n\u2022 Ajrimi \u2013 Ajri p\u00ebrdoret p\u00ebr t\u00eb shnd\u00ebrruar hekurin e tretsh\u00ebm n\u00eb\u00a0forme t\u00eb filtrueshme.[\/vc_column_text][\/vc_column][\/vc_row]<\/p>\n<\/div>","protected":false},"excerpt":{"rendered":"<p>[vc_row type=&#8221;vc_default&#8221; css=&#8221;.vc_custom_1487927698209{background-color: #ffffff !important;}&#8221;][vc_column][vc_single_image image=&#8221;227&#8243; img_size=&#8221;full&#8221;][vc_column_text]Prania e Rekurit shpesh mund t\u00eb konstatohet duksh\u00ebm n\u00eb uj\u00eb\u00a0apo sistemet hidraulike. Shumica e sistemeve t\u00eb filtrimit t\u00eb hekurit\u00a0funksionojn\u00eb mbi principin e oksidimit t\u00eb tij p\u00ebr ta kthyer at\u00eb nga\u00a0hekur t\u00eb tretsh\u00ebm ose t\u00eb tretur n\u00eb form\u00eb hekuri t\u00eb patretsh\u00ebm. Pasi\u00a0kthehet ne form\u00eb t\u00eb patreteshme ai mund t\u00eb filtrohet.&hellip;<\/p>\n","protected":false},"author":2,"featured_media":0,"parent":0,"menu_order":0,"comment_status":"closed","ping_status":"closed","template":"","meta":{"footnotes":""},"class_list":["post-224","page","type-page","status-publish","hentry","description-off"],"yoast_head":"<!-- This site is optimized with the Yoast SEO plugin v26.7 - https:\/\/yoast.com\/wordpress\/plugins\/seo\/ -->\n<title>Nj\u00ebsit\u00eb p\u00ebr Eliminimin e Hekurit dhe Magnezit | EWT Albania<\/title>\n<meta name=\"description\" content=\"EWT Albania ofron nj\u00ebsit\u00eb profesionale p\u00ebr eliminimin e hekurtit dhe magnezit nga uji, duke siguruar uj\u00eb t\u00eb past\u00ebr, t\u00eb sigurt dhe pa depozita p\u00ebr sht\u00ebpi, industri dhe institucione.\" \/>\n<meta name=\"robots\" content=\"index, follow, max-snippet:-1, max-image-preview:large, max-video-preview:-1\" \/>\n<link rel=\"canonical\" href=\"https:\/\/ewt.al\/index.php\/njesite-per-eliminimin-e-hekurit-dhe-magnezit\/\" \/>\n<meta property=\"og:locale\" content=\"sq_AL\" \/>\n<meta property=\"og:type\" content=\"article\" \/>\n<meta property=\"og:title\" content=\"Nj\u00ebsit\u00eb p\u00ebr Eliminimin e Hekurit dhe Magnezit | EWT Albania\" \/>\n<meta property=\"og:description\" content=\"EWT Albania ofron nj\u00ebsit\u00eb profesionale p\u00ebr eliminimin e hekurtit dhe magnezit nga uji, duke siguruar uj\u00eb t\u00eb past\u00ebr, t\u00eb sigurt dhe pa depozita p\u00ebr sht\u00ebpi, industri dhe institucione.\" \/>\n<meta property=\"og:url\" content=\"https:\/\/ewt.al\/index.php\/njesite-per-eliminimin-e-hekurit-dhe-magnezit\/\" \/>\n<meta property=\"og:site_name\" content=\"EWT\" \/>\n<meta property=\"article:modified_time\" content=\"2025-10-07T10:24:41+00:00\" \/>\n<meta name=\"twitter:card\" content=\"summary_large_image\" \/>\n<meta name=\"twitter:label1\" content=\"Est. reading time\" \/>\n\t<meta name=\"twitter:data1\" content=\"1 minut\u00eb\" \/>\n<script type=\"application\/ld+json\" class=\"yoast-schema-graph\">{\"@context\":\"https:\/\/schema.org\",\"@graph\":[{\"@type\":\"WebPage\",\"@id\":\"https:\/\/ewt.al\/index.php\/njesite-per-eliminimin-e-hekurit-dhe-magnezit\/\",\"url\":\"https:\/\/ewt.al\/index.php\/njesite-per-eliminimin-e-hekurit-dhe-magnezit\/\",\"name\":\"Nj\u00ebsit\u00eb p\u00ebr Eliminimin e Hekurit dhe Magnezit | EWT Albania\",\"isPartOf\":{\"@id\":\"https:\/\/ewt.al\/#website\"},\"datePublished\":\"2017-02-24T09:32:57+00:00\",\"dateModified\":\"2025-10-07T10:24:41+00:00\",\"description\":\"EWT Albania ofron nj\u00ebsit\u00eb profesionale p\u00ebr eliminimin e hekurtit dhe magnezit nga uji, duke siguruar uj\u00eb t\u00eb past\u00ebr, t\u00eb sigurt dhe pa depozita p\u00ebr sht\u00ebpi, industri dhe institucione.\",\"breadcrumb\":{\"@id\":\"https:\/\/ewt.al\/index.php\/njesite-per-eliminimin-e-hekurit-dhe-magnezit\/#breadcrumb\"},\"inLanguage\":\"sq\",\"potentialAction\":[{\"@type\":\"ReadAction\",\"target\":[\"https:\/\/ewt.al\/index.php\/njesite-per-eliminimin-e-hekurit-dhe-magnezit\/\"]}]},{\"@type\":\"BreadcrumbList\",\"@id\":\"https:\/\/ewt.al\/index.php\/njesite-per-eliminimin-e-hekurit-dhe-magnezit\/#breadcrumb\",\"itemListElement\":[{\"@type\":\"ListItem\",\"position\":1,\"name\":\"Home\",\"item\":\"https:\/\/ewt.al\/\"},{\"@type\":\"ListItem\",\"position\":2,\"name\":\"NJESIT\u00cb P\u00cbR ELIMINIMIN E HEKURIT DHE MAGNEZIT\"}]},{\"@type\":\"WebSite\",\"@id\":\"https:\/\/ewt.al\/#website\",\"url\":\"https:\/\/ewt.al\/\",\"name\":\"EWT\",\"description\":\"European Water Technologies\",\"potentialAction\":[{\"@type\":\"SearchAction\",\"target\":{\"@type\":\"EntryPoint\",\"urlTemplate\":\"https:\/\/ewt.al\/?s={search_term_string}\"},\"query-input\":{\"@type\":\"PropertyValueSpecification\",\"valueRequired\":true,\"valueName\":\"search_term_string\"}}],\"inLanguage\":\"sq\"}]}<\/script>\n<!-- \/ Yoast SEO plugin. -->","yoast_head_json":{"title":"Nj\u00ebsit\u00eb p\u00ebr Eliminimin e Hekurit dhe Magnezit | EWT Albania","description":"EWT Albania ofron nj\u00ebsit\u00eb profesionale p\u00ebr eliminimin e hekurtit dhe magnezit nga uji, duke siguruar uj\u00eb t\u00eb past\u00ebr, t\u00eb sigurt dhe pa depozita p\u00ebr sht\u00ebpi, industri dhe institucione.","robots":{"index":"index","follow":"follow","max-snippet":"max-snippet:-1","max-image-preview":"max-image-preview:large","max-video-preview":"max-video-preview:-1"},"canonical":"https:\/\/ewt.al\/index.php\/njesite-per-eliminimin-e-hekurit-dhe-magnezit\/","og_locale":"sq_AL","og_type":"article","og_title":"Nj\u00ebsit\u00eb p\u00ebr Eliminimin e Hekurit dhe Magnezit | EWT Albania","og_description":"EWT Albania ofron nj\u00ebsit\u00eb profesionale p\u00ebr eliminimin e hekurtit dhe magnezit nga uji, duke siguruar uj\u00eb t\u00eb past\u00ebr, t\u00eb sigurt dhe pa depozita p\u00ebr sht\u00ebpi, industri dhe institucione.","og_url":"https:\/\/ewt.al\/index.php\/njesite-per-eliminimin-e-hekurit-dhe-magnezit\/","og_site_name":"EWT","article_modified_time":"2025-10-07T10:24:41+00:00","twitter_card":"summary_large_image","twitter_misc":{"Est. reading time":"1 minut\u00eb"},"schema":{"@context":"https:\/\/schema.org","@graph":[{"@type":"WebPage","@id":"https:\/\/ewt.al\/index.php\/njesite-per-eliminimin-e-hekurit-dhe-magnezit\/","url":"https:\/\/ewt.al\/index.php\/njesite-per-eliminimin-e-hekurit-dhe-magnezit\/","name":"Nj\u00ebsit\u00eb p\u00ebr Eliminimin e Hekurit dhe Magnezit | EWT Albania","isPartOf":{"@id":"https:\/\/ewt.al\/#website"},"datePublished":"2017-02-24T09:32:57+00:00","dateModified":"2025-10-07T10:24:41+00:00","description":"EWT Albania ofron nj\u00ebsit\u00eb profesionale p\u00ebr eliminimin e hekurtit dhe magnezit nga uji, duke siguruar uj\u00eb t\u00eb past\u00ebr, t\u00eb sigurt dhe pa depozita p\u00ebr sht\u00ebpi, industri dhe institucione.","breadcrumb":{"@id":"https:\/\/ewt.al\/index.php\/njesite-per-eliminimin-e-hekurit-dhe-magnezit\/#breadcrumb"},"inLanguage":"sq","potentialAction":[{"@type":"ReadAction","target":["https:\/\/ewt.al\/index.php\/njesite-per-eliminimin-e-hekurit-dhe-magnezit\/"]}]},{"@type":"BreadcrumbList","@id":"https:\/\/ewt.al\/index.php\/njesite-per-eliminimin-e-hekurit-dhe-magnezit\/#breadcrumb","itemListElement":[{"@type":"ListItem","position":1,"name":"Home","item":"https:\/\/ewt.al\/"},{"@type":"ListItem","position":2,"name":"NJESIT\u00cb P\u00cbR ELIMINIMIN E HEKURIT DHE MAGNEZIT"}]},{"@type":"WebSite","@id":"https:\/\/ewt.al\/#website","url":"https:\/\/ewt.al\/","name":"EWT","description":"European Water Technologies","potentialAction":[{"@type":"SearchAction","target":{"@type":"EntryPoint","urlTemplate":"https:\/\/ewt.al\/?s={search_term_string}"},"query-input":{"@type":"PropertyValueSpecification","valueRequired":true,"valueName":"search_term_string"}}],"inLanguage":"sq"}]}},"_links":{"self":[{"href":"https:\/\/ewt.al\/index.php\/wp-json\/wp\/v2\/pages\/224","targetHints":{"allow":["GET"]}}],"collection":[{"href":"https:\/\/ewt.al\/index.php\/wp-json\/wp\/v2\/pages"}],"about":[{"href":"https:\/\/ewt.al\/index.php\/wp-json\/wp\/v2\/types\/page"}],"author":[{"embeddable":true,"href":"https:\/\/ewt.al\/index.php\/wp-json\/wp\/v2\/users\/2"}],"replies":[{"embeddable":true,"href":"https:\/\/ewt.al\/index.php\/wp-json\/wp\/v2\/comments?post=224"}],"version-history":[{"count":2,"href":"https:\/\/ewt.al\/index.php\/wp-json\/wp\/v2\/pages\/224\/revisions"}],"predecessor-version":[{"id":228,"href":"https:\/\/ewt.al\/index.php\/wp-json\/wp\/v2\/pages\/224\/revisions\/228"}],"wp:attachment":[{"href":"https:\/\/ewt.al\/index.php\/wp-json\/wp\/v2\/media?parent=224"}],"curies":[{"name":"wp","href":"https:\/\/api.w.org\/{rel}","templated":true}]}}