{"id":218,"date":"2017-02-24T09:30:21","date_gmt":"2017-02-24T09:30:21","guid":{"rendered":"http:\/\/new.ewt.al\/?page_id=218"},"modified":"2025-10-07T10:26:45","modified_gmt":"2025-10-07T10:26:45","slug":"elektro-dejonizimi","status":"publish","type":"page","link":"https:\/\/ewt.al\/index.php\/elektro-dejonizimi\/","title":{"rendered":"ELEKTRO-DEJONIZIMI"},"content":{"rendered":"<div class=\"wpb-content-wrapper\"><p>[vc_row type=&#8221;vc_default&#8221; css=&#8221;.vc_custom_1487927698209{background-color: #ffffff !important;}&#8221;][vc_column width=&#8221;1\/3&#8243;][vc_single_image image=&#8221;220&#8243; img_size=&#8221;full&#8221; onclick=&#8221;link_image&#8221;][\/vc_column][vc_column width=&#8221;2\/3&#8243;][vc_empty_space height=&#8221;10px&#8221;][vc_column_text]Moduli elektro-dejonizues p\u00ebr eliminimin evazhduesh\u00ebm t\u00eb krip\u00ebrave t\u00eb p\u00ebrshkuesit n\u00eb\u00a0Osmoz\u00ebn Inverse, \u00ebsht\u00eb nj\u00eb pajisje e mbrojtur e\u00a0fort\u00eb dhe e projektuar me kujdes. Ajo p\u00ebrmban\u00a0nj\u00eb seri membranash speciale jono-selektive q\u00eb\u00a0krijojn\u00eb p\u00ebrq\u00ebndrim t\u00eb ndryshuesh\u00ebm dhe dhoma\u00a0p\u00ebr eliminimin e krip\u00ebs t\u00eb mbushura me rezin\u00eb me\u00a0shtret\u00ebr p\u00ebr shk\u00ebmbim jonesh.\u00a0Dy elektroda t\u00eb vecanta p\u00ebrdoren p\u00ebr t\u00eb krijuar nj\u00eb\u00a0fushe elektrike DC rreth dhomave.[\/vc_column_text][\/vc_column][\/vc_row]<\/p>\n<\/div>","protected":false},"excerpt":{"rendered":"<p>[vc_row type=&#8221;vc_default&#8221; css=&#8221;.vc_custom_1487927698209{background-color: #ffffff !important;}&#8221;][vc_column width=&#8221;1\/3&#8243;][vc_single_image image=&#8221;220&#8243; img_size=&#8221;full&#8221; onclick=&#8221;link_image&#8221;][\/vc_column][vc_column width=&#8221;2\/3&#8243;][vc_empty_space height=&#8221;10px&#8221;][vc_column_text]Moduli elektro-dejonizues p\u00ebr eliminimin evazhduesh\u00ebm t\u00eb krip\u00ebrave t\u00eb p\u00ebrshkuesit n\u00eb\u00a0Osmoz\u00ebn Inverse, \u00ebsht\u00eb nj\u00eb pajisje e mbrojtur e\u00a0fort\u00eb dhe e projektuar me kujdes. Ajo p\u00ebrmban\u00a0nj\u00eb seri membranash speciale jono-selektive q\u00eb\u00a0krijojn\u00eb p\u00ebrq\u00ebndrim t\u00eb ndryshuesh\u00ebm dhe dhoma\u00a0p\u00ebr eliminimin e krip\u00ebs t\u00eb mbushura me rezin\u00eb me\u00a0shtret\u00ebr p\u00ebr shk\u00ebmbim jonesh.\u00a0Dy&hellip;<\/p>\n","protected":false},"author":2,"featured_media":0,"parent":0,"menu_order":0,"comment_status":"closed","ping_status":"closed","template":"","meta":{"footnotes":""},"class_list":["post-218","page","type-page","status-publish","hentry","description-off"],"yoast_head":"<!-- This site is optimized with the Yoast SEO plugin v26.7 - https:\/\/yoast.com\/wordpress\/plugins\/seo\/ -->\n<title>Elektro-Dejonizimi i Ujit | EWT Albania<\/title>\n<meta name=\"description\" content=\"EWT Albania ofron sisteme elektro-dejonizimi p\u00ebr pastrimin e ujit nga minerale t\u00eb ngurt\u00eb dhe jonet e pad\u00ebshiruara, duke siguruar uj\u00eb t\u00eb past\u00ebr dhe t\u00eb sigurt p\u00ebr industri, laborator\u00eb dhe institucione.\" \/>\n<meta name=\"robots\" content=\"index, follow, max-snippet:-1, max-image-preview:large, max-video-preview:-1\" \/>\n<link rel=\"canonical\" href=\"https:\/\/ewt.al\/index.php\/elektro-dejonizimi\/\" \/>\n<meta property=\"og:locale\" content=\"sq_AL\" \/>\n<meta property=\"og:type\" content=\"article\" \/>\n<meta property=\"og:title\" content=\"Elektro-Dejonizimi i Ujit | EWT Albania\" \/>\n<meta property=\"og:description\" content=\"EWT Albania ofron sisteme elektro-dejonizimi p\u00ebr pastrimin e ujit nga minerale t\u00eb ngurt\u00eb dhe jonet e pad\u00ebshiruara, duke siguruar uj\u00eb t\u00eb past\u00ebr dhe t\u00eb sigurt p\u00ebr industri, laborator\u00eb dhe institucione.\" \/>\n<meta property=\"og:url\" content=\"https:\/\/ewt.al\/index.php\/elektro-dejonizimi\/\" \/>\n<meta property=\"og:site_name\" content=\"EWT\" \/>\n<meta property=\"article:modified_time\" content=\"2025-10-07T10:26:45+00:00\" \/>\n<meta name=\"twitter:card\" content=\"summary_large_image\" \/>\n<meta name=\"twitter:label1\" content=\"Est. reading time\" \/>\n\t<meta name=\"twitter:data1\" content=\"1 minut\u00eb\" \/>\n<script type=\"application\/ld+json\" class=\"yoast-schema-graph\">{\"@context\":\"https:\/\/schema.org\",\"@graph\":[{\"@type\":\"WebPage\",\"@id\":\"https:\/\/ewt.al\/index.php\/elektro-dejonizimi\/\",\"url\":\"https:\/\/ewt.al\/index.php\/elektro-dejonizimi\/\",\"name\":\"Elektro-Dejonizimi i Ujit | EWT Albania\",\"isPartOf\":{\"@id\":\"https:\/\/ewt.al\/#website\"},\"datePublished\":\"2017-02-24T09:30:21+00:00\",\"dateModified\":\"2025-10-07T10:26:45+00:00\",\"description\":\"EWT Albania ofron sisteme elektro-dejonizimi p\u00ebr pastrimin e ujit nga minerale t\u00eb ngurt\u00eb dhe jonet e pad\u00ebshiruara, duke siguruar uj\u00eb t\u00eb past\u00ebr dhe t\u00eb sigurt p\u00ebr industri, laborator\u00eb dhe institucione.\",\"breadcrumb\":{\"@id\":\"https:\/\/ewt.al\/index.php\/elektro-dejonizimi\/#breadcrumb\"},\"inLanguage\":\"sq\",\"potentialAction\":[{\"@type\":\"ReadAction\",\"target\":[\"https:\/\/ewt.al\/index.php\/elektro-dejonizimi\/\"]}]},{\"@type\":\"BreadcrumbList\",\"@id\":\"https:\/\/ewt.al\/index.php\/elektro-dejonizimi\/#breadcrumb\",\"itemListElement\":[{\"@type\":\"ListItem\",\"position\":1,\"name\":\"Home\",\"item\":\"https:\/\/ewt.al\/\"},{\"@type\":\"ListItem\",\"position\":2,\"name\":\"ELEKTRO-DEJONIZIMI\"}]},{\"@type\":\"WebSite\",\"@id\":\"https:\/\/ewt.al\/#website\",\"url\":\"https:\/\/ewt.al\/\",\"name\":\"EWT\",\"description\":\"European Water Technologies\",\"potentialAction\":[{\"@type\":\"SearchAction\",\"target\":{\"@type\":\"EntryPoint\",\"urlTemplate\":\"https:\/\/ewt.al\/?s={search_term_string}\"},\"query-input\":{\"@type\":\"PropertyValueSpecification\",\"valueRequired\":true,\"valueName\":\"search_term_string\"}}],\"inLanguage\":\"sq\"}]}<\/script>\n<!-- \/ Yoast SEO plugin. -->","yoast_head_json":{"title":"Elektro-Dejonizimi i Ujit | EWT Albania","description":"EWT Albania ofron sisteme elektro-dejonizimi p\u00ebr pastrimin e ujit nga minerale t\u00eb ngurt\u00eb dhe jonet e pad\u00ebshiruara, duke siguruar uj\u00eb t\u00eb past\u00ebr dhe t\u00eb sigurt p\u00ebr industri, laborator\u00eb dhe institucione.","robots":{"index":"index","follow":"follow","max-snippet":"max-snippet:-1","max-image-preview":"max-image-preview:large","max-video-preview":"max-video-preview:-1"},"canonical":"https:\/\/ewt.al\/index.php\/elektro-dejonizimi\/","og_locale":"sq_AL","og_type":"article","og_title":"Elektro-Dejonizimi i Ujit | EWT Albania","og_description":"EWT Albania ofron sisteme elektro-dejonizimi p\u00ebr pastrimin e ujit nga minerale t\u00eb ngurt\u00eb dhe jonet e pad\u00ebshiruara, duke siguruar uj\u00eb t\u00eb past\u00ebr dhe t\u00eb sigurt p\u00ebr industri, laborator\u00eb dhe institucione.","og_url":"https:\/\/ewt.al\/index.php\/elektro-dejonizimi\/","og_site_name":"EWT","article_modified_time":"2025-10-07T10:26:45+00:00","twitter_card":"summary_large_image","twitter_misc":{"Est. reading time":"1 minut\u00eb"},"schema":{"@context":"https:\/\/schema.org","@graph":[{"@type":"WebPage","@id":"https:\/\/ewt.al\/index.php\/elektro-dejonizimi\/","url":"https:\/\/ewt.al\/index.php\/elektro-dejonizimi\/","name":"Elektro-Dejonizimi i Ujit | EWT Albania","isPartOf":{"@id":"https:\/\/ewt.al\/#website"},"datePublished":"2017-02-24T09:30:21+00:00","dateModified":"2025-10-07T10:26:45+00:00","description":"EWT Albania ofron sisteme elektro-dejonizimi p\u00ebr pastrimin e ujit nga minerale t\u00eb ngurt\u00eb dhe jonet e pad\u00ebshiruara, duke siguruar uj\u00eb t\u00eb past\u00ebr dhe t\u00eb sigurt p\u00ebr industri, laborator\u00eb dhe institucione.","breadcrumb":{"@id":"https:\/\/ewt.al\/index.php\/elektro-dejonizimi\/#breadcrumb"},"inLanguage":"sq","potentialAction":[{"@type":"ReadAction","target":["https:\/\/ewt.al\/index.php\/elektro-dejonizimi\/"]}]},{"@type":"BreadcrumbList","@id":"https:\/\/ewt.al\/index.php\/elektro-dejonizimi\/#breadcrumb","itemListElement":[{"@type":"ListItem","position":1,"name":"Home","item":"https:\/\/ewt.al\/"},{"@type":"ListItem","position":2,"name":"ELEKTRO-DEJONIZIMI"}]},{"@type":"WebSite","@id":"https:\/\/ewt.al\/#website","url":"https:\/\/ewt.al\/","name":"EWT","description":"European Water Technologies","potentialAction":[{"@type":"SearchAction","target":{"@type":"EntryPoint","urlTemplate":"https:\/\/ewt.al\/?s={search_term_string}"},"query-input":{"@type":"PropertyValueSpecification","valueRequired":true,"valueName":"search_term_string"}}],"inLanguage":"sq"}]}},"_links":{"self":[{"href":"https:\/\/ewt.al\/index.php\/wp-json\/wp\/v2\/pages\/218","targetHints":{"allow":["GET"]}}],"collection":[{"href":"https:\/\/ewt.al\/index.php\/wp-json\/wp\/v2\/pages"}],"about":[{"href":"https:\/\/ewt.al\/index.php\/wp-json\/wp\/v2\/types\/page"}],"author":[{"embeddable":true,"href":"https:\/\/ewt.al\/index.php\/wp-json\/wp\/v2\/users\/2"}],"replies":[{"embeddable":true,"href":"https:\/\/ewt.al\/index.php\/wp-json\/wp\/v2\/comments?post=218"}],"version-history":[{"count":3,"href":"https:\/\/ewt.al\/index.php\/wp-json\/wp\/v2\/pages\/218\/revisions"}],"predecessor-version":[{"id":380,"href":"https:\/\/ewt.al\/index.php\/wp-json\/wp\/v2\/pages\/218\/revisions\/380"}],"wp:attachment":[{"href":"https:\/\/ewt.al\/index.php\/wp-json\/wp\/v2\/media?parent=218"}],"curies":[{"name":"wp","href":"https:\/\/api.w.org\/{rel}","templated":true}]}}