{"id":214,"date":"2017-02-24T09:28:38","date_gmt":"2017-02-24T09:28:38","guid":{"rendered":"http:\/\/new.ewt.al\/?page_id=214"},"modified":"2025-10-07T10:27:13","modified_gmt":"2025-10-07T10:27:13","slug":"osmoza-inverse","status":"publish","type":"page","link":"https:\/\/ewt.al\/index.php\/osmoza-inverse\/","title":{"rendered":"OSMOZA INVERSE"},"content":{"rendered":"<div class=\"wpb-content-wrapper\"><p>[vc_row type=&#8221;vc_default&#8221; css=&#8221;.vc_custom_1487927698209{background-color: #ffffff !important;}&#8221;][vc_column][vc_single_image image=&#8221;216&#8243; img_size=&#8221;full&#8221;][vc_column_text]Osmoza inverse ndodh kur uji l\u00ebviz n\u00eb membran\u00eb kundra gradientit t\u00eb\u00a0p\u00ebrqendrimit, nga nj\u00eb ambient m\u00eb p\u00ebrqendrim t\u00eb ul\u00ebt n\u00eb nj\u00eb me p\u00ebrqendrim\u00a0m\u00eb t\u00eb lart\u00eb. P\u00ebr ta ilustruar, imagjinoni nj\u00eb membrane gjys\u00ebm t\u00eb p\u00ebrshkueshme\u00a0me uj\u00eb t\u00eb past\u00ebr nga nj\u00eb an\u00eb dhe nga ana tjet\u00ebr me solucion t\u00eb p\u00ebrqendruar\u00a0ujor. N\u00ebse osmoza normale zhvillohet, uji i past\u00ebr do te kaloj\u00eb membran\u00ebn\u00a0p\u00ebr t\u00eb holluar solucionin e p\u00ebrq\u00ebndruar. N\u00eb osmoz\u00ebn inverse, ushtrohet\u00a0presion nga ana e solucionit me p\u00ebrqendrim t\u00eb lart\u00eb p\u00ebr t\u00eb shtyre molekulat\u00a0e tij t\u00eb kalojn\u00eb membran\u00ebn n\u00eb an\u00ebn me uj\u00eb t\u00eb past\u00ebr.\u00a0Osmoza inverse p\u00ebrdoret kryesisht n\u00eb filtrimin e uj\u00ebrave industriale apo ujit\u00a0t\u00eb pijsh\u00ebm. Kjo metod\u00eb p\u00ebrdoret dhe n\u00eb trajtimin e uj\u00ebrave t\u00eb kripura p\u00ebr\u00a0t\u00eb eliminuar krip\u00ebn nga uji.[\/vc_column_text][\/vc_column][\/vc_row]<\/p>\n<\/div>","protected":false},"excerpt":{"rendered":"<p>[vc_row type=&#8221;vc_default&#8221; css=&#8221;.vc_custom_1487927698209{background-color: #ffffff !important;}&#8221;][vc_column][vc_single_image image=&#8221;216&#8243; img_size=&#8221;full&#8221;][vc_column_text]Osmoza inverse ndodh kur uji l\u00ebviz n\u00eb membran\u00eb kundra gradientit t\u00eb\u00a0p\u00ebrqendrimit, nga nj\u00eb ambient m\u00eb p\u00ebrqendrim t\u00eb ul\u00ebt n\u00eb nj\u00eb me p\u00ebrqendrim\u00a0m\u00eb t\u00eb lart\u00eb. P\u00ebr ta ilustruar, imagjinoni nj\u00eb membrane gjys\u00ebm t\u00eb p\u00ebrshkueshme\u00a0me uj\u00eb t\u00eb past\u00ebr nga nj\u00eb an\u00eb dhe nga ana tjet\u00ebr me solucion t\u00eb p\u00ebrqendruar\u00a0ujor. N\u00ebse osmoza&hellip;<\/p>\n","protected":false},"author":2,"featured_media":0,"parent":0,"menu_order":0,"comment_status":"closed","ping_status":"closed","template":"","meta":{"footnotes":""},"class_list":["post-214","page","type-page","status-publish","hentry","description-off"],"yoast_head":"<!-- This site is optimized with the Yoast SEO plugin v26.7 - https:\/\/yoast.com\/wordpress\/plugins\/seo\/ -->\n<title>Sistemet e Osmoz\u00ebs Inverse p\u00ebr Trajtimin e Ujit | EWT Albania<\/title>\n<meta name=\"description\" content=\"EWT Albania ofron sisteme osmoze inverse p\u00ebr filtrimin e ujit, duke larguar papast\u00ebrtit\u00eb, bakteret dhe krip\u00ebrat e tep\u00ebrta. Zgjidhje ideale p\u00ebr sht\u00ebpi, industri dhe institucione.\" \/>\n<meta name=\"robots\" content=\"index, follow, max-snippet:-1, max-image-preview:large, max-video-preview:-1\" \/>\n<link rel=\"canonical\" href=\"https:\/\/ewt.al\/index.php\/osmoza-inverse\/\" \/>\n<meta property=\"og:locale\" content=\"sq_AL\" \/>\n<meta property=\"og:type\" content=\"article\" \/>\n<meta property=\"og:title\" content=\"Sistemet e Osmoz\u00ebs Inverse p\u00ebr Trajtimin e Ujit | EWT Albania\" \/>\n<meta property=\"og:description\" content=\"EWT Albania ofron sisteme osmoze inverse p\u00ebr filtrimin e ujit, duke larguar papast\u00ebrtit\u00eb, bakteret dhe krip\u00ebrat e tep\u00ebrta. Zgjidhje ideale p\u00ebr sht\u00ebpi, industri dhe institucione.\" \/>\n<meta property=\"og:url\" content=\"https:\/\/ewt.al\/index.php\/osmoza-inverse\/\" \/>\n<meta property=\"og:site_name\" content=\"EWT\" \/>\n<meta property=\"article:modified_time\" content=\"2025-10-07T10:27:13+00:00\" \/>\n<meta name=\"twitter:card\" content=\"summary_large_image\" \/>\n<meta name=\"twitter:label1\" content=\"Est. reading time\" \/>\n\t<meta name=\"twitter:data1\" content=\"1 minut\u00eb\" \/>\n<script type=\"application\/ld+json\" class=\"yoast-schema-graph\">{\"@context\":\"https:\/\/schema.org\",\"@graph\":[{\"@type\":\"WebPage\",\"@id\":\"https:\/\/ewt.al\/index.php\/osmoza-inverse\/\",\"url\":\"https:\/\/ewt.al\/index.php\/osmoza-inverse\/\",\"name\":\"Sistemet e Osmoz\u00ebs Inverse p\u00ebr Trajtimin e Ujit | EWT Albania\",\"isPartOf\":{\"@id\":\"https:\/\/ewt.al\/#website\"},\"datePublished\":\"2017-02-24T09:28:38+00:00\",\"dateModified\":\"2025-10-07T10:27:13+00:00\",\"description\":\"EWT Albania ofron sisteme osmoze inverse p\u00ebr filtrimin e ujit, duke larguar papast\u00ebrtit\u00eb, bakteret dhe krip\u00ebrat e tep\u00ebrta. Zgjidhje ideale p\u00ebr sht\u00ebpi, industri dhe institucione.\",\"breadcrumb\":{\"@id\":\"https:\/\/ewt.al\/index.php\/osmoza-inverse\/#breadcrumb\"},\"inLanguage\":\"sq\",\"potentialAction\":[{\"@type\":\"ReadAction\",\"target\":[\"https:\/\/ewt.al\/index.php\/osmoza-inverse\/\"]}]},{\"@type\":\"BreadcrumbList\",\"@id\":\"https:\/\/ewt.al\/index.php\/osmoza-inverse\/#breadcrumb\",\"itemListElement\":[{\"@type\":\"ListItem\",\"position\":1,\"name\":\"Home\",\"item\":\"https:\/\/ewt.al\/\"},{\"@type\":\"ListItem\",\"position\":2,\"name\":\"OSMOZA INVERSE\"}]},{\"@type\":\"WebSite\",\"@id\":\"https:\/\/ewt.al\/#website\",\"url\":\"https:\/\/ewt.al\/\",\"name\":\"EWT\",\"description\":\"European Water Technologies\",\"potentialAction\":[{\"@type\":\"SearchAction\",\"target\":{\"@type\":\"EntryPoint\",\"urlTemplate\":\"https:\/\/ewt.al\/?s={search_term_string}\"},\"query-input\":{\"@type\":\"PropertyValueSpecification\",\"valueRequired\":true,\"valueName\":\"search_term_string\"}}],\"inLanguage\":\"sq\"}]}<\/script>\n<!-- \/ Yoast SEO plugin. -->","yoast_head_json":{"title":"Sistemet e Osmoz\u00ebs Inverse p\u00ebr Trajtimin e Ujit | EWT Albania","description":"EWT Albania ofron sisteme osmoze inverse p\u00ebr filtrimin e ujit, duke larguar papast\u00ebrtit\u00eb, bakteret dhe krip\u00ebrat e tep\u00ebrta. Zgjidhje ideale p\u00ebr sht\u00ebpi, industri dhe institucione.","robots":{"index":"index","follow":"follow","max-snippet":"max-snippet:-1","max-image-preview":"max-image-preview:large","max-video-preview":"max-video-preview:-1"},"canonical":"https:\/\/ewt.al\/index.php\/osmoza-inverse\/","og_locale":"sq_AL","og_type":"article","og_title":"Sistemet e Osmoz\u00ebs Inverse p\u00ebr Trajtimin e Ujit | EWT Albania","og_description":"EWT Albania ofron sisteme osmoze inverse p\u00ebr filtrimin e ujit, duke larguar papast\u00ebrtit\u00eb, bakteret dhe krip\u00ebrat e tep\u00ebrta. Zgjidhje ideale p\u00ebr sht\u00ebpi, industri dhe institucione.","og_url":"https:\/\/ewt.al\/index.php\/osmoza-inverse\/","og_site_name":"EWT","article_modified_time":"2025-10-07T10:27:13+00:00","twitter_card":"summary_large_image","twitter_misc":{"Est. reading time":"1 minut\u00eb"},"schema":{"@context":"https:\/\/schema.org","@graph":[{"@type":"WebPage","@id":"https:\/\/ewt.al\/index.php\/osmoza-inverse\/","url":"https:\/\/ewt.al\/index.php\/osmoza-inverse\/","name":"Sistemet e Osmoz\u00ebs Inverse p\u00ebr Trajtimin e Ujit | EWT Albania","isPartOf":{"@id":"https:\/\/ewt.al\/#website"},"datePublished":"2017-02-24T09:28:38+00:00","dateModified":"2025-10-07T10:27:13+00:00","description":"EWT Albania ofron sisteme osmoze inverse p\u00ebr filtrimin e ujit, duke larguar papast\u00ebrtit\u00eb, bakteret dhe krip\u00ebrat e tep\u00ebrta. Zgjidhje ideale p\u00ebr sht\u00ebpi, industri dhe institucione.","breadcrumb":{"@id":"https:\/\/ewt.al\/index.php\/osmoza-inverse\/#breadcrumb"},"inLanguage":"sq","potentialAction":[{"@type":"ReadAction","target":["https:\/\/ewt.al\/index.php\/osmoza-inverse\/"]}]},{"@type":"BreadcrumbList","@id":"https:\/\/ewt.al\/index.php\/osmoza-inverse\/#breadcrumb","itemListElement":[{"@type":"ListItem","position":1,"name":"Home","item":"https:\/\/ewt.al\/"},{"@type":"ListItem","position":2,"name":"OSMOZA INVERSE"}]},{"@type":"WebSite","@id":"https:\/\/ewt.al\/#website","url":"https:\/\/ewt.al\/","name":"EWT","description":"European Water Technologies","potentialAction":[{"@type":"SearchAction","target":{"@type":"EntryPoint","urlTemplate":"https:\/\/ewt.al\/?s={search_term_string}"},"query-input":{"@type":"PropertyValueSpecification","valueRequired":true,"valueName":"search_term_string"}}],"inLanguage":"sq"}]}},"_links":{"self":[{"href":"https:\/\/ewt.al\/index.php\/wp-json\/wp\/v2\/pages\/214","targetHints":{"allow":["GET"]}}],"collection":[{"href":"https:\/\/ewt.al\/index.php\/wp-json\/wp\/v2\/pages"}],"about":[{"href":"https:\/\/ewt.al\/index.php\/wp-json\/wp\/v2\/types\/page"}],"author":[{"embeddable":true,"href":"https:\/\/ewt.al\/index.php\/wp-json\/wp\/v2\/users\/2"}],"replies":[{"embeddable":true,"href":"https:\/\/ewt.al\/index.php\/wp-json\/wp\/v2\/comments?post=214"}],"version-history":[{"count":3,"href":"https:\/\/ewt.al\/index.php\/wp-json\/wp\/v2\/pages\/214\/revisions"}],"predecessor-version":[{"id":382,"href":"https:\/\/ewt.al\/index.php\/wp-json\/wp\/v2\/pages\/214\/revisions\/382"}],"wp:attachment":[{"href":"https:\/\/ewt.al\/index.php\/wp-json\/wp\/v2\/media?parent=214"}],"curies":[{"name":"wp","href":"https:\/\/api.w.org\/{rel}","templated":true}]}}