{"id":206,"date":"2017-02-24T09:25:36","date_gmt":"2017-02-24T09:25:36","guid":{"rendered":"http:\/\/new.ewt.al\/?page_id=206"},"modified":"2025-10-07T10:23:41","modified_gmt":"2025-10-07T10:23:41","slug":"njesia-sanitizer-per-heqjen-e-hekurit-me-crystal-right","status":"publish","type":"page","link":"https:\/\/ewt.al\/index.php\/njesia-sanitizer-per-heqjen-e-hekurit-me-crystal-right\/","title":{"rendered":"NJ\u00cbSIA SANITIZER P\u00cbR HEQJEN E HEKURIT ME CRYSTAL RIGHT"},"content":{"rendered":"<div class=\"wpb-content-wrapper\"><p>[vc_row type=&#8221;vc_default&#8221; css=&#8221;.vc_custom_1487927698209{background-color: #ffffff !important;}&#8221;][vc_column width=&#8221;1\/3&#8243;][vc_single_image image=&#8221;210&#8243; img_size=&#8221;full&#8221; onclick=&#8221;link_image&#8221;][vc_single_image image=&#8221;209&#8243; img_size=&#8221;full&#8221; onclick=&#8221;link_image&#8221;][\/vc_column][vc_column width=&#8221;2\/3&#8243;][vc_empty_space height=&#8221;10px&#8221;][vc_column_text]<\/p>\n<p class=\"page-title\">\u00a0Sanitizer \u00ebsht\u00eb nj\u00eb sistem trajtimi uji multifunksional i cili eliminon\u00a0hekurin, magnezin, ul fort\u00ebsin\u00eb e ujit, rrit pH dhe dezinfekton\u00a0automatikisht vetveten gjat\u00eb rigjenerimit.Sekreti qendron n\u00eb dy teknologji t\u00eb vecanta inxhinierike.<br \/>\n\u2022Nj\u00eb gjenerues i ri klori, nj\u00eb pajisje e patentuar q\u00eb p\u00ebrdor krip\u00ebn\u00a0ekzistuese p\u00ebr prodhimin e sasirave t\u00eb kontrolluara t\u00eb klorit dhe\u00a0sjell dezinfektimin e gjith\u00eb sistemit. Nuk ka nevoj\u00eb p\u00ebr shtim t\u00eb\u00a0kimikateve t\u00eb tjera, nuk ka nevoj\u00eb p\u00ebr krip\u00eb speciale dhe nuk ka\u00a0nevoj\u00eb p\u00ebr blerjen e asnj\u00eb pajisje shtes\u00eb. Procesi i dezinfektimit\u00a0aktivizohet sa her\u00eb q\u00eb sistemi rigjenerohet.<br \/>\n\u2022 M\u00eb pas vjen perdorimi i Crystal-Right,nj\u00eb mjet unik q\u00eb eliminon nivelet e larta\u00a0t\u00eb hekurit dhe magnezit, rrit pH, ul\u00a0nivelet e amoniakut dhe parapraksiht ul\u00a0fort\u00ebsin\u00eb e ujit n\u00ebp\u00ebrmjet nj\u00eb rigjenerimi\u00a0t\u00eb thjesht\u00eb me krip\u00eb. Crystal-Right\u00a0gjithashtu \u00ebsht\u00eb zbut\u00ebsi i vet\u00ebm n\u00eb\u00a0p\u00ebrdorim q\u00eb nuk c\u00ebnohet nga klori. E\u00a0gjitha kjo \u00ebsht\u00eb e p\u00ebrfshir\u00eb n\u00eb nj\u00eb sistem\u00a0t\u00eb vet\u00ebm dhe ultramodern.<\/p>\n<p>[\/vc_column_text][\/vc_column][\/vc_row]<\/p>\n<\/div>","protected":false},"excerpt":{"rendered":"<p>[vc_row type=&#8221;vc_default&#8221; css=&#8221;.vc_custom_1487927698209{background-color: #ffffff !important;}&#8221;][vc_column width=&#8221;1\/3&#8243;][vc_single_image image=&#8221;210&#8243; img_size=&#8221;full&#8221; onclick=&#8221;link_image&#8221;][vc_single_image image=&#8221;209&#8243; img_size=&#8221;full&#8221; onclick=&#8221;link_image&#8221;][\/vc_column][vc_column width=&#8221;2\/3&#8243;][vc_empty_space height=&#8221;10px&#8221;][vc_column_text] \u00a0Sanitizer \u00ebsht\u00eb nj\u00eb sistem trajtimi uji multifunksional i cili eliminon\u00a0hekurin, magnezin, ul fort\u00ebsin\u00eb e ujit, rrit pH dhe dezinfekton\u00a0automatikisht vetveten gjat\u00eb rigjenerimit.Sekreti qendron n\u00eb dy teknologji t\u00eb vecanta inxhinierike. \u2022Nj\u00eb gjenerues i ri klori, nj\u00eb pajisje e patentuar q\u00eb p\u00ebrdor krip\u00ebn\u00a0ekzistuese&hellip;<\/p>\n","protected":false},"author":2,"featured_media":0,"parent":0,"menu_order":0,"comment_status":"closed","ping_status":"closed","template":"","meta":{"footnotes":""},"class_list":["post-206","page","type-page","status-publish","hentry","description-off"],"yoast_head":"<!-- This site is optimized with the Yoast SEO plugin v26.7 - https:\/\/yoast.com\/wordpress\/plugins\/seo\/ -->\n<title>Nj\u00ebsia Sanitizer p\u00ebr Trajtimin e Ujit | EWT Albania<\/title>\n<meta name=\"description\" content=\"EWT Albania ofron Nj\u00ebsin\u00eb Sanitizer \u2013 nj\u00eb zgjidhje efektive p\u00ebr dezinfektimin e ujit me teknologji t\u00eb avancuar, ideale p\u00ebr sht\u00ebpi, industri dhe institucione.\" \/>\n<meta name=\"robots\" content=\"index, follow, max-snippet:-1, max-image-preview:large, max-video-preview:-1\" \/>\n<link rel=\"canonical\" href=\"https:\/\/ewt.al\/index.php\/njesia-sanitizer-per-heqjen-e-hekurit-me-crystal-right\/\" \/>\n<meta property=\"og:locale\" content=\"sq_AL\" \/>\n<meta property=\"og:type\" content=\"article\" \/>\n<meta property=\"og:title\" content=\"Nj\u00ebsia Sanitizer p\u00ebr Trajtimin e Ujit | EWT Albania\" \/>\n<meta property=\"og:description\" content=\"EWT Albania ofron Nj\u00ebsin\u00eb Sanitizer \u2013 nj\u00eb zgjidhje efektive p\u00ebr dezinfektimin e ujit me teknologji t\u00eb avancuar, ideale p\u00ebr sht\u00ebpi, industri dhe institucione.\" \/>\n<meta property=\"og:url\" content=\"https:\/\/ewt.al\/index.php\/njesia-sanitizer-per-heqjen-e-hekurit-me-crystal-right\/\" \/>\n<meta property=\"og:site_name\" content=\"EWT\" \/>\n<meta property=\"article:modified_time\" content=\"2025-10-07T10:23:41+00:00\" \/>\n<meta name=\"twitter:card\" content=\"summary_large_image\" \/>\n<meta name=\"twitter:label1\" content=\"Est. reading time\" \/>\n\t<meta name=\"twitter:data1\" content=\"1 minut\u00eb\" \/>\n<script type=\"application\/ld+json\" class=\"yoast-schema-graph\">{\"@context\":\"https:\/\/schema.org\",\"@graph\":[{\"@type\":\"WebPage\",\"@id\":\"https:\/\/ewt.al\/index.php\/njesia-sanitizer-per-heqjen-e-hekurit-me-crystal-right\/\",\"url\":\"https:\/\/ewt.al\/index.php\/njesia-sanitizer-per-heqjen-e-hekurit-me-crystal-right\/\",\"name\":\"Nj\u00ebsia Sanitizer p\u00ebr Trajtimin e Ujit | EWT Albania\",\"isPartOf\":{\"@id\":\"https:\/\/ewt.al\/#website\"},\"datePublished\":\"2017-02-24T09:25:36+00:00\",\"dateModified\":\"2025-10-07T10:23:41+00:00\",\"description\":\"EWT Albania ofron Nj\u00ebsin\u00eb Sanitizer \u2013 nj\u00eb zgjidhje efektive p\u00ebr dezinfektimin e ujit me teknologji t\u00eb avancuar, ideale p\u00ebr sht\u00ebpi, industri dhe institucione.\",\"breadcrumb\":{\"@id\":\"https:\/\/ewt.al\/index.php\/njesia-sanitizer-per-heqjen-e-hekurit-me-crystal-right\/#breadcrumb\"},\"inLanguage\":\"sq\",\"potentialAction\":[{\"@type\":\"ReadAction\",\"target\":[\"https:\/\/ewt.al\/index.php\/njesia-sanitizer-per-heqjen-e-hekurit-me-crystal-right\/\"]}]},{\"@type\":\"BreadcrumbList\",\"@id\":\"https:\/\/ewt.al\/index.php\/njesia-sanitizer-per-heqjen-e-hekurit-me-crystal-right\/#breadcrumb\",\"itemListElement\":[{\"@type\":\"ListItem\",\"position\":1,\"name\":\"Home\",\"item\":\"https:\/\/ewt.al\/\"},{\"@type\":\"ListItem\",\"position\":2,\"name\":\"NJ\u00cbSIA SANITIZER P\u00cbR HEQJEN E HEKURIT ME CRYSTAL RIGHT\"}]},{\"@type\":\"WebSite\",\"@id\":\"https:\/\/ewt.al\/#website\",\"url\":\"https:\/\/ewt.al\/\",\"name\":\"EWT\",\"description\":\"European Water Technologies\",\"potentialAction\":[{\"@type\":\"SearchAction\",\"target\":{\"@type\":\"EntryPoint\",\"urlTemplate\":\"https:\/\/ewt.al\/?s={search_term_string}\"},\"query-input\":{\"@type\":\"PropertyValueSpecification\",\"valueRequired\":true,\"valueName\":\"search_term_string\"}}],\"inLanguage\":\"sq\"}]}<\/script>\n<!-- \/ Yoast SEO plugin. -->","yoast_head_json":{"title":"Nj\u00ebsia Sanitizer p\u00ebr Trajtimin e Ujit | EWT Albania","description":"EWT Albania ofron Nj\u00ebsin\u00eb Sanitizer \u2013 nj\u00eb zgjidhje efektive p\u00ebr dezinfektimin e ujit me teknologji t\u00eb avancuar, ideale p\u00ebr sht\u00ebpi, industri dhe institucione.","robots":{"index":"index","follow":"follow","max-snippet":"max-snippet:-1","max-image-preview":"max-image-preview:large","max-video-preview":"max-video-preview:-1"},"canonical":"https:\/\/ewt.al\/index.php\/njesia-sanitizer-per-heqjen-e-hekurit-me-crystal-right\/","og_locale":"sq_AL","og_type":"article","og_title":"Nj\u00ebsia Sanitizer p\u00ebr Trajtimin e Ujit | EWT Albania","og_description":"EWT Albania ofron Nj\u00ebsin\u00eb Sanitizer \u2013 nj\u00eb zgjidhje efektive p\u00ebr dezinfektimin e ujit me teknologji t\u00eb avancuar, ideale p\u00ebr sht\u00ebpi, industri dhe institucione.","og_url":"https:\/\/ewt.al\/index.php\/njesia-sanitizer-per-heqjen-e-hekurit-me-crystal-right\/","og_site_name":"EWT","article_modified_time":"2025-10-07T10:23:41+00:00","twitter_card":"summary_large_image","twitter_misc":{"Est. reading time":"1 minut\u00eb"},"schema":{"@context":"https:\/\/schema.org","@graph":[{"@type":"WebPage","@id":"https:\/\/ewt.al\/index.php\/njesia-sanitizer-per-heqjen-e-hekurit-me-crystal-right\/","url":"https:\/\/ewt.al\/index.php\/njesia-sanitizer-per-heqjen-e-hekurit-me-crystal-right\/","name":"Nj\u00ebsia Sanitizer p\u00ebr Trajtimin e Ujit | EWT Albania","isPartOf":{"@id":"https:\/\/ewt.al\/#website"},"datePublished":"2017-02-24T09:25:36+00:00","dateModified":"2025-10-07T10:23:41+00:00","description":"EWT Albania ofron Nj\u00ebsin\u00eb Sanitizer \u2013 nj\u00eb zgjidhje efektive p\u00ebr dezinfektimin e ujit me teknologji t\u00eb avancuar, ideale p\u00ebr sht\u00ebpi, industri dhe institucione.","breadcrumb":{"@id":"https:\/\/ewt.al\/index.php\/njesia-sanitizer-per-heqjen-e-hekurit-me-crystal-right\/#breadcrumb"},"inLanguage":"sq","potentialAction":[{"@type":"ReadAction","target":["https:\/\/ewt.al\/index.php\/njesia-sanitizer-per-heqjen-e-hekurit-me-crystal-right\/"]}]},{"@type":"BreadcrumbList","@id":"https:\/\/ewt.al\/index.php\/njesia-sanitizer-per-heqjen-e-hekurit-me-crystal-right\/#breadcrumb","itemListElement":[{"@type":"ListItem","position":1,"name":"Home","item":"https:\/\/ewt.al\/"},{"@type":"ListItem","position":2,"name":"NJ\u00cbSIA SANITIZER P\u00cbR HEQJEN E HEKURIT ME CRYSTAL RIGHT"}]},{"@type":"WebSite","@id":"https:\/\/ewt.al\/#website","url":"https:\/\/ewt.al\/","name":"EWT","description":"European Water Technologies","potentialAction":[{"@type":"SearchAction","target":{"@type":"EntryPoint","urlTemplate":"https:\/\/ewt.al\/?s={search_term_string}"},"query-input":{"@type":"PropertyValueSpecification","valueRequired":true,"valueName":"search_term_string"}}],"inLanguage":"sq"}]}},"_links":{"self":[{"href":"https:\/\/ewt.al\/index.php\/wp-json\/wp\/v2\/pages\/206","targetHints":{"allow":["GET"]}}],"collection":[{"href":"https:\/\/ewt.al\/index.php\/wp-json\/wp\/v2\/pages"}],"about":[{"href":"https:\/\/ewt.al\/index.php\/wp-json\/wp\/v2\/types\/page"}],"author":[{"embeddable":true,"href":"https:\/\/ewt.al\/index.php\/wp-json\/wp\/v2\/users\/2"}],"replies":[{"embeddable":true,"href":"https:\/\/ewt.al\/index.php\/wp-json\/wp\/v2\/comments?post=206"}],"version-history":[{"count":5,"href":"https:\/\/ewt.al\/index.php\/wp-json\/wp\/v2\/pages\/206\/revisions"}],"predecessor-version":[{"id":378,"href":"https:\/\/ewt.al\/index.php\/wp-json\/wp\/v2\/pages\/206\/revisions\/378"}],"wp:attachment":[{"href":"https:\/\/ewt.al\/index.php\/wp-json\/wp\/v2\/media?parent=206"}],"curies":[{"name":"wp","href":"https:\/\/api.w.org\/{rel}","templated":true}]}}