{"id":20,"date":"2017-02-23T11:35:32","date_gmt":"2017-02-23T11:35:32","guid":{"rendered":"http:\/\/new.ewt.al\/?page_id=20"},"modified":"2025-10-07T08:06:08","modified_gmt":"2025-10-07T08:06:08","slug":"kontakto","status":"publish","type":"page","link":"https:\/\/ewt.al\/index.php\/kontakto\/","title":{"rendered":"CONTACT"},"content":{"rendered":"<div class=\"wpb-content-wrapper\"><p>[vc_row type=&#8221;vc_default&#8221; css=&#8221;.vc_custom_1487865248822{background-color: #ffffff !important;}&#8221;][vc_column][vc_gmaps link=&#8221;#E-8_JTNDaWZyYW1lJTIwc3JjJTNEJTIyaHR0cHMlM0ElMkYlMkZ3d3cuZ29vZ2xlLmNvbSUyRm1hcHMlMkZlbWJlZCUzRnBiJTNEJTIxMW0xOCUyMTFtMTIlMjExbTMlMjExZDg1OC42OTA1NTQ0MDUwNzA5JTIxMmQxOS42NzIyNDQzMDQzNjk3MzclMjEzZDQxLjM3OTg1Mzk5NzUyODElMjEybTMlMjExZjAlMjEyZjAlMjEzZjAlMjEzbTIlMjExaTEwMjQlMjEyaTc2OCUyMTRmMTMuMSUyMTNtMyUyMTFtMiUyMTFzMHgwJTI1M0EweDAlMjEyek5ESENzREl5SnpRM0xqVWlUaUF4T2NLd05EQW5Nakl1T0NKRiUyMTVlMSUyMTNtMiUyMTFzc3ElMjEycyUyMTR2MTQ4NzkzMjUyODMzMyUyMiUyMHdpZHRoJTNEJTIyNjAwJTIyJTIwaGVpZ2h0JTNEJTIyNDUwJTIyJTIwZnJhbWVib3JkZXIlM0QlMjIwJTIyJTIwc3R5bGUlM0QlMjJib3JkZXIlM0EwJTIyJTIwYWxsb3dmdWxsc2NyZWVuJTNFJTNDJTJGaWZyYW1lJTNF&#8221;]<form class=\"dt-contact-form dt-form\" method=\"post\"><input type=\"hidden\" name=\"widget_id\" value=\"presscore-contact-form-widget--1\" \/><input type=\"hidden\" name=\"send_message\" value=\"\" \/><input type=\"hidden\" name=\"security_token\" value=\"\"\/><div class=\"form-fields\"><span class=\"form-name\"><label class=\"assistive-text\">Name *<\/label><input type=\"text\" class=\"validate[required]\" placeholder=\"Name *\" name=\"name\" value=\"\" aria-required=\"true\">\n<\/span><span class=\"form-mail\"><label class=\"assistive-text\">E-mail *<\/label><input type=\"text\" class=\"validate[required,custom[email]]\" placeholder=\"E-mail *\" name=\"email\" value=\"\" aria-required=\"true\">\n<\/span><\/div><span class=\"form-message\"><label class=\"assistive-text\">Message *<\/label><textarea class=\"validate[required]\" placeholder=\"Message *\" name=\"message\" rows=\"6\" aria-required=\"true\"><\/textarea>\n<\/span><p><a href=\"#\" class=\"dt-btn dt-btn-m dt-btn-submit\" rel=\"nofollow\"><span>Dergo<\/span><\/a><input class=\"assistive-text\" type=\"submit\" value=\"submit\"><\/p><\/form>\n[\/vc_column][\/vc_row]<\/p>\n<\/div>","protected":false},"excerpt":{"rendered":"<p>[vc_row type=&#8221;vc_default&#8221; css=&#8221;.vc_custom_1487865248822{background-color: #ffffff !important;}&#8221;][vc_column][vc_gmaps link=&#8221;#E-8_JTNDaWZyYW1lJTIwc3JjJTNEJTIyaHR0cHMlM0ElMkYlMkZ3d3cuZ29vZ2xlLmNvbSUyRm1hcHMlMkZlbWJlZCUzRnBiJTNEJTIxMW0xOCUyMTFtMTIlMjExbTMlMjExZDg1OC42OTA1NTQ0MDUwNzA5JTIxMmQxOS42NzIyNDQzMDQzNjk3MzclMjEzZDQxLjM3OTg1Mzk5NzUyODElMjEybTMlMjExZjAlMjEyZjAlMjEzZjAlMjEzbTIlMjExaTEwMjQlMjEyaTc2OCUyMTRmMTMuMSUyMTNtMyUyMTFtMiUyMTFzMHgwJTI1M0EweDAlMjEyek5ESENzREl5SnpRM0xqVWlUaUF4T2NLd05EQW5Nakl1T0NKRiUyMTVlMSUyMTNtMiUyMTFzc3ElMjEycyUyMTR2MTQ4NzkzMjUyODMzMyUyMiUyMHdpZHRoJTNEJTIyNjAwJTIyJTIwaGVpZ2h0JTNEJTIyNDUwJTIyJTIwZnJhbWVib3JkZXIlM0QlMjIwJTIyJTIwc3R5bGUlM0QlMjJib3JkZXIlM0EwJTIyJTIwYWxsb3dmdWxsc2NyZWVuJTNFJTNDJTJGaWZyYW1lJTNF&#8221;][\/vc_column][\/vc_row]<\/p>\n","protected":false},"author":2,"featured_media":0,"parent":0,"menu_order":0,"comment_status":"closed","ping_status":"closed","template":"","meta":{"footnotes":""},"class_list":["post-20","page","type-page","status-publish","hentry","description-off"],"yoast_head":"<!-- This site is optimized with the Yoast SEO plugin v26.7 - https:\/\/yoast.com\/wordpress\/plugins\/seo\/ -->\n<title>Na Kontaktoni | EWT \u2013 Zgjidhje Profesionale p\u00ebr Trajtimin e Ujit n\u00eb Shqip\u00ebri<\/title>\n<meta name=\"description\" content=\"Kontaktoni EWT (European Water Technologies) p\u00ebr zgjidhje t\u00eb personalizuara n\u00eb trajtimin e ujit. K\u00ebrkoni ofert\u00eb, konsultim teknik ose mb\u00ebshtetje profesionale p\u00ebr sistemet e ujit n\u00eb Shqip\u00ebri.\" \/>\n<meta name=\"robots\" content=\"index, follow, max-snippet:-1, max-image-preview:large, max-video-preview:-1\" \/>\n<link rel=\"canonical\" href=\"https:\/\/ewt.al\/index.php\/kontakto\/\" \/>\n<meta property=\"og:locale\" content=\"sq_AL\" \/>\n<meta property=\"og:type\" content=\"article\" \/>\n<meta property=\"og:title\" content=\"Na Kontaktoni | EWT \u2013 Zgjidhje Profesionale p\u00ebr Trajtimin e Ujit n\u00eb Shqip\u00ebri\" \/>\n<meta property=\"og:description\" content=\"Kontaktoni EWT (European Water Technologies) p\u00ebr zgjidhje t\u00eb personalizuara n\u00eb trajtimin e ujit. K\u00ebrkoni ofert\u00eb, konsultim teknik ose mb\u00ebshtetje profesionale p\u00ebr sistemet e ujit n\u00eb Shqip\u00ebri.\" \/>\n<meta property=\"og:url\" content=\"https:\/\/ewt.al\/index.php\/kontakto\/\" \/>\n<meta property=\"og:site_name\" content=\"EWT\" \/>\n<meta property=\"article:modified_time\" content=\"2025-10-07T08:06:08+00:00\" \/>\n<meta name=\"twitter:card\" content=\"summary_large_image\" \/>\n<meta name=\"twitter:label1\" content=\"Est. reading time\" \/>\n\t<meta name=\"twitter:data1\" content=\"1 minut\u00eb\" \/>\n<script type=\"application\/ld+json\" class=\"yoast-schema-graph\">{\"@context\":\"https:\/\/schema.org\",\"@graph\":[{\"@type\":\"WebPage\",\"@id\":\"https:\/\/ewt.al\/index.php\/kontakto\/\",\"url\":\"https:\/\/ewt.al\/index.php\/kontakto\/\",\"name\":\"Na Kontaktoni | EWT \u2013 Zgjidhje Profesionale p\u00ebr Trajtimin e Ujit n\u00eb Shqip\u00ebri\",\"isPartOf\":{\"@id\":\"https:\/\/ewt.al\/#website\"},\"datePublished\":\"2017-02-23T11:35:32+00:00\",\"dateModified\":\"2025-10-07T08:06:08+00:00\",\"description\":\"Kontaktoni EWT (European Water Technologies) p\u00ebr zgjidhje t\u00eb personalizuara n\u00eb trajtimin e ujit. K\u00ebrkoni ofert\u00eb, konsultim teknik ose mb\u00ebshtetje profesionale p\u00ebr sistemet e ujit n\u00eb Shqip\u00ebri.\",\"breadcrumb\":{\"@id\":\"https:\/\/ewt.al\/index.php\/kontakto\/#breadcrumb\"},\"inLanguage\":\"sq\",\"potentialAction\":[{\"@type\":\"ReadAction\",\"target\":[\"https:\/\/ewt.al\/index.php\/kontakto\/\"]}]},{\"@type\":\"BreadcrumbList\",\"@id\":\"https:\/\/ewt.al\/index.php\/kontakto\/#breadcrumb\",\"itemListElement\":[{\"@type\":\"ListItem\",\"position\":1,\"name\":\"Home\",\"item\":\"https:\/\/ewt.al\/\"},{\"@type\":\"ListItem\",\"position\":2,\"name\":\"CONTACT\"}]},{\"@type\":\"WebSite\",\"@id\":\"https:\/\/ewt.al\/#website\",\"url\":\"https:\/\/ewt.al\/\",\"name\":\"EWT\",\"description\":\"European Water Technologies\",\"potentialAction\":[{\"@type\":\"SearchAction\",\"target\":{\"@type\":\"EntryPoint\",\"urlTemplate\":\"https:\/\/ewt.al\/?s={search_term_string}\"},\"query-input\":{\"@type\":\"PropertyValueSpecification\",\"valueRequired\":true,\"valueName\":\"search_term_string\"}}],\"inLanguage\":\"sq\"}]}<\/script>\n<!-- \/ Yoast SEO plugin. -->","yoast_head_json":{"title":"Na Kontaktoni | EWT \u2013 Zgjidhje Profesionale p\u00ebr Trajtimin e Ujit n\u00eb Shqip\u00ebri","description":"Kontaktoni EWT (European Water Technologies) p\u00ebr zgjidhje t\u00eb personalizuara n\u00eb trajtimin e ujit. K\u00ebrkoni ofert\u00eb, konsultim teknik ose mb\u00ebshtetje profesionale p\u00ebr sistemet e ujit n\u00eb Shqip\u00ebri.","robots":{"index":"index","follow":"follow","max-snippet":"max-snippet:-1","max-image-preview":"max-image-preview:large","max-video-preview":"max-video-preview:-1"},"canonical":"https:\/\/ewt.al\/index.php\/kontakto\/","og_locale":"sq_AL","og_type":"article","og_title":"Na Kontaktoni | EWT \u2013 Zgjidhje Profesionale p\u00ebr Trajtimin e Ujit n\u00eb Shqip\u00ebri","og_description":"Kontaktoni EWT (European Water Technologies) p\u00ebr zgjidhje t\u00eb personalizuara n\u00eb trajtimin e ujit. K\u00ebrkoni ofert\u00eb, konsultim teknik ose mb\u00ebshtetje profesionale p\u00ebr sistemet e ujit n\u00eb Shqip\u00ebri.","og_url":"https:\/\/ewt.al\/index.php\/kontakto\/","og_site_name":"EWT","article_modified_time":"2025-10-07T08:06:08+00:00","twitter_card":"summary_large_image","twitter_misc":{"Est. reading time":"1 minut\u00eb"},"schema":{"@context":"https:\/\/schema.org","@graph":[{"@type":"WebPage","@id":"https:\/\/ewt.al\/index.php\/kontakto\/","url":"https:\/\/ewt.al\/index.php\/kontakto\/","name":"Na Kontaktoni | EWT \u2013 Zgjidhje Profesionale p\u00ebr Trajtimin e Ujit n\u00eb Shqip\u00ebri","isPartOf":{"@id":"https:\/\/ewt.al\/#website"},"datePublished":"2017-02-23T11:35:32+00:00","dateModified":"2025-10-07T08:06:08+00:00","description":"Kontaktoni EWT (European Water Technologies) p\u00ebr zgjidhje t\u00eb personalizuara n\u00eb trajtimin e ujit. K\u00ebrkoni ofert\u00eb, konsultim teknik ose mb\u00ebshtetje profesionale p\u00ebr sistemet e ujit n\u00eb Shqip\u00ebri.","breadcrumb":{"@id":"https:\/\/ewt.al\/index.php\/kontakto\/#breadcrumb"},"inLanguage":"sq","potentialAction":[{"@type":"ReadAction","target":["https:\/\/ewt.al\/index.php\/kontakto\/"]}]},{"@type":"BreadcrumbList","@id":"https:\/\/ewt.al\/index.php\/kontakto\/#breadcrumb","itemListElement":[{"@type":"ListItem","position":1,"name":"Home","item":"https:\/\/ewt.al\/"},{"@type":"ListItem","position":2,"name":"CONTACT"}]},{"@type":"WebSite","@id":"https:\/\/ewt.al\/#website","url":"https:\/\/ewt.al\/","name":"EWT","description":"European Water Technologies","potentialAction":[{"@type":"SearchAction","target":{"@type":"EntryPoint","urlTemplate":"https:\/\/ewt.al\/?s={search_term_string}"},"query-input":{"@type":"PropertyValueSpecification","valueRequired":true,"valueName":"search_term_string"}}],"inLanguage":"sq"}]}},"_links":{"self":[{"href":"https:\/\/ewt.al\/index.php\/wp-json\/wp\/v2\/pages\/20","targetHints":{"allow":["GET"]}}],"collection":[{"href":"https:\/\/ewt.al\/index.php\/wp-json\/wp\/v2\/pages"}],"about":[{"href":"https:\/\/ewt.al\/index.php\/wp-json\/wp\/v2\/types\/page"}],"author":[{"embeddable":true,"href":"https:\/\/ewt.al\/index.php\/wp-json\/wp\/v2\/users\/2"}],"replies":[{"embeddable":true,"href":"https:\/\/ewt.al\/index.php\/wp-json\/wp\/v2\/comments?post=20"}],"version-history":[{"count":5,"href":"https:\/\/ewt.al\/index.php\/wp-json\/wp\/v2\/pages\/20\/revisions"}],"predecessor-version":[{"id":712,"href":"https:\/\/ewt.al\/index.php\/wp-json\/wp\/v2\/pages\/20\/revisions\/712"}],"wp:attachment":[{"href":"https:\/\/ewt.al\/index.php\/wp-json\/wp\/v2\/media?parent=20"}],"curies":[{"name":"wp","href":"https:\/\/api.w.org\/{rel}","templated":true}]}}