{"id":198,"date":"2017-02-24T09:22:27","date_gmt":"2017-02-24T09:22:27","guid":{"rendered":"http:\/\/new.ewt.al\/?page_id=198"},"modified":"2025-10-07T10:21:12","modified_gmt":"2025-10-07T10:21:12","slug":"filtrat-e-grimcave","status":"publish","type":"page","link":"https:\/\/ewt.al\/index.php\/filtrat-e-grimcave\/","title":{"rendered":"FILTRAT E GRIMCAVE"},"content":{"rendered":"<div class=\"wpb-content-wrapper\"><p>[vc_row type=&#8221;vc_default&#8221; css=&#8221;.vc_custom_1487927698209{background-color: #ffffff !important;}&#8221;][vc_column width=&#8221;1\/3&#8243;][vc_single_image image=&#8221;200&#8243; img_size=&#8221;full&#8221; onclick=&#8221;link_image&#8221;][\/vc_column][vc_column width=&#8221;2\/3&#8243;][vc_empty_space height=&#8221;10px&#8221;][vc_column_text]Sistemet e filtrimit ndar\u00ebs funksionojn\u00eb n\u00ebp\u00ebrmjet fuqis\u00eb\u00a0centrifugale duke larguar materialet e forta dhe grimcat q\u00eb\u00a0kan\u00eb gravitet specifik m\u00eb t\u00eb madh se uji. Grimcat e mbledhura\u00a0n\u00eb fund te rezervuarit t\u00eb filtrit largohen vazhdimisht n\u00eb m\u00ebnyr\u00eb\u00a0periodike, manualisht ose automatikisht.\u00a0Uji q\u00eb ndahet nga grimcat l\u00ebviz lart n\u00ebp\u00ebrmjet vorbullave n\u00eb\u00a0mes t\u00eb filtrit ndar\u00ebs dhe me pas kalon n\u00eb linj\u00ebn e shkarkimit.<br \/>\nKarakteristikat<br \/>\n\u2022 Filtrat ndar\u00ebs punojn\u00eb 24 or\u00eb pa nd\u00ebrprerje.<br \/>\n\u2022 Ndalojn\u00eb cdo grimce mbi 70 mikron.<br \/>\n\u2022 Mund t\u00eb punojn\u00eb me intervale kapaciteti t\u00eb larta.<br \/>\n\u2022 Kan\u00eb karakteristika vet\u00ebpastrimi automatike.<br \/>\n\u2022 Nuk kan\u00eb nevoj\u00eb p\u00ebr pjes\u00eb rezerv\u00eb dhe nuk kane\u00a0pjes\u00eb leviz\u00ebse brenda.<br \/>\n\u2022 Humbja e presionit \u00ebsht\u00eb e rregullueshme; nuk ka\u00a0ndryshime n\u00eb prurje as n\u00eb kapacitete t\u00eb larta punimi.[\/vc_column_text][\/vc_column][\/vc_row]<\/p>\n<\/div>","protected":false},"excerpt":{"rendered":"<p>[vc_row type=&#8221;vc_default&#8221; css=&#8221;.vc_custom_1487927698209{background-color: #ffffff !important;}&#8221;][vc_column width=&#8221;1\/3&#8243;][vc_single_image image=&#8221;200&#8243; img_size=&#8221;full&#8221; onclick=&#8221;link_image&#8221;][\/vc_column][vc_column width=&#8221;2\/3&#8243;][vc_empty_space height=&#8221;10px&#8221;][vc_column_text]Sistemet e filtrimit ndar\u00ebs funksionojn\u00eb n\u00ebp\u00ebrmjet fuqis\u00eb\u00a0centrifugale duke larguar materialet e forta dhe grimcat q\u00eb\u00a0kan\u00eb gravitet specifik m\u00eb t\u00eb madh se uji. Grimcat e mbledhura\u00a0n\u00eb fund te rezervuarit t\u00eb filtrit largohen vazhdimisht n\u00eb m\u00ebnyr\u00eb\u00a0periodike, manualisht ose automatikisht.\u00a0Uji q\u00eb ndahet nga grimcat l\u00ebviz lart n\u00ebp\u00ebrmjet vorbullave&hellip;<\/p>\n","protected":false},"author":2,"featured_media":0,"parent":0,"menu_order":0,"comment_status":"closed","ping_status":"closed","template":"","meta":{"footnotes":""},"class_list":["post-198","page","type-page","status-publish","hentry","description-off"],"yoast_head":"<!-- This site is optimized with the Yoast SEO plugin v26.7 - https:\/\/yoast.com\/wordpress\/plugins\/seo\/ -->\n<title>Filtrat e Grimcave p\u00ebr Trajtimin e Ujit | EWT Albania<\/title>\n<meta name=\"description\" content=\"EWT Albania ofron filtra t\u00eb grimcave p\u00ebr largimin e papast\u00ebrtive dhe sedimenteve nga uji. Zgjidhje t\u00eb q\u00ebndrueshme dhe efikase p\u00ebr sht\u00ebpi, industri dhe institucione.\" \/>\n<meta name=\"robots\" content=\"index, follow, max-snippet:-1, max-image-preview:large, max-video-preview:-1\" \/>\n<link rel=\"canonical\" href=\"https:\/\/ewt.al\/index.php\/filtrat-e-grimcave\/\" \/>\n<meta property=\"og:locale\" content=\"sq_AL\" \/>\n<meta property=\"og:type\" content=\"article\" \/>\n<meta property=\"og:title\" content=\"Filtrat e Grimcave p\u00ebr Trajtimin e Ujit | EWT Albania\" \/>\n<meta property=\"og:description\" content=\"EWT Albania ofron filtra t\u00eb grimcave p\u00ebr largimin e papast\u00ebrtive dhe sedimenteve nga uji. Zgjidhje t\u00eb q\u00ebndrueshme dhe efikase p\u00ebr sht\u00ebpi, industri dhe institucione.\" \/>\n<meta property=\"og:url\" content=\"https:\/\/ewt.al\/index.php\/filtrat-e-grimcave\/\" \/>\n<meta property=\"og:site_name\" content=\"EWT\" \/>\n<meta property=\"article:modified_time\" content=\"2025-10-07T10:21:12+00:00\" \/>\n<meta name=\"twitter:card\" content=\"summary_large_image\" \/>\n<meta name=\"twitter:label1\" content=\"Est. reading time\" \/>\n\t<meta name=\"twitter:data1\" content=\"1 minut\u00eb\" \/>\n<script type=\"application\/ld+json\" class=\"yoast-schema-graph\">{\"@context\":\"https:\/\/schema.org\",\"@graph\":[{\"@type\":\"WebPage\",\"@id\":\"https:\/\/ewt.al\/index.php\/filtrat-e-grimcave\/\",\"url\":\"https:\/\/ewt.al\/index.php\/filtrat-e-grimcave\/\",\"name\":\"Filtrat e Grimcave p\u00ebr Trajtimin e Ujit | EWT Albania\",\"isPartOf\":{\"@id\":\"https:\/\/ewt.al\/#website\"},\"datePublished\":\"2017-02-24T09:22:27+00:00\",\"dateModified\":\"2025-10-07T10:21:12+00:00\",\"description\":\"EWT Albania ofron filtra t\u00eb grimcave p\u00ebr largimin e papast\u00ebrtive dhe sedimenteve nga uji. Zgjidhje t\u00eb q\u00ebndrueshme dhe efikase p\u00ebr sht\u00ebpi, industri dhe institucione.\",\"breadcrumb\":{\"@id\":\"https:\/\/ewt.al\/index.php\/filtrat-e-grimcave\/#breadcrumb\"},\"inLanguage\":\"sq\",\"potentialAction\":[{\"@type\":\"ReadAction\",\"target\":[\"https:\/\/ewt.al\/index.php\/filtrat-e-grimcave\/\"]}]},{\"@type\":\"BreadcrumbList\",\"@id\":\"https:\/\/ewt.al\/index.php\/filtrat-e-grimcave\/#breadcrumb\",\"itemListElement\":[{\"@type\":\"ListItem\",\"position\":1,\"name\":\"Home\",\"item\":\"https:\/\/ewt.al\/\"},{\"@type\":\"ListItem\",\"position\":2,\"name\":\"FILTRAT E GRIMCAVE\"}]},{\"@type\":\"WebSite\",\"@id\":\"https:\/\/ewt.al\/#website\",\"url\":\"https:\/\/ewt.al\/\",\"name\":\"EWT\",\"description\":\"European Water Technologies\",\"potentialAction\":[{\"@type\":\"SearchAction\",\"target\":{\"@type\":\"EntryPoint\",\"urlTemplate\":\"https:\/\/ewt.al\/?s={search_term_string}\"},\"query-input\":{\"@type\":\"PropertyValueSpecification\",\"valueRequired\":true,\"valueName\":\"search_term_string\"}}],\"inLanguage\":\"sq\"}]}<\/script>\n<!-- \/ Yoast SEO plugin. -->","yoast_head_json":{"title":"Filtrat e Grimcave p\u00ebr Trajtimin e Ujit | EWT Albania","description":"EWT Albania ofron filtra t\u00eb grimcave p\u00ebr largimin e papast\u00ebrtive dhe sedimenteve nga uji. Zgjidhje t\u00eb q\u00ebndrueshme dhe efikase p\u00ebr sht\u00ebpi, industri dhe institucione.","robots":{"index":"index","follow":"follow","max-snippet":"max-snippet:-1","max-image-preview":"max-image-preview:large","max-video-preview":"max-video-preview:-1"},"canonical":"https:\/\/ewt.al\/index.php\/filtrat-e-grimcave\/","og_locale":"sq_AL","og_type":"article","og_title":"Filtrat e Grimcave p\u00ebr Trajtimin e Ujit | EWT Albania","og_description":"EWT Albania ofron filtra t\u00eb grimcave p\u00ebr largimin e papast\u00ebrtive dhe sedimenteve nga uji. Zgjidhje t\u00eb q\u00ebndrueshme dhe efikase p\u00ebr sht\u00ebpi, industri dhe institucione.","og_url":"https:\/\/ewt.al\/index.php\/filtrat-e-grimcave\/","og_site_name":"EWT","article_modified_time":"2025-10-07T10:21:12+00:00","twitter_card":"summary_large_image","twitter_misc":{"Est. reading time":"1 minut\u00eb"},"schema":{"@context":"https:\/\/schema.org","@graph":[{"@type":"WebPage","@id":"https:\/\/ewt.al\/index.php\/filtrat-e-grimcave\/","url":"https:\/\/ewt.al\/index.php\/filtrat-e-grimcave\/","name":"Filtrat e Grimcave p\u00ebr Trajtimin e Ujit | EWT Albania","isPartOf":{"@id":"https:\/\/ewt.al\/#website"},"datePublished":"2017-02-24T09:22:27+00:00","dateModified":"2025-10-07T10:21:12+00:00","description":"EWT Albania ofron filtra t\u00eb grimcave p\u00ebr largimin e papast\u00ebrtive dhe sedimenteve nga uji. Zgjidhje t\u00eb q\u00ebndrueshme dhe efikase p\u00ebr sht\u00ebpi, industri dhe institucione.","breadcrumb":{"@id":"https:\/\/ewt.al\/index.php\/filtrat-e-grimcave\/#breadcrumb"},"inLanguage":"sq","potentialAction":[{"@type":"ReadAction","target":["https:\/\/ewt.al\/index.php\/filtrat-e-grimcave\/"]}]},{"@type":"BreadcrumbList","@id":"https:\/\/ewt.al\/index.php\/filtrat-e-grimcave\/#breadcrumb","itemListElement":[{"@type":"ListItem","position":1,"name":"Home","item":"https:\/\/ewt.al\/"},{"@type":"ListItem","position":2,"name":"FILTRAT E GRIMCAVE"}]},{"@type":"WebSite","@id":"https:\/\/ewt.al\/#website","url":"https:\/\/ewt.al\/","name":"EWT","description":"European Water Technologies","potentialAction":[{"@type":"SearchAction","target":{"@type":"EntryPoint","urlTemplate":"https:\/\/ewt.al\/?s={search_term_string}"},"query-input":{"@type":"PropertyValueSpecification","valueRequired":true,"valueName":"search_term_string"}}],"inLanguage":"sq"}]}},"_links":{"self":[{"href":"https:\/\/ewt.al\/index.php\/wp-json\/wp\/v2\/pages\/198","targetHints":{"allow":["GET"]}}],"collection":[{"href":"https:\/\/ewt.al\/index.php\/wp-json\/wp\/v2\/pages"}],"about":[{"href":"https:\/\/ewt.al\/index.php\/wp-json\/wp\/v2\/types\/page"}],"author":[{"embeddable":true,"href":"https:\/\/ewt.al\/index.php\/wp-json\/wp\/v2\/users\/2"}],"replies":[{"embeddable":true,"href":"https:\/\/ewt.al\/index.php\/wp-json\/wp\/v2\/comments?post=198"}],"version-history":[{"count":3,"href":"https:\/\/ewt.al\/index.php\/wp-json\/wp\/v2\/pages\/198\/revisions"}],"predecessor-version":[{"id":376,"href":"https:\/\/ewt.al\/index.php\/wp-json\/wp\/v2\/pages\/198\/revisions\/376"}],"wp:attachment":[{"href":"https:\/\/ewt.al\/index.php\/wp-json\/wp\/v2\/media?parent=198"}],"curies":[{"name":"wp","href":"https:\/\/api.w.org\/{rel}","templated":true}]}}