{"id":193,"date":"2017-02-24T09:19:26","date_gmt":"2017-02-24T09:19:26","guid":{"rendered":"http:\/\/new.ewt.al\/?page_id=193"},"modified":"2025-10-07T10:20:30","modified_gmt":"2025-10-07T10:20:30","slug":"filtra-me-qese","status":"publish","type":"page","link":"https:\/\/ewt.al\/index.php\/filtra-me-qese\/","title":{"rendered":"FILTRA ME QESE"},"content":{"rendered":"<div class=\"wpb-content-wrapper\"><p>[vc_row type=&#8221;vc_default&#8221; css=&#8221;.vc_custom_1487927698209{background-color: #ffffff !important;}&#8221;][vc_column width=&#8221;1\/3&#8243;][vc_single_image image=&#8221;195&#8243; img_size=&#8221;full&#8221; onclick=&#8221;link_image&#8221;][\/vc_column][vc_column width=&#8221;2\/3&#8243;][vc_empty_space][vc_column_text]Sistemet e filtrave me qese p\u00ebrb\u00ebhen nga trupi i filtrit dhe\u00a0filtri me qese. Trupi i filtrit sh\u00ebrben si sht\u00ebpi p\u00ebr filtrin me\u00a0qese q\u00eb pastron ujin. Trupat e filtrit mund t\u00eb jen\u00eb inoksi,\u00a0celiku ose PVC. L\u00ebnda rrjedh nga Brenda jasht\u00eb dhe gjith\u00eb\u00a0grimcat apo papast\u00ebrtit\u00eb mbeten Brenda filtrit me qese.<br \/>\nKarakteristikat:<br \/>\n\u2022 Mund t\u00eb punoj\u00eb 24 or\u00eb pa nd\u00ebrprerje<br \/>\n\u2022 Ndalon cdo grimce mbi 1 mikron<br \/>\n\u2022 Mund t\u00eb lahen dhe te rip\u00ebrdoren p\u00ebrs\u00ebri[\/vc_column_text][\/vc_column][\/vc_row]<\/p>\n<\/div>","protected":false},"excerpt":{"rendered":"<p>[vc_row type=&#8221;vc_default&#8221; css=&#8221;.vc_custom_1487927698209{background-color: #ffffff !important;}&#8221;][vc_column width=&#8221;1\/3&#8243;][vc_single_image image=&#8221;195&#8243; img_size=&#8221;full&#8221; onclick=&#8221;link_image&#8221;][\/vc_column][vc_column width=&#8221;2\/3&#8243;][vc_empty_space][vc_column_text]Sistemet e filtrave me qese p\u00ebrb\u00ebhen nga trupi i filtrit dhe\u00a0filtri me qese. Trupi i filtrit sh\u00ebrben si sht\u00ebpi p\u00ebr filtrin me\u00a0qese q\u00eb pastron ujin. Trupat e filtrit mund t\u00eb jen\u00eb inoksi,\u00a0celiku ose PVC. L\u00ebnda rrjedh nga Brenda jasht\u00eb dhe gjith\u00eb\u00a0grimcat apo papast\u00ebrtit\u00eb mbeten Brenda filtrit&hellip;<\/p>\n","protected":false},"author":2,"featured_media":0,"parent":0,"menu_order":0,"comment_status":"closed","ping_status":"closed","template":"","meta":{"footnotes":""},"class_list":["post-193","page","type-page","status-publish","hentry","description-off"],"yoast_head":"<!-- This site is optimized with the Yoast SEO plugin v26.7 - https:\/\/yoast.com\/wordpress\/plugins\/seo\/ -->\n<title>Filtra me Qese p\u00ebr Trajtimin e Ujit | EWT Albania<\/title>\n<meta name=\"description\" content=\"EWT Albania ofron filtra me qese p\u00ebr pastrimin e ujit nga papast\u00ebrtit\u00eb mekanike. Ideale p\u00ebr sht\u00ebpi, industri dhe institucione q\u00eb k\u00ebrkojn\u00eb uj\u00eb t\u00eb past\u00ebr dhe t\u00eb sigurt.\" \/>\n<meta name=\"robots\" content=\"index, follow, max-snippet:-1, max-image-preview:large, max-video-preview:-1\" \/>\n<link rel=\"canonical\" href=\"https:\/\/ewt.al\/index.php\/filtra-me-qese\/\" \/>\n<meta property=\"og:locale\" content=\"sq_AL\" \/>\n<meta property=\"og:type\" content=\"article\" \/>\n<meta property=\"og:title\" content=\"Filtra me Qese p\u00ebr Trajtimin e Ujit | EWT Albania\" \/>\n<meta property=\"og:description\" content=\"EWT Albania ofron filtra me qese p\u00ebr pastrimin e ujit nga papast\u00ebrtit\u00eb mekanike. Ideale p\u00ebr sht\u00ebpi, industri dhe institucione q\u00eb k\u00ebrkojn\u00eb uj\u00eb t\u00eb past\u00ebr dhe t\u00eb sigurt.\" \/>\n<meta property=\"og:url\" content=\"https:\/\/ewt.al\/index.php\/filtra-me-qese\/\" \/>\n<meta property=\"og:site_name\" content=\"EWT\" \/>\n<meta property=\"article:modified_time\" content=\"2025-10-07T10:20:30+00:00\" \/>\n<meta name=\"twitter:card\" content=\"summary_large_image\" \/>\n<meta name=\"twitter:label1\" content=\"Est. reading time\" \/>\n\t<meta name=\"twitter:data1\" content=\"1 minut\u00eb\" \/>\n<script type=\"application\/ld+json\" class=\"yoast-schema-graph\">{\"@context\":\"https:\/\/schema.org\",\"@graph\":[{\"@type\":\"WebPage\",\"@id\":\"https:\/\/ewt.al\/index.php\/filtra-me-qese\/\",\"url\":\"https:\/\/ewt.al\/index.php\/filtra-me-qese\/\",\"name\":\"Filtra me Qese p\u00ebr Trajtimin e Ujit | EWT Albania\",\"isPartOf\":{\"@id\":\"https:\/\/ewt.al\/#website\"},\"datePublished\":\"2017-02-24T09:19:26+00:00\",\"dateModified\":\"2025-10-07T10:20:30+00:00\",\"description\":\"EWT Albania ofron filtra me qese p\u00ebr pastrimin e ujit nga papast\u00ebrtit\u00eb mekanike. Ideale p\u00ebr sht\u00ebpi, industri dhe institucione q\u00eb k\u00ebrkojn\u00eb uj\u00eb t\u00eb past\u00ebr dhe t\u00eb sigurt.\",\"breadcrumb\":{\"@id\":\"https:\/\/ewt.al\/index.php\/filtra-me-qese\/#breadcrumb\"},\"inLanguage\":\"sq\",\"potentialAction\":[{\"@type\":\"ReadAction\",\"target\":[\"https:\/\/ewt.al\/index.php\/filtra-me-qese\/\"]}]},{\"@type\":\"BreadcrumbList\",\"@id\":\"https:\/\/ewt.al\/index.php\/filtra-me-qese\/#breadcrumb\",\"itemListElement\":[{\"@type\":\"ListItem\",\"position\":1,\"name\":\"Home\",\"item\":\"https:\/\/ewt.al\/\"},{\"@type\":\"ListItem\",\"position\":2,\"name\":\"FILTRA ME QESE\"}]},{\"@type\":\"WebSite\",\"@id\":\"https:\/\/ewt.al\/#website\",\"url\":\"https:\/\/ewt.al\/\",\"name\":\"EWT\",\"description\":\"European Water Technologies\",\"potentialAction\":[{\"@type\":\"SearchAction\",\"target\":{\"@type\":\"EntryPoint\",\"urlTemplate\":\"https:\/\/ewt.al\/?s={search_term_string}\"},\"query-input\":{\"@type\":\"PropertyValueSpecification\",\"valueRequired\":true,\"valueName\":\"search_term_string\"}}],\"inLanguage\":\"sq\"}]}<\/script>\n<!-- \/ Yoast SEO plugin. -->","yoast_head_json":{"title":"Filtra me Qese p\u00ebr Trajtimin e Ujit | EWT Albania","description":"EWT Albania ofron filtra me qese p\u00ebr pastrimin e ujit nga papast\u00ebrtit\u00eb mekanike. Ideale p\u00ebr sht\u00ebpi, industri dhe institucione q\u00eb k\u00ebrkojn\u00eb uj\u00eb t\u00eb past\u00ebr dhe t\u00eb sigurt.","robots":{"index":"index","follow":"follow","max-snippet":"max-snippet:-1","max-image-preview":"max-image-preview:large","max-video-preview":"max-video-preview:-1"},"canonical":"https:\/\/ewt.al\/index.php\/filtra-me-qese\/","og_locale":"sq_AL","og_type":"article","og_title":"Filtra me Qese p\u00ebr Trajtimin e Ujit | EWT Albania","og_description":"EWT Albania ofron filtra me qese p\u00ebr pastrimin e ujit nga papast\u00ebrtit\u00eb mekanike. Ideale p\u00ebr sht\u00ebpi, industri dhe institucione q\u00eb k\u00ebrkojn\u00eb uj\u00eb t\u00eb past\u00ebr dhe t\u00eb sigurt.","og_url":"https:\/\/ewt.al\/index.php\/filtra-me-qese\/","og_site_name":"EWT","article_modified_time":"2025-10-07T10:20:30+00:00","twitter_card":"summary_large_image","twitter_misc":{"Est. reading time":"1 minut\u00eb"},"schema":{"@context":"https:\/\/schema.org","@graph":[{"@type":"WebPage","@id":"https:\/\/ewt.al\/index.php\/filtra-me-qese\/","url":"https:\/\/ewt.al\/index.php\/filtra-me-qese\/","name":"Filtra me Qese p\u00ebr Trajtimin e Ujit | EWT Albania","isPartOf":{"@id":"https:\/\/ewt.al\/#website"},"datePublished":"2017-02-24T09:19:26+00:00","dateModified":"2025-10-07T10:20:30+00:00","description":"EWT Albania ofron filtra me qese p\u00ebr pastrimin e ujit nga papast\u00ebrtit\u00eb mekanike. Ideale p\u00ebr sht\u00ebpi, industri dhe institucione q\u00eb k\u00ebrkojn\u00eb uj\u00eb t\u00eb past\u00ebr dhe t\u00eb sigurt.","breadcrumb":{"@id":"https:\/\/ewt.al\/index.php\/filtra-me-qese\/#breadcrumb"},"inLanguage":"sq","potentialAction":[{"@type":"ReadAction","target":["https:\/\/ewt.al\/index.php\/filtra-me-qese\/"]}]},{"@type":"BreadcrumbList","@id":"https:\/\/ewt.al\/index.php\/filtra-me-qese\/#breadcrumb","itemListElement":[{"@type":"ListItem","position":1,"name":"Home","item":"https:\/\/ewt.al\/"},{"@type":"ListItem","position":2,"name":"FILTRA ME QESE"}]},{"@type":"WebSite","@id":"https:\/\/ewt.al\/#website","url":"https:\/\/ewt.al\/","name":"EWT","description":"European Water Technologies","potentialAction":[{"@type":"SearchAction","target":{"@type":"EntryPoint","urlTemplate":"https:\/\/ewt.al\/?s={search_term_string}"},"query-input":{"@type":"PropertyValueSpecification","valueRequired":true,"valueName":"search_term_string"}}],"inLanguage":"sq"}]}},"_links":{"self":[{"href":"https:\/\/ewt.al\/index.php\/wp-json\/wp\/v2\/pages\/193","targetHints":{"allow":["GET"]}}],"collection":[{"href":"https:\/\/ewt.al\/index.php\/wp-json\/wp\/v2\/pages"}],"about":[{"href":"https:\/\/ewt.al\/index.php\/wp-json\/wp\/v2\/types\/page"}],"author":[{"embeddable":true,"href":"https:\/\/ewt.al\/index.php\/wp-json\/wp\/v2\/users\/2"}],"replies":[{"embeddable":true,"href":"https:\/\/ewt.al\/index.php\/wp-json\/wp\/v2\/comments?post=193"}],"version-history":[{"count":3,"href":"https:\/\/ewt.al\/index.php\/wp-json\/wp\/v2\/pages\/193\/revisions"}],"predecessor-version":[{"id":375,"href":"https:\/\/ewt.al\/index.php\/wp-json\/wp\/v2\/pages\/193\/revisions\/375"}],"wp:attachment":[{"href":"https:\/\/ewt.al\/index.php\/wp-json\/wp\/v2\/media?parent=193"}],"curies":[{"name":"wp","href":"https:\/\/api.w.org\/{rel}","templated":true}]}}