{"id":162,"date":"2017-02-23T16:54:08","date_gmt":"2017-02-23T16:54:08","guid":{"rendered":"http:\/\/new.ewt.al\/?page_id=162"},"modified":"2025-10-07T10:16:50","modified_gmt":"2025-10-07T10:16:50","slug":"sherbime-suport-teknik","status":"publish","type":"page","link":"https:\/\/ewt.al\/index.php\/sherbime-suport-teknik\/","title":{"rendered":"Sherbime -Suport Teknik"},"content":{"rendered":"<div class=\"wpb-content-wrapper\"><p>[vc_row][vc_column][\/vc_column][\/vc_row]<\/p>\n<\/div>","protected":false},"excerpt":{"rendered":"<p>[vc_row][vc_column][\/vc_column][\/vc_row]<\/p>\n","protected":false},"author":2,"featured_media":0,"parent":0,"menu_order":0,"comment_status":"closed","ping_status":"closed","template":"","meta":{"footnotes":""},"class_list":["post-162","page","type-page","status-publish","hentry","description-off"],"yoast_head":"<!-- This site is optimized with the Yoast SEO plugin v26.7 - https:\/\/yoast.com\/wordpress\/plugins\/seo\/ -->\n<title>Sh\u00ebrbime &amp; Suport Teknik p\u00ebr Trajtimin e Ujit | EWT Albania<\/title>\n<meta name=\"description\" content=\"EWT Albania ofron sh\u00ebrbime profesionale dhe suport teknik p\u00ebr sistemet e trajtimit t\u00eb ujit \u2013 instalim, mir\u00ebmbajtje, riparim dhe konsultim teknik p\u00ebr sht\u00ebpi, industri dhe institucione.\" \/>\n<meta name=\"robots\" content=\"index, follow, max-snippet:-1, max-image-preview:large, max-video-preview:-1\" \/>\n<link rel=\"canonical\" href=\"https:\/\/ewt.al\/index.php\/sherbime-suport-teknik\/\" \/>\n<meta property=\"og:locale\" content=\"sq_AL\" \/>\n<meta property=\"og:type\" content=\"article\" \/>\n<meta property=\"og:title\" content=\"Sh\u00ebrbime &amp; Suport Teknik p\u00ebr Trajtimin e Ujit | EWT Albania\" \/>\n<meta property=\"og:description\" content=\"EWT Albania ofron sh\u00ebrbime profesionale dhe suport teknik p\u00ebr sistemet e trajtimit t\u00eb ujit \u2013 instalim, mir\u00ebmbajtje, riparim dhe konsultim teknik p\u00ebr sht\u00ebpi, industri dhe institucione.\" \/>\n<meta property=\"og:url\" content=\"https:\/\/ewt.al\/index.php\/sherbime-suport-teknik\/\" \/>\n<meta property=\"og:site_name\" content=\"EWT\" \/>\n<meta property=\"article:modified_time\" content=\"2025-10-07T10:16:50+00:00\" \/>\n<meta name=\"twitter:card\" content=\"summary_large_image\" \/>\n<meta name=\"twitter:label1\" content=\"Est. reading time\" \/>\n\t<meta name=\"twitter:data1\" content=\"1 minut\u00eb\" \/>\n<script type=\"application\/ld+json\" class=\"yoast-schema-graph\">{\"@context\":\"https:\/\/schema.org\",\"@graph\":[{\"@type\":\"WebPage\",\"@id\":\"https:\/\/ewt.al\/index.php\/sherbime-suport-teknik\/\",\"url\":\"https:\/\/ewt.al\/index.php\/sherbime-suport-teknik\/\",\"name\":\"Sh\u00ebrbime & Suport Teknik p\u00ebr Trajtimin e Ujit | EWT Albania\",\"isPartOf\":{\"@id\":\"https:\/\/ewt.al\/#website\"},\"datePublished\":\"2017-02-23T16:54:08+00:00\",\"dateModified\":\"2025-10-07T10:16:50+00:00\",\"description\":\"EWT Albania ofron sh\u00ebrbime profesionale dhe suport teknik p\u00ebr sistemet e trajtimit t\u00eb ujit \u2013 instalim, mir\u00ebmbajtje, riparim dhe konsultim teknik p\u00ebr sht\u00ebpi, industri dhe institucione.\",\"breadcrumb\":{\"@id\":\"https:\/\/ewt.al\/index.php\/sherbime-suport-teknik\/#breadcrumb\"},\"inLanguage\":\"sq\",\"potentialAction\":[{\"@type\":\"ReadAction\",\"target\":[\"https:\/\/ewt.al\/index.php\/sherbime-suport-teknik\/\"]}]},{\"@type\":\"BreadcrumbList\",\"@id\":\"https:\/\/ewt.al\/index.php\/sherbime-suport-teknik\/#breadcrumb\",\"itemListElement\":[{\"@type\":\"ListItem\",\"position\":1,\"name\":\"Home\",\"item\":\"https:\/\/ewt.al\/\"},{\"@type\":\"ListItem\",\"position\":2,\"name\":\"Sherbime -Suport Teknik\"}]},{\"@type\":\"WebSite\",\"@id\":\"https:\/\/ewt.al\/#website\",\"url\":\"https:\/\/ewt.al\/\",\"name\":\"EWT\",\"description\":\"European Water Technologies\",\"potentialAction\":[{\"@type\":\"SearchAction\",\"target\":{\"@type\":\"EntryPoint\",\"urlTemplate\":\"https:\/\/ewt.al\/?s={search_term_string}\"},\"query-input\":{\"@type\":\"PropertyValueSpecification\",\"valueRequired\":true,\"valueName\":\"search_term_string\"}}],\"inLanguage\":\"sq\"}]}<\/script>\n<!-- \/ Yoast SEO plugin. -->","yoast_head_json":{"title":"Sh\u00ebrbime & Suport Teknik p\u00ebr Trajtimin e Ujit | EWT Albania","description":"EWT Albania ofron sh\u00ebrbime profesionale dhe suport teknik p\u00ebr sistemet e trajtimit t\u00eb ujit \u2013 instalim, mir\u00ebmbajtje, riparim dhe konsultim teknik p\u00ebr sht\u00ebpi, industri dhe institucione.","robots":{"index":"index","follow":"follow","max-snippet":"max-snippet:-1","max-image-preview":"max-image-preview:large","max-video-preview":"max-video-preview:-1"},"canonical":"https:\/\/ewt.al\/index.php\/sherbime-suport-teknik\/","og_locale":"sq_AL","og_type":"article","og_title":"Sh\u00ebrbime & Suport Teknik p\u00ebr Trajtimin e Ujit | EWT Albania","og_description":"EWT Albania ofron sh\u00ebrbime profesionale dhe suport teknik p\u00ebr sistemet e trajtimit t\u00eb ujit \u2013 instalim, mir\u00ebmbajtje, riparim dhe konsultim teknik p\u00ebr sht\u00ebpi, industri dhe institucione.","og_url":"https:\/\/ewt.al\/index.php\/sherbime-suport-teknik\/","og_site_name":"EWT","article_modified_time":"2025-10-07T10:16:50+00:00","twitter_card":"summary_large_image","twitter_misc":{"Est. reading time":"1 minut\u00eb"},"schema":{"@context":"https:\/\/schema.org","@graph":[{"@type":"WebPage","@id":"https:\/\/ewt.al\/index.php\/sherbime-suport-teknik\/","url":"https:\/\/ewt.al\/index.php\/sherbime-suport-teknik\/","name":"Sh\u00ebrbime & Suport Teknik p\u00ebr Trajtimin e Ujit | EWT Albania","isPartOf":{"@id":"https:\/\/ewt.al\/#website"},"datePublished":"2017-02-23T16:54:08+00:00","dateModified":"2025-10-07T10:16:50+00:00","description":"EWT Albania ofron sh\u00ebrbime profesionale dhe suport teknik p\u00ebr sistemet e trajtimit t\u00eb ujit \u2013 instalim, mir\u00ebmbajtje, riparim dhe konsultim teknik p\u00ebr sht\u00ebpi, industri dhe institucione.","breadcrumb":{"@id":"https:\/\/ewt.al\/index.php\/sherbime-suport-teknik\/#breadcrumb"},"inLanguage":"sq","potentialAction":[{"@type":"ReadAction","target":["https:\/\/ewt.al\/index.php\/sherbime-suport-teknik\/"]}]},{"@type":"BreadcrumbList","@id":"https:\/\/ewt.al\/index.php\/sherbime-suport-teknik\/#breadcrumb","itemListElement":[{"@type":"ListItem","position":1,"name":"Home","item":"https:\/\/ewt.al\/"},{"@type":"ListItem","position":2,"name":"Sherbime -Suport Teknik"}]},{"@type":"WebSite","@id":"https:\/\/ewt.al\/#website","url":"https:\/\/ewt.al\/","name":"EWT","description":"European Water Technologies","potentialAction":[{"@type":"SearchAction","target":{"@type":"EntryPoint","urlTemplate":"https:\/\/ewt.al\/?s={search_term_string}"},"query-input":{"@type":"PropertyValueSpecification","valueRequired":true,"valueName":"search_term_string"}}],"inLanguage":"sq"}]}},"_links":{"self":[{"href":"https:\/\/ewt.al\/index.php\/wp-json\/wp\/v2\/pages\/162","targetHints":{"allow":["GET"]}}],"collection":[{"href":"https:\/\/ewt.al\/index.php\/wp-json\/wp\/v2\/pages"}],"about":[{"href":"https:\/\/ewt.al\/index.php\/wp-json\/wp\/v2\/types\/page"}],"author":[{"embeddable":true,"href":"https:\/\/ewt.al\/index.php\/wp-json\/wp\/v2\/users\/2"}],"replies":[{"embeddable":true,"href":"https:\/\/ewt.al\/index.php\/wp-json\/wp\/v2\/comments?post=162"}],"version-history":[{"count":1,"href":"https:\/\/ewt.al\/index.php\/wp-json\/wp\/v2\/pages\/162\/revisions"}],"predecessor-version":[{"id":164,"href":"https:\/\/ewt.al\/index.php\/wp-json\/wp\/v2\/pages\/162\/revisions\/164"}],"wp:attachment":[{"href":"https:\/\/ewt.al\/index.php\/wp-json\/wp\/v2\/media?parent=162"}],"curies":[{"name":"wp","href":"https:\/\/api.w.org\/{rel}","templated":true}]}}