{"id":150,"date":"2017-02-23T16:46:03","date_gmt":"2017-02-23T16:46:03","guid":{"rendered":"http:\/\/new.ewt.al\/?page_id=150"},"modified":"2025-10-07T10:03:40","modified_gmt":"2025-10-07T10:03:40","slug":"test-kit-kimikate","status":"publish","type":"page","link":"https:\/\/ewt.al\/index.php\/test-kit-kimikate\/","title":{"rendered":"TEST KIT- KIMIKATE"},"content":{"rendered":"<div class=\"wpb-content-wrapper\"><p>[vc_row type=&#8221;vc_default&#8221; css=&#8221;.vc_custom_1487868533961{background-color: #ffffff !important;}&#8221;][vc_column][vc_row_inner][vc_column_inner width=&#8221;1\/2&#8243;][vc_single_image image=&#8221;154&#8243; img_size=&#8221;&#8221; alignment=&#8221;center&#8221; onclick=&#8221;link_image&#8221;][\/vc_column_inner][vc_column_inner width=&#8221;1\/2&#8243;][vc_empty_space][vc_column_text]Gam\u00eb e plot\u00eb kimikatesh dhe kitesh p\u00ebr analiza:<\/p>\n<p>\u2022 Tipe t\u00eb ndryshme rezinash dhe filtrash.<\/p>\n<p>\u2022 Produkte p\u00ebr pastrimin e rezin\u00ebs.<\/p>\n<p>\u2022 Pajisje dozimi.<\/p>\n<p>\u2022 Set analizash p\u00ebr fort\u00ebsin\u00eb e ujit,etj.[\/vc_column_text][\/vc_column_inner][\/vc_row_inner][vc_separator][vc_row_inner][vc_column_inner width=&#8221;1\/3&#8243;][vc_single_image image=&#8221;156&#8243; img_size=&#8221;medium&#8221; onclick=&#8221;link_image&#8221;][\/vc_column_inner][vc_column_inner width=&#8221;1\/3&#8243;][vc_single_image image=&#8221;157&#8243; img_size=&#8221;medium&#8221; onclick=&#8221;link_image&#8221;][\/vc_column_inner][vc_column_inner width=&#8221;1\/3&#8243;][vc_single_image image=&#8221;155&#8243; img_size=&#8221;medium&#8221; onclick=&#8221;link_image&#8221;][\/vc_column_inner][\/vc_row_inner][\/vc_column][\/vc_row]<\/p>\n<\/div>","protected":false},"excerpt":{"rendered":"<p>[vc_row type=&#8221;vc_default&#8221; css=&#8221;.vc_custom_1487868533961{background-color: #ffffff !important;}&#8221;][vc_column][vc_row_inner][vc_column_inner width=&#8221;1\/2&#8243;][vc_single_image image=&#8221;154&#8243; img_size=&#8221;&#8221; alignment=&#8221;center&#8221; onclick=&#8221;link_image&#8221;][\/vc_column_inner][vc_column_inner width=&#8221;1\/2&#8243;][vc_empty_space][vc_column_text]Gam\u00eb e plot\u00eb kimikatesh dhe kitesh p\u00ebr analiza: \u2022 Tipe t\u00eb ndryshme rezinash dhe filtrash. \u2022 Produkte p\u00ebr pastrimin e rezin\u00ebs. \u2022 Pajisje dozimi. \u2022 Set analizash p\u00ebr fort\u00ebsin\u00eb e ujit,etj.[\/vc_column_text][\/vc_column_inner][\/vc_row_inner][vc_separator][vc_row_inner][vc_column_inner width=&#8221;1\/3&#8243;][vc_single_image image=&#8221;156&#8243; img_size=&#8221;medium&#8221; onclick=&#8221;link_image&#8221;][\/vc_column_inner][vc_column_inner width=&#8221;1\/3&#8243;][vc_single_image image=&#8221;157&#8243; img_size=&#8221;medium&#8221; onclick=&#8221;link_image&#8221;][\/vc_column_inner][vc_column_inner width=&#8221;1\/3&#8243;][vc_single_image image=&#8221;155&#8243; img_size=&#8221;medium&#8221; onclick=&#8221;link_image&#8221;][\/vc_column_inner][\/vc_row_inner][\/vc_column][\/vc_row]<\/p>\n","protected":false},"author":2,"featured_media":0,"parent":0,"menu_order":0,"comment_status":"closed","ping_status":"closed","template":"","meta":{"footnotes":""},"class_list":["post-150","page","type-page","status-publish","hentry","description-off"],"yoast_head":"<!-- This site is optimized with the Yoast SEO plugin v26.7 - https:\/\/yoast.com\/wordpress\/plugins\/seo\/ -->\n<title>EWT Albania | Test Kit &amp; Kimikate p\u00ebr Analiz\u00ebn e Ujit<\/title>\n<meta name=\"description\" content=\"Ne ofrojme test kit dhe kimikate p\u00ebr analiz\u00ebn e ujit \u2013 kontroll t\u00eb shpejt\u00eb dhe t\u00eb sakt\u00eb t\u00eb parametrave t\u00eb ujit p\u00ebr sht\u00ebpi, industri etj...\" \/>\n<meta name=\"robots\" content=\"index, follow, max-snippet:-1, max-image-preview:large, max-video-preview:-1\" \/>\n<link rel=\"canonical\" href=\"https:\/\/ewt.al\/index.php\/test-kit-kimikate\/\" \/>\n<meta property=\"og:locale\" content=\"sq_AL\" \/>\n<meta property=\"og:type\" content=\"article\" \/>\n<meta property=\"og:title\" content=\"EWT Albania | Test Kit &amp; Kimikate p\u00ebr Analiz\u00ebn e Ujit\" \/>\n<meta property=\"og:description\" content=\"Ne ofrojme test kit dhe kimikate p\u00ebr analiz\u00ebn e ujit \u2013 kontroll t\u00eb shpejt\u00eb dhe t\u00eb sakt\u00eb t\u00eb parametrave t\u00eb ujit p\u00ebr sht\u00ebpi, industri etj...\" \/>\n<meta property=\"og:url\" content=\"https:\/\/ewt.al\/index.php\/test-kit-kimikate\/\" \/>\n<meta property=\"og:site_name\" content=\"EWT\" \/>\n<meta property=\"article:modified_time\" content=\"2025-10-07T10:03:40+00:00\" \/>\n<meta name=\"twitter:card\" content=\"summary_large_image\" \/>\n<meta name=\"twitter:label1\" content=\"Est. reading time\" \/>\n\t<meta name=\"twitter:data1\" content=\"1 minut\u00eb\" \/>\n<script type=\"application\/ld+json\" class=\"yoast-schema-graph\">{\"@context\":\"https:\/\/schema.org\",\"@graph\":[{\"@type\":\"WebPage\",\"@id\":\"https:\/\/ewt.al\/index.php\/test-kit-kimikate\/\",\"url\":\"https:\/\/ewt.al\/index.php\/test-kit-kimikate\/\",\"name\":\"EWT Albania | Test Kit & Kimikate p\u00ebr Analiz\u00ebn e Ujit\",\"isPartOf\":{\"@id\":\"https:\/\/ewt.al\/#website\"},\"datePublished\":\"2017-02-23T16:46:03+00:00\",\"dateModified\":\"2025-10-07T10:03:40+00:00\",\"description\":\"Ne ofrojme test kit dhe kimikate p\u00ebr analiz\u00ebn e ujit \u2013 kontroll t\u00eb shpejt\u00eb dhe t\u00eb sakt\u00eb t\u00eb parametrave t\u00eb ujit p\u00ebr sht\u00ebpi, industri etj...\",\"breadcrumb\":{\"@id\":\"https:\/\/ewt.al\/index.php\/test-kit-kimikate\/#breadcrumb\"},\"inLanguage\":\"sq\",\"potentialAction\":[{\"@type\":\"ReadAction\",\"target\":[\"https:\/\/ewt.al\/index.php\/test-kit-kimikate\/\"]}]},{\"@type\":\"BreadcrumbList\",\"@id\":\"https:\/\/ewt.al\/index.php\/test-kit-kimikate\/#breadcrumb\",\"itemListElement\":[{\"@type\":\"ListItem\",\"position\":1,\"name\":\"Home\",\"item\":\"https:\/\/ewt.al\/\"},{\"@type\":\"ListItem\",\"position\":2,\"name\":\"TEST KIT- KIMIKATE\"}]},{\"@type\":\"WebSite\",\"@id\":\"https:\/\/ewt.al\/#website\",\"url\":\"https:\/\/ewt.al\/\",\"name\":\"EWT\",\"description\":\"European Water Technologies\",\"potentialAction\":[{\"@type\":\"SearchAction\",\"target\":{\"@type\":\"EntryPoint\",\"urlTemplate\":\"https:\/\/ewt.al\/?s={search_term_string}\"},\"query-input\":{\"@type\":\"PropertyValueSpecification\",\"valueRequired\":true,\"valueName\":\"search_term_string\"}}],\"inLanguage\":\"sq\"}]}<\/script>\n<!-- \/ Yoast SEO plugin. -->","yoast_head_json":{"title":"EWT Albania | Test Kit & Kimikate p\u00ebr Analiz\u00ebn e Ujit","description":"Ne ofrojme test kit dhe kimikate p\u00ebr analiz\u00ebn e ujit \u2013 kontroll t\u00eb shpejt\u00eb dhe t\u00eb sakt\u00eb t\u00eb parametrave t\u00eb ujit p\u00ebr sht\u00ebpi, industri etj...","robots":{"index":"index","follow":"follow","max-snippet":"max-snippet:-1","max-image-preview":"max-image-preview:large","max-video-preview":"max-video-preview:-1"},"canonical":"https:\/\/ewt.al\/index.php\/test-kit-kimikate\/","og_locale":"sq_AL","og_type":"article","og_title":"EWT Albania | Test Kit & Kimikate p\u00ebr Analiz\u00ebn e Ujit","og_description":"Ne ofrojme test kit dhe kimikate p\u00ebr analiz\u00ebn e ujit \u2013 kontroll t\u00eb shpejt\u00eb dhe t\u00eb sakt\u00eb t\u00eb parametrave t\u00eb ujit p\u00ebr sht\u00ebpi, industri etj...","og_url":"https:\/\/ewt.al\/index.php\/test-kit-kimikate\/","og_site_name":"EWT","article_modified_time":"2025-10-07T10:03:40+00:00","twitter_card":"summary_large_image","twitter_misc":{"Est. reading time":"1 minut\u00eb"},"schema":{"@context":"https:\/\/schema.org","@graph":[{"@type":"WebPage","@id":"https:\/\/ewt.al\/index.php\/test-kit-kimikate\/","url":"https:\/\/ewt.al\/index.php\/test-kit-kimikate\/","name":"EWT Albania | Test Kit & Kimikate p\u00ebr Analiz\u00ebn e Ujit","isPartOf":{"@id":"https:\/\/ewt.al\/#website"},"datePublished":"2017-02-23T16:46:03+00:00","dateModified":"2025-10-07T10:03:40+00:00","description":"Ne ofrojme test kit dhe kimikate p\u00ebr analiz\u00ebn e ujit \u2013 kontroll t\u00eb shpejt\u00eb dhe t\u00eb sakt\u00eb t\u00eb parametrave t\u00eb ujit p\u00ebr sht\u00ebpi, industri etj...","breadcrumb":{"@id":"https:\/\/ewt.al\/index.php\/test-kit-kimikate\/#breadcrumb"},"inLanguage":"sq","potentialAction":[{"@type":"ReadAction","target":["https:\/\/ewt.al\/index.php\/test-kit-kimikate\/"]}]},{"@type":"BreadcrumbList","@id":"https:\/\/ewt.al\/index.php\/test-kit-kimikate\/#breadcrumb","itemListElement":[{"@type":"ListItem","position":1,"name":"Home","item":"https:\/\/ewt.al\/"},{"@type":"ListItem","position":2,"name":"TEST KIT- KIMIKATE"}]},{"@type":"WebSite","@id":"https:\/\/ewt.al\/#website","url":"https:\/\/ewt.al\/","name":"EWT","description":"European Water Technologies","potentialAction":[{"@type":"SearchAction","target":{"@type":"EntryPoint","urlTemplate":"https:\/\/ewt.al\/?s={search_term_string}"},"query-input":{"@type":"PropertyValueSpecification","valueRequired":true,"valueName":"search_term_string"}}],"inLanguage":"sq"}]}},"_links":{"self":[{"href":"https:\/\/ewt.al\/index.php\/wp-json\/wp\/v2\/pages\/150","targetHints":{"allow":["GET"]}}],"collection":[{"href":"https:\/\/ewt.al\/index.php\/wp-json\/wp\/v2\/pages"}],"about":[{"href":"https:\/\/ewt.al\/index.php\/wp-json\/wp\/v2\/types\/page"}],"author":[{"embeddable":true,"href":"https:\/\/ewt.al\/index.php\/wp-json\/wp\/v2\/users\/2"}],"replies":[{"embeddable":true,"href":"https:\/\/ewt.al\/index.php\/wp-json\/wp\/v2\/comments?post=150"}],"version-history":[{"count":4,"href":"https:\/\/ewt.al\/index.php\/wp-json\/wp\/v2\/pages\/150\/revisions"}],"predecessor-version":[{"id":395,"href":"https:\/\/ewt.al\/index.php\/wp-json\/wp\/v2\/pages\/150\/revisions\/395"}],"wp:attachment":[{"href":"https:\/\/ewt.al\/index.php\/wp-json\/wp\/v2\/media?parent=150"}],"curies":[{"name":"wp","href":"https:\/\/api.w.org\/{rel}","templated":true}]}}