{"id":140,"date":"2017-02-23T16:41:20","date_gmt":"2017-02-23T16:41:20","guid":{"rendered":"http:\/\/new.ewt.al\/?page_id=140"},"modified":"2025-10-07T09:56:55","modified_gmt":"2025-10-07T09:56:55","slug":"sisteme-dozimi","status":"publish","type":"page","link":"https:\/\/ewt.al\/index.php\/sisteme-dozimi\/","title":{"rendered":"SISTEME DOZIMI"},"content":{"rendered":"<div class=\"wpb-content-wrapper\"><p>[vc_row type=&#8221;vc_default&#8221; css=&#8221;.vc_custom_1487867982877{background-color: #ffffff !important;}&#8221;][vc_column width=&#8221;1\/2&#8243;][vc_single_image image=&#8221;142&#8243; img_size=&#8221;medium&#8221; onclick=&#8221;link_image&#8221;][\/vc_column][vc_column width=&#8221;1\/2&#8243;][vc_column_text]Nj\u00ebsit\u00eb e dozimit t\u00eb kimikateve p\u00ebrdoren n\u00eb shum\u00eb\u00a0industri (sisteme trajtimi uji t\u00eb pijsh\u00ebm dhe industrial,\u00a0industri ushqimore, industrit\u00eb e kozmetikes, sistemet\u00a0ngroh\u00ebs dhe ftoh\u00ebs, industrin\u00eb kimike, industrin\u00eb\u00a0e p\u00ebrpunimit t\u00eb lekur\u00ebs etj.) duke dozuar kimikate<br \/>\nt\u00eb ndrysh\u00ebm.Q\u00ebllimi kryesor i nj\u00ebsive p\u00ebr dozimin e kimikateve\u00a0n\u00eb sistemet e trajtimit t\u00eb ujit \u00ebsht\u00eb p\u00ebr t\u00eb sjell\u00eb ujin\u00a0ne nivelin e cil\u00ebsis\u00eb s\u00eb d\u00ebshiruar.[\/vc_column_text][\/vc_column][\/vc_row]<\/p>\n<\/div>","protected":false},"excerpt":{"rendered":"<p>[vc_row type=&#8221;vc_default&#8221; css=&#8221;.vc_custom_1487867982877{background-color: #ffffff !important;}&#8221;][vc_column width=&#8221;1\/2&#8243;][vc_single_image image=&#8221;142&#8243; img_size=&#8221;medium&#8221; onclick=&#8221;link_image&#8221;][\/vc_column][vc_column width=&#8221;1\/2&#8243;][vc_column_text]Nj\u00ebsit\u00eb e dozimit t\u00eb kimikateve p\u00ebrdoren n\u00eb shum\u00eb\u00a0industri (sisteme trajtimi uji t\u00eb pijsh\u00ebm dhe industrial,\u00a0industri ushqimore, industrit\u00eb e kozmetikes, sistemet\u00a0ngroh\u00ebs dhe ftoh\u00ebs, industrin\u00eb kimike, industrin\u00eb\u00a0e p\u00ebrpunimit t\u00eb lekur\u00ebs etj.) duke dozuar kimikate t\u00eb ndrysh\u00ebm.Q\u00ebllimi kryesor i nj\u00ebsive p\u00ebr dozimin e kimikateve\u00a0n\u00eb sistemet e trajtimit t\u00eb ujit&hellip;<\/p>\n","protected":false},"author":2,"featured_media":0,"parent":0,"menu_order":0,"comment_status":"closed","ping_status":"closed","template":"","meta":{"footnotes":""},"class_list":["post-140","page","type-page","status-publish","hentry","description-off"],"yoast_head":"<!-- This site is optimized with the Yoast SEO plugin v26.7 - https:\/\/yoast.com\/wordpress\/plugins\/seo\/ -->\n<title>Sisteme Dozimi p\u00ebr Trajtimin e Ujit | EWT Albania<\/title>\n<meta name=\"description\" content=\"Zbuloni sistemet profesionale t\u00eb dozimit nga EWT Albania \u2013 pajisje precize p\u00ebr shtimin automatik t\u00eb kimikateve n\u00eb proceset e trajtimit t\u00eb ujit. Cil\u00ebsi, efikasitet dhe kontroll maksimal.\" \/>\n<meta name=\"robots\" content=\"index, follow, max-snippet:-1, max-image-preview:large, max-video-preview:-1\" \/>\n<link rel=\"canonical\" href=\"https:\/\/ewt.al\/index.php\/sisteme-dozimi\/\" \/>\n<meta property=\"og:locale\" content=\"sq_AL\" \/>\n<meta property=\"og:type\" content=\"article\" \/>\n<meta property=\"og:title\" content=\"Sisteme Dozimi p\u00ebr Trajtimin e Ujit | EWT Albania\" \/>\n<meta property=\"og:description\" content=\"Zbuloni sistemet profesionale t\u00eb dozimit nga EWT Albania \u2013 pajisje precize p\u00ebr shtimin automatik t\u00eb kimikateve n\u00eb proceset e trajtimit t\u00eb ujit. Cil\u00ebsi, efikasitet dhe kontroll maksimal.\" \/>\n<meta property=\"og:url\" content=\"https:\/\/ewt.al\/index.php\/sisteme-dozimi\/\" \/>\n<meta property=\"og:site_name\" content=\"EWT\" \/>\n<meta property=\"article:modified_time\" content=\"2025-10-07T09:56:55+00:00\" \/>\n<meta name=\"twitter:card\" content=\"summary_large_image\" \/>\n<meta name=\"twitter:label1\" content=\"Est. reading time\" \/>\n\t<meta name=\"twitter:data1\" content=\"1 minut\u00eb\" \/>\n<script type=\"application\/ld+json\" class=\"yoast-schema-graph\">{\"@context\":\"https:\/\/schema.org\",\"@graph\":[{\"@type\":\"WebPage\",\"@id\":\"https:\/\/ewt.al\/index.php\/sisteme-dozimi\/\",\"url\":\"https:\/\/ewt.al\/index.php\/sisteme-dozimi\/\",\"name\":\"Sisteme Dozimi p\u00ebr Trajtimin e Ujit | EWT Albania\",\"isPartOf\":{\"@id\":\"https:\/\/ewt.al\/#website\"},\"datePublished\":\"2017-02-23T16:41:20+00:00\",\"dateModified\":\"2025-10-07T09:56:55+00:00\",\"description\":\"Zbuloni sistemet profesionale t\u00eb dozimit nga EWT Albania \u2013 pajisje precize p\u00ebr shtimin automatik t\u00eb kimikateve n\u00eb proceset e trajtimit t\u00eb ujit. Cil\u00ebsi, efikasitet dhe kontroll maksimal.\",\"breadcrumb\":{\"@id\":\"https:\/\/ewt.al\/index.php\/sisteme-dozimi\/#breadcrumb\"},\"inLanguage\":\"sq\",\"potentialAction\":[{\"@type\":\"ReadAction\",\"target\":[\"https:\/\/ewt.al\/index.php\/sisteme-dozimi\/\"]}]},{\"@type\":\"BreadcrumbList\",\"@id\":\"https:\/\/ewt.al\/index.php\/sisteme-dozimi\/#breadcrumb\",\"itemListElement\":[{\"@type\":\"ListItem\",\"position\":1,\"name\":\"Home\",\"item\":\"https:\/\/ewt.al\/\"},{\"@type\":\"ListItem\",\"position\":2,\"name\":\"SISTEME DOZIMI\"}]},{\"@type\":\"WebSite\",\"@id\":\"https:\/\/ewt.al\/#website\",\"url\":\"https:\/\/ewt.al\/\",\"name\":\"EWT\",\"description\":\"European Water Technologies\",\"potentialAction\":[{\"@type\":\"SearchAction\",\"target\":{\"@type\":\"EntryPoint\",\"urlTemplate\":\"https:\/\/ewt.al\/?s={search_term_string}\"},\"query-input\":{\"@type\":\"PropertyValueSpecification\",\"valueRequired\":true,\"valueName\":\"search_term_string\"}}],\"inLanguage\":\"sq\"}]}<\/script>\n<!-- \/ Yoast SEO plugin. -->","yoast_head_json":{"title":"Sisteme Dozimi p\u00ebr Trajtimin e Ujit | EWT Albania","description":"Zbuloni sistemet profesionale t\u00eb dozimit nga EWT Albania \u2013 pajisje precize p\u00ebr shtimin automatik t\u00eb kimikateve n\u00eb proceset e trajtimit t\u00eb ujit. Cil\u00ebsi, efikasitet dhe kontroll maksimal.","robots":{"index":"index","follow":"follow","max-snippet":"max-snippet:-1","max-image-preview":"max-image-preview:large","max-video-preview":"max-video-preview:-1"},"canonical":"https:\/\/ewt.al\/index.php\/sisteme-dozimi\/","og_locale":"sq_AL","og_type":"article","og_title":"Sisteme Dozimi p\u00ebr Trajtimin e Ujit | EWT Albania","og_description":"Zbuloni sistemet profesionale t\u00eb dozimit nga EWT Albania \u2013 pajisje precize p\u00ebr shtimin automatik t\u00eb kimikateve n\u00eb proceset e trajtimit t\u00eb ujit. Cil\u00ebsi, efikasitet dhe kontroll maksimal.","og_url":"https:\/\/ewt.al\/index.php\/sisteme-dozimi\/","og_site_name":"EWT","article_modified_time":"2025-10-07T09:56:55+00:00","twitter_card":"summary_large_image","twitter_misc":{"Est. reading time":"1 minut\u00eb"},"schema":{"@context":"https:\/\/schema.org","@graph":[{"@type":"WebPage","@id":"https:\/\/ewt.al\/index.php\/sisteme-dozimi\/","url":"https:\/\/ewt.al\/index.php\/sisteme-dozimi\/","name":"Sisteme Dozimi p\u00ebr Trajtimin e Ujit | EWT Albania","isPartOf":{"@id":"https:\/\/ewt.al\/#website"},"datePublished":"2017-02-23T16:41:20+00:00","dateModified":"2025-10-07T09:56:55+00:00","description":"Zbuloni sistemet profesionale t\u00eb dozimit nga EWT Albania \u2013 pajisje precize p\u00ebr shtimin automatik t\u00eb kimikateve n\u00eb proceset e trajtimit t\u00eb ujit. Cil\u00ebsi, efikasitet dhe kontroll maksimal.","breadcrumb":{"@id":"https:\/\/ewt.al\/index.php\/sisteme-dozimi\/#breadcrumb"},"inLanguage":"sq","potentialAction":[{"@type":"ReadAction","target":["https:\/\/ewt.al\/index.php\/sisteme-dozimi\/"]}]},{"@type":"BreadcrumbList","@id":"https:\/\/ewt.al\/index.php\/sisteme-dozimi\/#breadcrumb","itemListElement":[{"@type":"ListItem","position":1,"name":"Home","item":"https:\/\/ewt.al\/"},{"@type":"ListItem","position":2,"name":"SISTEME DOZIMI"}]},{"@type":"WebSite","@id":"https:\/\/ewt.al\/#website","url":"https:\/\/ewt.al\/","name":"EWT","description":"European Water Technologies","potentialAction":[{"@type":"SearchAction","target":{"@type":"EntryPoint","urlTemplate":"https:\/\/ewt.al\/?s={search_term_string}"},"query-input":{"@type":"PropertyValueSpecification","valueRequired":true,"valueName":"search_term_string"}}],"inLanguage":"sq"}]}},"_links":{"self":[{"href":"https:\/\/ewt.al\/index.php\/wp-json\/wp\/v2\/pages\/140","targetHints":{"allow":["GET"]}}],"collection":[{"href":"https:\/\/ewt.al\/index.php\/wp-json\/wp\/v2\/pages"}],"about":[{"href":"https:\/\/ewt.al\/index.php\/wp-json\/wp\/v2\/types\/page"}],"author":[{"embeddable":true,"href":"https:\/\/ewt.al\/index.php\/wp-json\/wp\/v2\/users\/2"}],"replies":[{"embeddable":true,"href":"https:\/\/ewt.al\/index.php\/wp-json\/wp\/v2\/comments?post=140"}],"version-history":[{"count":3,"href":"https:\/\/ewt.al\/index.php\/wp-json\/wp\/v2\/pages\/140\/revisions"}],"predecessor-version":[{"id":145,"href":"https:\/\/ewt.al\/index.php\/wp-json\/wp\/v2\/pages\/140\/revisions\/145"}],"wp:attachment":[{"href":"https:\/\/ewt.al\/index.php\/wp-json\/wp\/v2\/media?parent=140"}],"curies":[{"name":"wp","href":"https:\/\/api.w.org\/{rel}","templated":true}]}}